{"id":780589,"date":"2026-01-20T03:22:59","date_gmt":"2026-01-20T00:22:59","guid":{"rendered":"https:\/\/roveyayinevi.com.tr\/index.php\/urun\/hava-durumu-hikayeli-ilk-kavramlarim\/"},"modified":"2026-04-16T02:52:13","modified_gmt":"2026-04-15T23:52:13","slug":"hava-durumu-hikayeli-ilk-kavramlarim","status":"publish","type":"product","link":"https:\/\/roveyayinevi.com.tr\/index.php\/urun\/hava-durumu-hikayeli-ilk-kavramlarim\/","title":{"rendered":"Hava Durumu -Hikayeli \u0130lk Kavramlar\u0131m"},"content":{"rendered":"<p>Hava durumu sana nas\u0131l hissettirir?G\u00fcne\u015fli bir g\u00fcnde denizi \u00f6zlemek.Parmaklar aras\u0131ndan ge\u00e7en r\u00fczgar\u0131 hissetmek.Kar tanelerinin dans\u0131yla ne\u015felenmek.\u0130\u015fte bunlar hava olaylar\u0131!<\/p>\n","protected":false},"excerpt":{"rendered":"<p>Hava durumu sana nas\u0131l hissettirir?G\u00fcne\u015fli bir g\u00fcnde denizi \u00f6zlemek.Parmaklar aras\u0131ndan ge\u00e7en r\u00fczgar\u0131 hissetmek.Kar tanelerinin dans\u0131yla ne\u015felenmek.\u0130\u015fte bunlar hava olaylar\u0131!<\/p>\n","protected":false},"featured_media":0,"template":"","meta":{"_monsterinsights_skip_tracking":false,"_monsterinsights_sitenote_active":false,"_monsterinsights_sitenote_note":"","_monsterinsights_sitenote_category":0},"product_brand":[],"product_cat":[12274,15842],"product_tag":[],"class_list":{"0":"post-780589","1":"product","2":"type-product","3":"status-publish","5":"product_cat-cocuk-ve-genclik-kitaplari","6":"product_cat-egitici-kitaplar","7":"pa_cilt-ciltsiz","8":"pa_tur-kitap","9":"pa_yayinevi-sincap-kitap","10":"pa_yazar-m-sacide-kafali","12":"first","13":"instock","14":"sale","15":"shipping-taxable","16":"purchasable","17":"product-type-simple"},"_links":{"self":[{"href":"https:\/\/roveyayinevi.com.tr\/index.php\/wp-json\/wp\/v2\/product\/780589","targetHints":{"allow":["GET"]}}],"collection":[{"href":"https:\/\/roveyayinevi.com.tr\/index.php\/wp-json\/wp\/v2\/product"}],"about":[{"href":"https:\/\/roveyayinevi.com.tr\/index.php\/wp-json\/wp\/v2\/types\/product"}],"wp:attachment":[{"href":"https:\/\/roveyayinevi.com.tr\/index.php\/wp-json\/wp\/v2\/media?parent=780589"}],"wp:term":[{"taxonomy":"product_brand","embeddable":true,"href":"https:\/\/roveyayinevi.com.tr\/index.php\/wp-json\/wp\/v2\/product_brand?post=780589"},{"taxonomy":"product_cat","embeddable":true,"href":"https:\/\/roveyayinevi.com.tr\/index.php\/wp-json\/wp\/v2\/product_cat?post=780589"},{"taxonomy":"product_tag","embeddable":true,"href":"https:\/\/roveyayinevi.com.tr\/index.php\/wp-json\/wp\/v2\/product_tag?post=780589"}],"curies":[{"name":"wp","href":"https:\/\/api.w.org\/{rel}","templated":true}]}}