{"id":780588,"date":"2026-01-20T03:22:57","date_gmt":"2026-01-20T00:22:57","guid":{"rendered":"https:\/\/roveyayinevi.com.tr\/index.php\/urun\/sayilar-hikayeli-ilk-kavramlarim\/"},"modified":"2026-04-16T02:52:13","modified_gmt":"2026-04-15T23:52:13","slug":"sayilar-hikayeli-ilk-kavramlarim","status":"publish","type":"product","link":"https:\/\/roveyayinevi.com.tr\/index.php\/urun\/sayilar-hikayeli-ilk-kavramlarim\/","title":{"rendered":"Say\u0131lar -Hikayeli \u0130lk Kavramlar\u0131m"},"content":{"rendered":"<p>Say\u0131lar saymak i\u00e7in mi sadece?Hay\u0131r, g\u00fcnl\u00fck hayat\u0131n i\u00e7inde hep bizimle!\u0130\u015fte okyanusta tatl\u0131 bir gezi,i\u00e7inde say\u0131lar gizli.Bu kitab\u0131 okuyanlar, \u201cBug\u00fcn ne g\u00fczel bir g\u00fcnd\u00fc.\u201d dedi.<\/p>\n","protected":false},"excerpt":{"rendered":"<p>Say\u0131lar saymak i\u00e7in mi sadece?Hay\u0131r, g\u00fcnl\u00fck hayat\u0131n i\u00e7inde hep bizimle!\u0130\u015fte okyanusta tatl\u0131 bir gezi,i\u00e7inde say\u0131lar gizli.Bu kitab\u0131 okuyanlar, \u201cBug\u00fcn ne g\u00fczel bir g\u00fcnd\u00fc.\u201d dedi.<\/p>\n","protected":false},"featured_media":0,"template":"","meta":{"_monsterinsights_skip_tracking":false,"_monsterinsights_sitenote_active":false,"_monsterinsights_sitenote_note":"","_monsterinsights_sitenote_category":0},"product_brand":[],"product_cat":[12274,15842],"product_tag":[],"class_list":{"0":"post-780588","1":"product","2":"type-product","3":"status-publish","5":"product_cat-cocuk-ve-genclik-kitaplari","6":"product_cat-egitici-kitaplar","7":"pa_cilt-ciltsiz","8":"pa_tur-kitap","9":"pa_yayinevi-sincap-kitap","10":"pa_yazar-m-sacide-kafali","12":"first","13":"instock","14":"sale","15":"shipping-taxable","16":"purchasable","17":"product-type-simple"},"_links":{"self":[{"href":"https:\/\/roveyayinevi.com.tr\/index.php\/wp-json\/wp\/v2\/product\/780588","targetHints":{"allow":["GET"]}}],"collection":[{"href":"https:\/\/roveyayinevi.com.tr\/index.php\/wp-json\/wp\/v2\/product"}],"about":[{"href":"https:\/\/roveyayinevi.com.tr\/index.php\/wp-json\/wp\/v2\/types\/product"}],"wp:attachment":[{"href":"https:\/\/roveyayinevi.com.tr\/index.php\/wp-json\/wp\/v2\/media?parent=780588"}],"wp:term":[{"taxonomy":"product_brand","embeddable":true,"href":"https:\/\/roveyayinevi.com.tr\/index.php\/wp-json\/wp\/v2\/product_brand?post=780588"},{"taxonomy":"product_cat","embeddable":true,"href":"https:\/\/roveyayinevi.com.tr\/index.php\/wp-json\/wp\/v2\/product_cat?post=780588"},{"taxonomy":"product_tag","embeddable":true,"href":"https:\/\/roveyayinevi.com.tr\/index.php\/wp-json\/wp\/v2\/product_tag?post=780588"}],"curies":[{"name":"wp","href":"https:\/\/api.w.org\/{rel}","templated":true}]}}