{"id":780586,"date":"2026-01-20T03:22:51","date_gmt":"2026-01-20T00:22:51","guid":{"rendered":"https:\/\/roveyayinevi.com.tr\/index.php\/urun\/kendimi-kaybettigim-yerde-buldum\/"},"modified":"2026-02-03T03:06:56","modified_gmt":"2026-02-03T00:06:56","slug":"kendimi-kaybettigim-yerde-buldum","status":"publish","type":"product","link":"https:\/\/roveyayinevi.com.tr\/index.php\/urun\/kendimi-kaybettigim-yerde-buldum\/","title":{"rendered":"Kendimi Kaybetti\u011fim Yerde Buldum"},"content":{"rendered":"<p>Kendimi Kaybetti\u011fim Yerde Buldum Kitap A\u00e7\u0131klamas\u0131\u201cHayat, f\u0131rt\u0131nan\u0131n dinmesini bekleyerek de\u011fil; ya\u011fmurun alt\u0131nda dans etmeyi \u00f6\u011frenerek ya\u015fan\u0131r.\u201d -Seneca  Emma yolunu kaybetmi\u015ftir\u2026 Son alt\u0131 y\u0131ld\u0131r b\u00f6lgesel bir radyoda hem muhabirlik hem de fedak\u00e2rca \u00fcstlendi\u011fi fazladan sorumluluklarla doldurdu\u011fu hayat\u0131 art\u0131k ona anlams\u0131z gelir. Eskiden onu co\u015fturan k\u0131v\u0131lc\u0131m\u0131 yitirmi\u015f, hayattan ne istedi\u011fini bilemez olmu\u015ftur. \u00dcst\u00fcne \u00fcstl\u00fck patronundan bunca eme\u011fin kar\u015f\u0131l\u0131\u011f\u0131n\u0131 da g\u00f6remeyince i\u00e7indeki bo\u015fluk her ge\u00e7en g\u00fcn daha da b\u00fcy\u00fcr. Ta ki ba\u015far\u0131l\u0131 ve karizmatik yazar Julien Vascos ile yapt\u0131\u011f\u0131 s\u0131ra d\u0131\u015f\u0131 kitab\u0131 hakk\u0131ndaki r\u00f6portaja kadar. \u201cKitab\u0131n\u0131z\u0131n ismi belli mi?\u201d\u201c\u2018Kendini Bulma Yolculu\u011fu\u2019\u201d\u201cKendini bulmaktan kast\u0131n\u0131z nedir?\u201d\u201cArt\u0131k ka\u00e7may\u0131 bir kenara b\u0131rak\u0131p nihayet ya\u015famaya ba\u015flamak i\u00e7in insan\u0131n kendisini tan\u0131mas\u0131. Otuz y\u0131l boyunca benim yerime bir ba\u015fkas\u0131 ya\u015f\u0131yormu\u015f gibi kendi hayat\u0131ma seyirci kald\u0131m. Bug\u00fcnse art\u0131k nerede olursam olay\u0131m ger\u00e7ekten hayat dolu ve \u00f6zg\u00fcr hissediyorum.\u201d Emma arzulad\u0131klar\u0131na, de\u011ferlerine, beklentilerine, ailesine ve ge\u00e7mi\u015fte ya\u015fad\u0131\u011f\u0131 ili\u015fkilerine kafa yoraca\u011f\u0131 yolculu\u011funa i\u015fte b\u00f6yle ba\u015flar. Se\u00e7imlerinde ger\u00e7ekten \u00f6zg\u00fcr m\u00fcd\u00fcr? En derin inan\u00e7lar\u0131n\u0131n beynine nas\u0131l kal\u0131c\u0131 bir \u015fekilde k\u00f6k sald\u0131\u011f\u0131n\u0131 fark edebilecek midir? Uzun zamand\u0131r onu esir alm\u0131\u015f olan, ba\u015fkalar\u0131n\u0131 memnun etme gayretinden nas\u0131l kurtulacakt\u0131r? Peki siz, Emma\u2019yla kendi yolculu\u011funuza \u00e7\u0131kmak ister misiniz? \u201cGer\u00e7ekten hayat\u0131n\u0131z\u0131 de\u011fi\u015ftirmek istiyorsan\u0131z okuman\u0131z gereken bir kitap. Cesaretimiz oldu\u011fu s\u00fcrece her \u015feyin m\u00fcmk\u00fcn oldu\u011funu bize g\u00f6steren motive edici bir hik\u00e2ye.\u201d -Douceur de Lire<\/p>\n","protected":false},"excerpt":{"rendered":"<p>Kendimi Kaybetti\u011fim Yerde Buldum Kitap A\u00e7\u0131klamas\u0131\u201cHayat, f\u0131rt\u0131nan\u0131n dinmesini bekleyerek de\u011fil; ya\u011fmurun alt\u0131nda dans etmeyi \u00f6\u011frenerek ya\u015fan\u0131r.\u201d -Seneca Emma yolunu kaybetmi\u015ftir\u2026 Son alt\u0131 y\u0131ld\u0131r b\u00f6lgesel bir radyoda<span class=\"excerpt-hellip\"> [\u2026]<\/span><\/p>\n","protected":false},"featured_media":0,"template":"","meta":{"_monsterinsights_skip_tracking":false,"_monsterinsights_sitenote_active":false,"_monsterinsights_sitenote_note":"","_monsterinsights_sitenote_category":0},"product_brand":[],"product_cat":[12291,12711],"product_tag":[],"class_list":{"0":"post-780586","1":"product","2":"type-product","3":"status-publish","5":"product_cat-edebiyat","6":"product_cat-roman-oyku","7":"pa_cilt-ciltsiz","8":"pa_tur-kitap","9":"pa_yayinevi-yan-pasaj-yayinevi","10":"pa_yazar-veronique-maciejak","12":"first","13":"instock","14":"sale","15":"shipping-taxable","16":"purchasable","17":"product-type-simple"},"_links":{"self":[{"href":"https:\/\/roveyayinevi.com.tr\/index.php\/wp-json\/wp\/v2\/product\/780586","targetHints":{"allow":["GET"]}}],"collection":[{"href":"https:\/\/roveyayinevi.com.tr\/index.php\/wp-json\/wp\/v2\/product"}],"about":[{"href":"https:\/\/roveyayinevi.com.tr\/index.php\/wp-json\/wp\/v2\/types\/product"}],"wp:attachment":[{"href":"https:\/\/roveyayinevi.com.tr\/index.php\/wp-json\/wp\/v2\/media?parent=780586"}],"wp:term":[{"taxonomy":"product_brand","embeddable":true,"href":"https:\/\/roveyayinevi.com.tr\/index.php\/wp-json\/wp\/v2\/product_brand?post=780586"},{"taxonomy":"product_cat","embeddable":true,"href":"https:\/\/roveyayinevi.com.tr\/index.php\/wp-json\/wp\/v2\/product_cat?post=780586"},{"taxonomy":"product_tag","embeddable":true,"href":"https:\/\/roveyayinevi.com.tr\/index.php\/wp-json\/wp\/v2\/product_tag?post=780586"}],"curies":[{"name":"wp","href":"https:\/\/api.w.org\/{rel}","templated":true}]}}