{"id":780582,"date":"2026-01-20T03:17:08","date_gmt":"2026-01-20T00:17:08","guid":{"rendered":"https:\/\/roveyayinevi.com.tr\/index.php\/urun\/bebek-universitesi-renkler\/"},"modified":"2026-04-16T02:47:32","modified_gmt":"2026-04-15T23:47:32","slug":"bebek-universitesi-renkler","status":"publish","type":"product","link":"https:\/\/roveyayinevi.com.tr\/index.php\/urun\/bebek-universitesi-renkler\/","title":{"rendered":"Bebek \u00dcniversitesi &#8211; Renkler"},"content":{"rendered":"<p>Bebek \u00dciversitesiBilimin En Kolay HaliHikayeli \u0130lk Kavramlar\u0130lk kavramlar\u0131 tatl\u0131 hikayelerle ke\u015ffetme zaman\u0131!B\u00fcy\u00fck-k\u00fc\u00e7\u00fck kavramlar\u0131 i\u00e7in mini mini bir bebek masal\u0131!Bir \u00e7ocu\u011fun &#8220;Nas\u0131ls\u0131n?&#8221; sorusuyla ba\u015flayan, d\u00fcnyay\u0131 dola\u015fan bir ileti\u015fim hikayesi!Bebe\u011finizin dokunarak ke\u015ffedece\u011fi ilk \u015fekiller bir arada!Renklerin en tatl\u0131 hali, tatl\u0131 bir hikayede sakl\u0131 \u015fimdi!<\/p>\n","protected":false},"excerpt":{"rendered":"<p>Bebek \u00dciversitesiBilimin En Kolay HaliHikayeli \u0130lk Kavramlar\u0130lk kavramlar\u0131 tatl\u0131 hikayelerle ke\u015ffetme zaman\u0131!B\u00fcy\u00fck-k\u00fc\u00e7\u00fck kavramlar\u0131 i\u00e7in mini mini bir bebek masal\u0131!Bir \u00e7ocu\u011fun &#8220;Nas\u0131ls\u0131n?&#8221; sorusuyla ba\u015flayan, d\u00fcnyay\u0131 dola\u015fan bir<span class=\"excerpt-hellip\"> [\u2026]<\/span><\/p>\n","protected":false},"featured_media":0,"template":"","meta":{"_monsterinsights_skip_tracking":false,"_monsterinsights_sitenote_active":false,"_monsterinsights_sitenote_note":"","_monsterinsights_sitenote_category":0},"product_brand":[],"product_cat":[15192,12274],"product_tag":[],"class_list":{"0":"post-780582","1":"product","2":"type-product","3":"status-publish","5":"product_cat-1-3-yas-kitaplari","6":"product_cat-cocuk-ve-genclik-kitaplari","7":"pa_cilt-ciltsiz","8":"pa_tur-kitap","9":"pa_yayinevi-sincap-kitap","10":"pa_yazar-cagri-odabasi","12":"first","13":"instock","14":"sale","15":"shipping-taxable","16":"purchasable","17":"product-type-simple"},"_links":{"self":[{"href":"https:\/\/roveyayinevi.com.tr\/index.php\/wp-json\/wp\/v2\/product\/780582","targetHints":{"allow":["GET"]}}],"collection":[{"href":"https:\/\/roveyayinevi.com.tr\/index.php\/wp-json\/wp\/v2\/product"}],"about":[{"href":"https:\/\/roveyayinevi.com.tr\/index.php\/wp-json\/wp\/v2\/types\/product"}],"wp:attachment":[{"href":"https:\/\/roveyayinevi.com.tr\/index.php\/wp-json\/wp\/v2\/media?parent=780582"}],"wp:term":[{"taxonomy":"product_brand","embeddable":true,"href":"https:\/\/roveyayinevi.com.tr\/index.php\/wp-json\/wp\/v2\/product_brand?post=780582"},{"taxonomy":"product_cat","embeddable":true,"href":"https:\/\/roveyayinevi.com.tr\/index.php\/wp-json\/wp\/v2\/product_cat?post=780582"},{"taxonomy":"product_tag","embeddable":true,"href":"https:\/\/roveyayinevi.com.tr\/index.php\/wp-json\/wp\/v2\/product_tag?post=780582"}],"curies":[{"name":"wp","href":"https:\/\/api.w.org\/{rel}","templated":true}]}}