{"id":780580,"date":"2026-01-20T03:16:55","date_gmt":"2026-01-20T00:16:55","guid":{"rendered":"https:\/\/roveyayinevi.com.tr\/index.php\/urun\/okullarda-ruh-sagligi\/"},"modified":"2026-04-16T02:46:46","modified_gmt":"2026-04-15T23:46:46","slug":"okullarda-ruh-sagligi","status":"publish","type":"product","link":"https:\/\/roveyayinevi.com.tr\/index.php\/urun\/okullarda-ruh-sagligi\/","title":{"rendered":"Okullarda Ruh Sa\u011fl\u0131\u011f\u0131"},"content":{"rendered":"<p>Bu kitap, okullarda sunulan ruh sa\u011fl\u0131\u011f\u0131 hizmetlerine y\u00f6nelik rehber niteli\u011finde destekleyici bir kaynakt\u0131r. Pandemi d\u00f6nemi ve sonras\u0131 okullarda ruh sa\u011fl\u0131\u011f\u0131 hizmetlerine duyulan ihtiya\u00e7lar dikkate al\u0131nd\u0131\u011f\u0131nda sunulan hizmetin kapsam\u0131 ve niteli\u011fi daha da \u00f6ne \u00e7\u0131kmaktad\u0131r. Bu ihtiya\u00e7 da g\u00f6z \u00f6n\u00fcnde bulundurularak okullarda ruh sa\u011fl\u0131\u011f\u0131n\u0131 etkileyen fakt\u00f6rler ve sorumluluklara, okullarda sunulan ruh sa\u011fl\u0131\u011f\u0131 yakla\u015f\u0131mlar\u0131na, okullarda \u00e7ocuk ve ergenlerle psikolojik dan\u0131\u015fmaya, okul \u00f6ncesi, ilkokul, ortaokul, lise, y\u00fcksek\u00f6\u011fretim d\u00f6nemlerinde ruh sa\u011fl\u0131\u011f\u0131 hizmetlerine, \u00f6zel e\u011fitime ihtiya\u00e7 duyan ve dezavantajl\u0131 bireylerde ruh sa\u011fl\u0131\u011f\u0131 hizmetine, okul ve aile ikliminde riskli durumlara ve kriz durumlar\u0131nda ruh sa\u011fl\u0131\u011f\u0131 hizmetine, okullarda k\u00fclt\u00fcre duyarl\u0131 ruh sa\u011fl\u0131\u011f\u0131 hizmetine, pandemi ve sonras\u0131 okullarda ruh sa\u011fl\u0131\u011f\u0131 hizmetine, okullarda sunulan ruh sa\u011fl\u0131\u011f\u0131 hizmeti ba\u011flam\u0131nda etik ve hukuk konular\u0131na yer verilmi\u015ftir. Her bir b\u00f6l\u00fcmde b\u00f6l\u00fcm\u00fcn do\u011fas\u0131na da ba\u011fl\u0131 olarak \u00f6\u011frenme hedeflerine, yer yer vaka \u00f6rneklerine, geli\u015fim d\u00f6nemi bilgilerine, \u00f6\u011frenme s\u00fcrecini aktif k\u0131labilecek payla\u015f\u0131mlara yer verilmi\u015ftir. Okullarda \u00e7al\u0131\u015fan meslek profesyonellerine, okullarda \u00e7al\u0131\u015fmay\u0131 hedefleyen ruh sa\u011fl\u0131\u011f\u0131 hizmeti sunmaya aday bireylere ve ruh sa\u011fl\u0131\u011f\u0131na ilgi duyan t\u00fcm bireylere temel bir ba\u015fvuru kayna\u011f\u0131 olu\u015fturmas\u0131 dile\u011fiyle.<\/p>\n","protected":false},"excerpt":{"rendered":"<p>Bu kitap, okullarda sunulan ruh sa\u011fl\u0131\u011f\u0131 hizmetlerine y\u00f6nelik rehber niteli\u011finde destekleyici bir kaynakt\u0131r. Pandemi d\u00f6nemi ve sonras\u0131 okullarda ruh sa\u011fl\u0131\u011f\u0131 hizmetlerine duyulan ihtiya\u00e7lar dikkate al\u0131nd\u0131\u011f\u0131nda sunulan<span class=\"excerpt-hellip\"> [\u2026]<\/span><\/p>\n","protected":false},"featured_media":0,"template":"","meta":{"_monsterinsights_skip_tracking":false,"_monsterinsights_sitenote_active":false,"_monsterinsights_sitenote_note":"","_monsterinsights_sitenote_category":0},"product_brand":[],"product_cat":[12573,12566],"product_tag":[],"class_list":{"0":"post-780580","1":"product","2":"type-product","3":"status-publish","5":"product_cat-akademik-kitaplar","6":"product_cat-egitim","7":"pa_cilt-ciltsiz","8":"pa_tur-kitap","9":"pa_yayinevi-nobel-akademik-yayincilik","10":"pa_yazar-nobel-akademik-yayincilik-kolektif","12":"first","13":"instock","14":"sale","15":"shipping-taxable","16":"purchasable","17":"product-type-simple"},"_links":{"self":[{"href":"https:\/\/roveyayinevi.com.tr\/index.php\/wp-json\/wp\/v2\/product\/780580","targetHints":{"allow":["GET"]}}],"collection":[{"href":"https:\/\/roveyayinevi.com.tr\/index.php\/wp-json\/wp\/v2\/product"}],"about":[{"href":"https:\/\/roveyayinevi.com.tr\/index.php\/wp-json\/wp\/v2\/types\/product"}],"wp:attachment":[{"href":"https:\/\/roveyayinevi.com.tr\/index.php\/wp-json\/wp\/v2\/media?parent=780580"}],"wp:term":[{"taxonomy":"product_brand","embeddable":true,"href":"https:\/\/roveyayinevi.com.tr\/index.php\/wp-json\/wp\/v2\/product_brand?post=780580"},{"taxonomy":"product_cat","embeddable":true,"href":"https:\/\/roveyayinevi.com.tr\/index.php\/wp-json\/wp\/v2\/product_cat?post=780580"},{"taxonomy":"product_tag","embeddable":true,"href":"https:\/\/roveyayinevi.com.tr\/index.php\/wp-json\/wp\/v2\/product_tag?post=780580"}],"curies":[{"name":"wp","href":"https:\/\/api.w.org\/{rel}","templated":true}]}}