{"id":780579,"date":"2026-01-20T03:16:51","date_gmt":"2026-01-20T00:16:51","guid":{"rendered":"https:\/\/roveyayinevi.com.tr\/index.php\/urun\/bebek-universitesi-set-4-kitap\/"},"modified":"2026-04-16T02:46:43","modified_gmt":"2026-04-15T23:46:43","slug":"bebek-universitesi-set-4-kitap","status":"publish","type":"product","link":"https:\/\/roveyayinevi.com.tr\/index.php\/urun\/bebek-universitesi-set-4-kitap\/","title":{"rendered":"Bebek \u00dcniversitesi Set (4 Kitap)"},"content":{"rendered":"<p>BEBEK \u00dcN\u0130VERS\u0130TES\u0130- Hik\u00e2yeli \u0130lk Kavramlar\u0131m \u0130lk kavramlar\u0131 tatl\u0131 hik\u00e2yelerle ke\u015ffetme zaman\u0131! K\u00fc\u00e7\u00fck-B\u00fcy\u00fck kavramlar\u0131 i\u00e7in mini mini bir bebek masal\u0131!Bir \u00e7ocu\u011fun \u201cNas\u0131ls\u0131n? \u201csorusuyla ba\u015flay\u0131p d\u00fcnyay\u0131 dola\u015fan bir ileti\u015fim hik\u00e2yesi!Bebe\u011finizin dokunarak ke\u015ffedece\u011fi ilk \u015fekiller, \u015fa\u015f\u0131rt\u0131c\u0131 bir masalda bir arada!Renklerin en tatl\u0131 hali, tatl\u0131 bir hik\u00e2yede sakl\u0131 \u015fimdi! Bebe\u011finiz hayat\u0131 ke\u015ffetmek i\u00e7in sab\u0131rs\u0131z.En iyi ke\u015fif arac\u0131 kitaplar, minik ka\u015fiflere e\u015flik etmek i\u00e7in haz\u0131r!<\/p>\n","protected":false},"excerpt":{"rendered":"<p>BEBEK \u00dcN\u0130VERS\u0130TES\u0130- Hik\u00e2yeli \u0130lk Kavramlar\u0131m \u0130lk kavramlar\u0131 tatl\u0131 hik\u00e2yelerle ke\u015ffetme zaman\u0131! K\u00fc\u00e7\u00fck-B\u00fcy\u00fck kavramlar\u0131 i\u00e7in mini mini bir bebek masal\u0131!Bir \u00e7ocu\u011fun \u201cNas\u0131ls\u0131n? \u201csorusuyla ba\u015flay\u0131p d\u00fcnyay\u0131 dola\u015fan bir<span class=\"excerpt-hellip\"> [\u2026]<\/span><\/p>\n","protected":false},"featured_media":0,"template":"","meta":{"_monsterinsights_skip_tracking":false,"_monsterinsights_sitenote_active":false,"_monsterinsights_sitenote_note":"","_monsterinsights_sitenote_category":0},"product_brand":[],"product_cat":[12274,12518],"product_tag":[],"class_list":{"0":"post-780579","1":"product","2":"type-product","3":"status-publish","5":"product_cat-cocuk-ve-genclik-kitaplari","6":"product_cat-okul-oncesi-kitaplar","7":"pa_cilt-set","8":"pa_tur-kitap","9":"pa_yayinevi-sincap-kitap","10":"pa_yazar-cagri-odabasi","12":"first","13":"instock","14":"sale","15":"shipping-taxable","16":"purchasable","17":"product-type-simple"},"_links":{"self":[{"href":"https:\/\/roveyayinevi.com.tr\/index.php\/wp-json\/wp\/v2\/product\/780579","targetHints":{"allow":["GET"]}}],"collection":[{"href":"https:\/\/roveyayinevi.com.tr\/index.php\/wp-json\/wp\/v2\/product"}],"about":[{"href":"https:\/\/roveyayinevi.com.tr\/index.php\/wp-json\/wp\/v2\/types\/product"}],"wp:attachment":[{"href":"https:\/\/roveyayinevi.com.tr\/index.php\/wp-json\/wp\/v2\/media?parent=780579"}],"wp:term":[{"taxonomy":"product_brand","embeddable":true,"href":"https:\/\/roveyayinevi.com.tr\/index.php\/wp-json\/wp\/v2\/product_brand?post=780579"},{"taxonomy":"product_cat","embeddable":true,"href":"https:\/\/roveyayinevi.com.tr\/index.php\/wp-json\/wp\/v2\/product_cat?post=780579"},{"taxonomy":"product_tag","embeddable":true,"href":"https:\/\/roveyayinevi.com.tr\/index.php\/wp-json\/wp\/v2\/product_tag?post=780579"}],"curies":[{"name":"wp","href":"https:\/\/api.w.org\/{rel}","templated":true}]}}