{"id":780573,"date":"2026-01-20T03:13:07","date_gmt":"2026-01-20T00:13:07","guid":{"rendered":"https:\/\/roveyayinevi.com.tr\/index.php\/urun\/oburcuk-kitap-canavari\/"},"modified":"2026-04-16T02:43:38","modified_gmt":"2026-04-15T23:43:38","slug":"oburcuk-kitap-canavari","status":"publish","type":"product","link":"https:\/\/roveyayinevi.com.tr\/index.php\/urun\/oburcuk-kitap-canavari\/","title":{"rendered":"Oburcuk Kitap Canavar\u0131"},"content":{"rendered":"<p>Emma Yarlett&#8217;in en sevilen, be\u015f k\u0131tada 1,5 milyondan fazla satan, bir\u00e7ok \u00f6d\u00fcl alan Nibbles serisi, Oburcuk ismiyle \u015fimdi T\u00fcrk\u00e7e. Kitap i\u00e7inde kitaplarla, \u015fa\u015f\u0131rt\u0131c\u0131, delikli, e\u011flenceli, bamba\u015fka bir okuma ser\u00fcveni! Oburlukta \u00fcst\u00fcne olmayan Oburcuk&#8217;un kitap a\u015fk\u0131, bak\u0131n ba\u015f\u0131na ne i\u015fler a\u00e7t\u0131! OBURCUK, sayfalar\u0131 kemire kemire kendi hikayesinden \u00e7\u0131k\u0131p &#8220;K\u0131rm\u0131z\u0131 Ba\u015fl\u0131kl\u0131 K\u0131z, Alt\u0131n Sa\u00e7l\u0131 K\u0131z ve \u00dc\u00e7 Ay\u0131, Jack ve Fas\u00fclye S\u0131r\u0131\u011f\u0131&#8221; masallar\u0131na ka\u00e7t\u0131! Ak\u0131l almaz bir macera ba\u015flad\u0131, bu masallar art\u0131k \u00e7ok farkl\u0131! Bu kitab\u0131n i\u00e7inde bir de okuyucular i\u00e7in harika bir okuma listesi sakl\u0131! Ara, Bul ve Oku! Daha fazla masal de\u011fi\u015fmeden yakala Oburcuk&#8217;u.<\/p>\n","protected":false},"excerpt":{"rendered":"<p>Emma Yarlett&#8217;in en sevilen, be\u015f k\u0131tada 1,5 milyondan fazla satan, bir\u00e7ok \u00f6d\u00fcl alan Nibbles serisi, Oburcuk ismiyle \u015fimdi T\u00fcrk\u00e7e. Kitap i\u00e7inde kitaplarla, \u015fa\u015f\u0131rt\u0131c\u0131, delikli, e\u011flenceli, bamba\u015fka<span class=\"excerpt-hellip\"> [\u2026]<\/span><\/p>\n","protected":false},"featured_media":0,"template":"","meta":{"_monsterinsights_skip_tracking":false,"_monsterinsights_sitenote_active":false,"_monsterinsights_sitenote_note":"","_monsterinsights_sitenote_category":0},"product_brand":[],"product_cat":[12274,12518],"product_tag":[],"class_list":{"0":"post-780573","1":"product","2":"type-product","3":"status-publish","5":"product_cat-cocuk-ve-genclik-kitaplari","6":"product_cat-okul-oncesi-kitaplar","7":"pa_cilt-ciltsiz","8":"pa_tur-kitap","9":"pa_yayinevi-sincap-kitap","10":"pa_yazar-emma-yarlett","12":"first","13":"instock","14":"sale","15":"shipping-taxable","16":"purchasable","17":"product-type-simple"},"_links":{"self":[{"href":"https:\/\/roveyayinevi.com.tr\/index.php\/wp-json\/wp\/v2\/product\/780573","targetHints":{"allow":["GET"]}}],"collection":[{"href":"https:\/\/roveyayinevi.com.tr\/index.php\/wp-json\/wp\/v2\/product"}],"about":[{"href":"https:\/\/roveyayinevi.com.tr\/index.php\/wp-json\/wp\/v2\/types\/product"}],"wp:attachment":[{"href":"https:\/\/roveyayinevi.com.tr\/index.php\/wp-json\/wp\/v2\/media?parent=780573"}],"wp:term":[{"taxonomy":"product_brand","embeddable":true,"href":"https:\/\/roveyayinevi.com.tr\/index.php\/wp-json\/wp\/v2\/product_brand?post=780573"},{"taxonomy":"product_cat","embeddable":true,"href":"https:\/\/roveyayinevi.com.tr\/index.php\/wp-json\/wp\/v2\/product_cat?post=780573"},{"taxonomy":"product_tag","embeddable":true,"href":"https:\/\/roveyayinevi.com.tr\/index.php\/wp-json\/wp\/v2\/product_tag?post=780573"}],"curies":[{"name":"wp","href":"https:\/\/api.w.org\/{rel}","templated":true}]}}