{"id":780571,"date":"2026-01-20T03:12:00","date_gmt":"2026-01-20T00:12:00","guid":{"rendered":"https:\/\/roveyayinevi.com.tr\/index.php\/urun\/bul-beni-okyanusda-saklambac\/"},"modified":"2026-04-16T02:42:09","modified_gmt":"2026-04-15T23:42:09","slug":"bul-beni-okyanusda-saklambac","status":"publish","type":"product","link":"https:\/\/roveyayinevi.com.tr\/index.php\/urun\/bul-beni-okyanusda-saklambac\/","title":{"rendered":"Bul Beni Okyanusda Saklamba\u00e7"},"content":{"rendered":"<p>Renkli \u00e7izgileri ile aslan bal\u0131\u011f\u0131 okyanusta arkada\u015flar\u0131n\u0131 ar\u0131yor, e\u011flenceli bir saklamba\u00e7 oyunu ba\u015fl\u0131yor. Kim,nerede saklan\u0131yor bulabilecek misin? Her sayfada var bir ebe; a\u00e7-bak-sobele!<\/p>\n","protected":false},"excerpt":{"rendered":"<p>Renkli \u00e7izgileri ile aslan bal\u0131\u011f\u0131 okyanusta arkada\u015flar\u0131n\u0131 ar\u0131yor, e\u011flenceli bir saklamba\u00e7 oyunu ba\u015fl\u0131yor. Kim,nerede saklan\u0131yor bulabilecek misin? Her sayfada var bir ebe; a\u00e7-bak-sobele!<\/p>\n","protected":false},"featured_media":0,"template":"","meta":{"_monsterinsights_skip_tracking":false,"_monsterinsights_sitenote_active":false,"_monsterinsights_sitenote_note":"","_monsterinsights_sitenote_category":0},"product_brand":[],"product_cat":[12913,12274],"product_tag":[],"class_list":{"0":"post-780571","1":"product","2":"type-product","3":"status-publish","5":"product_cat-3-6-yas-kitaplari","6":"product_cat-cocuk-ve-genclik-kitaplari","7":"pa_cilt-ciltsiz","8":"pa_tur-kitap","9":"pa_yayinevi-sincap-kitap","10":"pa_yazar-serap-armutlu-acar","12":"first","13":"instock","14":"sale","15":"shipping-taxable","16":"purchasable","17":"product-type-simple"},"_links":{"self":[{"href":"https:\/\/roveyayinevi.com.tr\/index.php\/wp-json\/wp\/v2\/product\/780571","targetHints":{"allow":["GET"]}}],"collection":[{"href":"https:\/\/roveyayinevi.com.tr\/index.php\/wp-json\/wp\/v2\/product"}],"about":[{"href":"https:\/\/roveyayinevi.com.tr\/index.php\/wp-json\/wp\/v2\/types\/product"}],"wp:attachment":[{"href":"https:\/\/roveyayinevi.com.tr\/index.php\/wp-json\/wp\/v2\/media?parent=780571"}],"wp:term":[{"taxonomy":"product_brand","embeddable":true,"href":"https:\/\/roveyayinevi.com.tr\/index.php\/wp-json\/wp\/v2\/product_brand?post=780571"},{"taxonomy":"product_cat","embeddable":true,"href":"https:\/\/roveyayinevi.com.tr\/index.php\/wp-json\/wp\/v2\/product_cat?post=780571"},{"taxonomy":"product_tag","embeddable":true,"href":"https:\/\/roveyayinevi.com.tr\/index.php\/wp-json\/wp\/v2\/product_tag?post=780571"}],"curies":[{"name":"wp","href":"https:\/\/api.w.org\/{rel}","templated":true}]}}