{"id":780570,"date":"2026-01-20T03:11:58","date_gmt":"2026-01-20T00:11:58","guid":{"rendered":"https:\/\/roveyayinevi.com.tr\/index.php\/urun\/ilk-dokun-hisset-kitabim-ciftlige-dokun\/"},"modified":"2026-04-16T02:42:09","modified_gmt":"2026-04-15T23:42:09","slug":"ilk-dokun-hisset-kitabim-ciftlige-dokun","status":"publish","type":"product","link":"https:\/\/roveyayinevi.com.tr\/index.php\/urun\/ilk-dokun-hisset-kitabim-ciftlige-dokun\/","title":{"rendered":"\u0130lk Dokun Hisset Kitab\u0131m \u00c7iftli\u011fe Dokun"},"content":{"rendered":"<p>\u0130LK DOKUN H\u0130SSET K\u0130TABIM \u00c7\u0130FTL\u0130\u011eE DOKUN \u00c7iftli\u011fin koruyucusu cesur bir k\u00f6pek,ot yemeyi seven benekli bir inek, k\u0131rt k\u0131rt havu\u00e7 yiyen yumu\u015fak t\u00fcyl\u00fc bir tav\u015fan ve di\u011fer \u00e7iftlik dostlar\u0131m\u0131z bu kitapta hayat buluyor. \u00c7iftlikte pofuduk bir gezinti seni bekliyor! Minik parmaklar bu \u00e7iftli\u011fe tekrar tekrar dokunmak isteyecek!  Merak, ke\u015fif ve dokunsal deneyim i\u00e7erir!<\/p>\n","protected":false},"excerpt":{"rendered":"<p>\u0130LK DOKUN H\u0130SSET K\u0130TABIM \u00c7\u0130FTL\u0130\u011eE DOKUN \u00c7iftli\u011fin koruyucusu cesur bir k\u00f6pek,ot yemeyi seven benekli bir inek, k\u0131rt k\u0131rt havu\u00e7 yiyen yumu\u015fak t\u00fcyl\u00fc bir tav\u015fan ve di\u011fer<span class=\"excerpt-hellip\"> [\u2026]<\/span><\/p>\n","protected":false},"featured_media":0,"template":"","meta":{"_monsterinsights_skip_tracking":false,"_monsterinsights_sitenote_active":false,"_monsterinsights_sitenote_note":"","_monsterinsights_sitenote_category":0},"product_brand":[],"product_cat":[12913,12274],"product_tag":[],"class_list":{"0":"post-780570","1":"product","2":"type-product","3":"status-publish","5":"product_cat-3-6-yas-kitaplari","6":"product_cat-cocuk-ve-genclik-kitaplari","7":"pa_cilt-ciltsiz","8":"pa_tur-kitap","9":"pa_yayinevi-sincap-kitap","10":"pa_yazar-melek-dincer","12":"first","13":"instock","14":"sale","15":"shipping-taxable","16":"purchasable","17":"product-type-simple"},"_links":{"self":[{"href":"https:\/\/roveyayinevi.com.tr\/index.php\/wp-json\/wp\/v2\/product\/780570","targetHints":{"allow":["GET"]}}],"collection":[{"href":"https:\/\/roveyayinevi.com.tr\/index.php\/wp-json\/wp\/v2\/product"}],"about":[{"href":"https:\/\/roveyayinevi.com.tr\/index.php\/wp-json\/wp\/v2\/types\/product"}],"wp:attachment":[{"href":"https:\/\/roveyayinevi.com.tr\/index.php\/wp-json\/wp\/v2\/media?parent=780570"}],"wp:term":[{"taxonomy":"product_brand","embeddable":true,"href":"https:\/\/roveyayinevi.com.tr\/index.php\/wp-json\/wp\/v2\/product_brand?post=780570"},{"taxonomy":"product_cat","embeddable":true,"href":"https:\/\/roveyayinevi.com.tr\/index.php\/wp-json\/wp\/v2\/product_cat?post=780570"},{"taxonomy":"product_tag","embeddable":true,"href":"https:\/\/roveyayinevi.com.tr\/index.php\/wp-json\/wp\/v2\/product_tag?post=780570"}],"curies":[{"name":"wp","href":"https:\/\/api.w.org\/{rel}","templated":true}]}}