{"id":780569,"date":"2026-01-20T03:11:53","date_gmt":"2026-01-20T00:11:53","guid":{"rendered":"https:\/\/roveyayinevi.com.tr\/index.php\/urun\/cocuk-gelisimi\/"},"modified":"2026-04-16T02:42:06","modified_gmt":"2026-04-15T23:42:06","slug":"cocuk-gelisimi","status":"publish","type":"product","link":"https:\/\/roveyayinevi.com.tr\/index.php\/urun\/cocuk-gelisimi\/","title":{"rendered":"\u00c7ocuk Geli\u015fimi"},"content":{"rendered":"<p>Bu kitap, \u00e7ocuk geli\u015fim alan\u0131nda teori ve g\u00fcncel uygulamalar a\u00e7\u0131s\u0131ndan iyi bir bak\u0131\u015f a\u00e7\u0131s\u0131 sunmaktad\u0131r. Kitap dili anla\u015f\u0131labilirdir ve pratik \u00f6rnekler, ara\u015ft\u0131rma bulgular\u0131 ve pratik, kullan\u0131c\u0131 dostu \u00f6rnekler aras\u0131ndaki ba\u011flant\u0131y\u0131 yans\u0131tmaktad\u0131r.Joan Martlew, Strathclyde \u00dcniversitesiBu kitap, \u00e7ocuk geli\u015fim alan\u0131n\u0131n kapsaml\u0131 ve \u00f6zl\u00fc bir anlat\u0131m\u0131d\u0131r. Eri\u015filebilir ve okunmas\u0131 kolay t\u00fcm \u00f6nemli alanlar\u0131 kapsamaktad\u0131r.Kathryn Nethercott, E\u011fitim Bilimleri, Bedfordshire \u00dcniversitesi\u00c7ocuk geli\u015fiminin temel y\u00f6nlerine ho\u015f bir giri\u015f sa\u011flayan iyi yap\u0131land\u0131r\u0131lm\u0131\u015f bir metin.Sharon Colilles, Carnegie Spor ve E\u011fitim Fak\u00fcltesi, Leeds Beckett \u00dcniversitesi\u0130lk y\u0131llara (0-6) odaklanan bu \u00e7ok satan kitab\u0131n yeni bask\u0131s\u0131, \u00e7ocuk geli\u015fimi alan\u0131ndaki ara\u015ft\u0131rma, teori ve g\u00fcncel uygulamalara kapsaml\u0131 bir genel bak\u0131\u015f sunmaya devam ediyor.Bu yeni bask\u0131, mevcut politika mevzuat\u0131 kapsam\u0131nda tamamen g\u00fcncellenmi\u015ftir ve \u015funlar\u0131 i\u00e7ermektedir:Her b\u00f6l\u00fcmde \u00f6\u011frencilerin teori ve prati\u011fi birbirine ba\u011flamas\u0131na yard\u0131mc\u0131 olan yeni \u201cAra\u015ft\u0131rma Kutular\u0131\u201d,\u00c7ocuklar\u0131n sosyal ve duygusal geli\u015fimine y\u00f6nelik artt\u0131r\u0131lm\u0131\u015f kapsam,SAGE dergi makalelerine \u00fccretsiz eri\u015fim, a\u00e7\u0131klamal\u0131 ek okumalar, webba\u011flant\u0131lar\u0131 ve yararl\u0131 \u00e7evrim i\u00e7i materyaller i\u00e7eren yepyeni bir yard\u0131mc\u0131 web sitesi.Bu kitap, \u00e7ocuk geli\u015fimi mod\u00fclleri ve erken \u00e7ocukluk e\u011fitim kurslar\u0131 \u00fczerine \u00e7al\u0131\u015fanlar i\u00e7in veya \u00e7ocuklar\u0131n ilk y\u0131llar\u0131nda nas\u0131l \u00f6\u011frendikleri ve geli\u015ftikleri hakk\u0131nda daha fazla bilgi edinmek isteyen herkes i\u00e7in gereklidir.<\/p>\n","protected":false},"excerpt":{"rendered":"<p>Bu kitap, \u00e7ocuk geli\u015fim alan\u0131nda teori ve g\u00fcncel uygulamalar a\u00e7\u0131s\u0131ndan iyi bir bak\u0131\u015f a\u00e7\u0131s\u0131 sunmaktad\u0131r. Kitap dili anla\u015f\u0131labilirdir ve pratik \u00f6rnekler, ara\u015ft\u0131rma bulgular\u0131 ve pratik, kullan\u0131c\u0131<span class=\"excerpt-hellip\"> [\u2026]<\/span><\/p>\n","protected":false},"featured_media":0,"template":"","meta":{"_monsterinsights_skip_tracking":false,"_monsterinsights_sitenote_active":false,"_monsterinsights_sitenote_note":"","_monsterinsights_sitenote_category":0},"product_brand":[],"product_cat":[12831,12324],"product_tag":[],"class_list":{"0":"post-780569","1":"product","2":"type-product","3":"status-publish","5":"product_cat-aile-ve-cocuk","6":"product_cat-sosyoloji","7":"pa_cilt-ciltsiz","8":"pa_tur-kitap","9":"pa_yayinevi-nobel-akademik-yayincilik","10":"pa_yazar-kevin-crowley","12":"first","13":"instock","14":"sale","15":"shipping-taxable","16":"purchasable","17":"product-type-simple"},"_links":{"self":[{"href":"https:\/\/roveyayinevi.com.tr\/index.php\/wp-json\/wp\/v2\/product\/780569","targetHints":{"allow":["GET"]}}],"collection":[{"href":"https:\/\/roveyayinevi.com.tr\/index.php\/wp-json\/wp\/v2\/product"}],"about":[{"href":"https:\/\/roveyayinevi.com.tr\/index.php\/wp-json\/wp\/v2\/types\/product"}],"wp:attachment":[{"href":"https:\/\/roveyayinevi.com.tr\/index.php\/wp-json\/wp\/v2\/media?parent=780569"}],"wp:term":[{"taxonomy":"product_brand","embeddable":true,"href":"https:\/\/roveyayinevi.com.tr\/index.php\/wp-json\/wp\/v2\/product_brand?post=780569"},{"taxonomy":"product_cat","embeddable":true,"href":"https:\/\/roveyayinevi.com.tr\/index.php\/wp-json\/wp\/v2\/product_cat?post=780569"},{"taxonomy":"product_tag","embeddable":true,"href":"https:\/\/roveyayinevi.com.tr\/index.php\/wp-json\/wp\/v2\/product_tag?post=780569"}],"curies":[{"name":"wp","href":"https:\/\/api.w.org\/{rel}","templated":true}]}}