{"id":780568,"date":"2026-01-20T03:11:47","date_gmt":"2026-01-20T00:11:47","guid":{"rendered":"https:\/\/roveyayinevi.com.tr\/index.php\/urun\/egitim-felsefesi-7\/"},"modified":"2026-04-16T02:42:02","modified_gmt":"2026-04-15T23:42:02","slug":"egitim-felsefesi-7","status":"publish","type":"product","link":"https:\/\/roveyayinevi.com.tr\/index.php\/urun\/egitim-felsefesi-7\/","title":{"rendered":"E\u011fitim Felsefesi"},"content":{"rendered":"<p>G\u00fcn\u00fcm\u00fczde \u00f6rg\u00fcn e\u011fitim kurumlar\u0131 ba\u015fta olmak \u00fczere e\u011fitim \u00e7evrelerinde felsefe ve e\u011fitim felsefesi alanlar\u0131na giderek artan bir ilgi s\u00f6z konusudur. Elinizdeki bu kitap da e\u011fitim felsefesi dersi i\u00e7in kaynak olu\u015fturmak amac\u0131yla haz\u0131rlanm\u0131\u015ft\u0131r.Kitab\u0131n \u00f6ncelikli amac\u0131, felsefe ve e\u011fitim alanlar\u0131ndaki s\u0131k\u00e7a kar\u015f\u0131n\u0131za \u00e7\u0131kabilecek kavramlar\u0131, ilkeleri, ekolleri vb. arg\u00fcmanlar\u0131 e\u011fitimle ili\u015fkilendirerek tan\u0131mlamakt\u0131r. Kitab\u0131n bir di\u011fer amac\u0131 ise d\u00fc\u015f\u00fcn\u00fcrlerin e\u011fitim ve felsefe konular\u0131ndaki g\u00f6r\u00fc\u015flerini de\u011ferlendirmek ve bunlar\u0131n g\u00fcn\u00fcm\u00fcz e\u011fitim sistemlerinde uygulanabilirli\u011fini analiz etmektir.Kitap, alt\u0131 ana b\u00f6l\u00fcmden ve bu b\u00f6l\u00fcmlere ait alt ba\u015fl\u0131klardan olu\u015fmaktad\u0131r. Giri\u015f niteli\u011fi ta\u015f\u0131yan ilk b\u00f6l\u00fcmden sonu\u00e7 niteli\u011fi ta\u015f\u0131yan son b\u00f6l\u00fcme kadar kitapta bir bak\u0131\u015f a\u00e7\u0131s\u0131 kazand\u0131r\u0131lmak istenmi\u015f, ayr\u0131ca e\u011fitim sistemini olu\u015fturmada e\u011fitim felsefesinin rollerine de\u011finilmi\u015ftir.<\/p>\n","protected":false},"excerpt":{"rendered":"<p>G\u00fcn\u00fcm\u00fczde \u00f6rg\u00fcn e\u011fitim kurumlar\u0131 ba\u015fta olmak \u00fczere e\u011fitim \u00e7evrelerinde felsefe ve e\u011fitim felsefesi alanlar\u0131na giderek artan bir ilgi s\u00f6z konusudur. Elinizdeki bu kitap da e\u011fitim felsefesi<span class=\"excerpt-hellip\"> [\u2026]<\/span><\/p>\n","protected":false},"featured_media":0,"template":"","meta":{"_monsterinsights_skip_tracking":false,"_monsterinsights_sitenote_active":false,"_monsterinsights_sitenote_note":"","_monsterinsights_sitenote_category":0},"product_brand":[],"product_cat":[12389,12388],"product_tag":[],"class_list":{"0":"post-780568","1":"product","2":"type-product","3":"status-publish","5":"product_cat-diger-felsefe","6":"product_cat-felsefe","7":"pa_cilt-ciltsiz","8":"pa_tur-kitap","9":"pa_yayinevi-nobel-akademik-yayincilik","10":"pa_yazar-sefer-ada","12":"first","13":"instock","14":"sale","15":"shipping-taxable","16":"purchasable","17":"product-type-simple"},"_links":{"self":[{"href":"https:\/\/roveyayinevi.com.tr\/index.php\/wp-json\/wp\/v2\/product\/780568","targetHints":{"allow":["GET"]}}],"collection":[{"href":"https:\/\/roveyayinevi.com.tr\/index.php\/wp-json\/wp\/v2\/product"}],"about":[{"href":"https:\/\/roveyayinevi.com.tr\/index.php\/wp-json\/wp\/v2\/types\/product"}],"wp:attachment":[{"href":"https:\/\/roveyayinevi.com.tr\/index.php\/wp-json\/wp\/v2\/media?parent=780568"}],"wp:term":[{"taxonomy":"product_brand","embeddable":true,"href":"https:\/\/roveyayinevi.com.tr\/index.php\/wp-json\/wp\/v2\/product_brand?post=780568"},{"taxonomy":"product_cat","embeddable":true,"href":"https:\/\/roveyayinevi.com.tr\/index.php\/wp-json\/wp\/v2\/product_cat?post=780568"},{"taxonomy":"product_tag","embeddable":true,"href":"https:\/\/roveyayinevi.com.tr\/index.php\/wp-json\/wp\/v2\/product_tag?post=780568"}],"curies":[{"name":"wp","href":"https:\/\/api.w.org\/{rel}","templated":true}]}}