{"id":780567,"date":"2026-01-20T03:11:42","date_gmt":"2026-01-20T00:11:42","guid":{"rendered":"https:\/\/roveyayinevi.com.tr\/index.php\/urun\/uygulamali-davranis-analizi-2\/"},"modified":"2026-04-16T02:41:58","modified_gmt":"2026-04-15T23:41:58","slug":"uygulamali-davranis-analizi-2","status":"publish","type":"product","link":"https:\/\/roveyayinevi.com.tr\/index.php\/urun\/uygulamali-davranis-analizi-2\/","title":{"rendered":"Uygulamal\u0131 Davran\u0131\u015f Analizi"},"content":{"rendered":"<p>De\u011ferli \u00d6\u011fretmenler,Bu kitab\u0131, \u00f6zel gereksinimli \u00e7ocuklar\u0131n\u0131zla \u00e7al\u0131\u015f\u0131rken \u00e7aban\u0131z\u0131n asla bo\u015fa gitmemesini sa\u011flamak ve daha az yorularak zevkle \u00f6\u011fretmenlik yapman\u0131z i\u00e7in \u00f6zel e\u011fitimde bilimsel dayana\u011f\u0131 olanUygulamal\u0131 Davran\u0131\u015f Analizine (UDA\/ ABA) dayal\u0131 \u00f6\u011fretim uyarlamalar\u0131n\u0131 kolayl\u0131kla planlayabilmeniz amac\u0131yla olabildi\u011fince uygulamaya y\u00f6nelik \u00f6rneklerle haz\u0131rlad\u0131k.\u00d6\u011frencilerinizle \u00f6\u011frenme etkile\u015fimi s\u0131ras\u0131nda olumlu etkile\u015fime dayal\u0131 davran\u0131\u015f y\u00f6netimi yapabilmeniz ve olumlu davran\u0131\u015flar kazand\u0131rman\u0131n yan\u0131 s\u0131ra yeni bilgi ve beceri \u00f6\u011fretimini de onlar\u0131n d\u00fczeyine uygun h\u00e2le getirebilmeniz i\u00e7in sistematik analize dayal\u0131 uygulama \u00f6rnekleri olu\u015fturduk.Benimsedi\u011fimiz Uygulamal\u0131 Davran\u0131\u015f Analizini temel alan \u00f6\u011fretim y\u00f6ntemleriyle yapt\u0131\u011f\u0131n\u0131z \u00f6\u011fretim planlamas\u0131n\u0131ba\u015far\u0131l\u0131 \u015fekilde uygulamaya d\u00f6n\u00fc\u015ft\u00fcrmeniz m\u00fcmk\u00fcn olacakt\u0131r.Bunu size biz de\u011fil \u00f6zel gereksinimli \u00e7ocuklar\u0131n e\u011fitimiyle ilgili t\u00fcm alanyaz\u0131n garanti ediyor.Uygulama esnas\u0131nda ikileme d\u00fc\u015fmeden inanarak uygulamalar\u0131n\u0131 planlayarak uygulad\u0131\u011f\u0131n\u0131zda \u00f6\u011fretmen olman\u0131n mutlulu\u011funu duyumsayaca\u011f\u0131n\u0131z\u0131 biliyoruz.Bir g\u00fcn bile teredd\u00fcte d\u00fc\u015ferseniz auysal@anadolu.edu.tr adresine mail atarak destek isteyebilirsiniz. Kitab\u0131n yaz\u0131m\u0131nda eme\u011fi olan t\u00fcm arkada\u015flar\u0131m sizlere severek yard\u0131mc\u0131 olacaklard\u0131r, emin olun!<\/p>\n","protected":false},"excerpt":{"rendered":"<p>De\u011ferli \u00d6\u011fretmenler,Bu kitab\u0131, \u00f6zel gereksinimli \u00e7ocuklar\u0131n\u0131zla \u00e7al\u0131\u015f\u0131rken \u00e7aban\u0131z\u0131n asla bo\u015fa gitmemesini sa\u011flamak ve daha az yorularak zevkle \u00f6\u011fretmenlik yapman\u0131z i\u00e7in \u00f6zel e\u011fitimde bilimsel dayana\u011f\u0131 olanUygulamal\u0131 Davran\u0131\u015f<span class=\"excerpt-hellip\"> [\u2026]<\/span><\/p>\n","protected":false},"featured_media":0,"template":"","meta":{"_monsterinsights_skip_tracking":false,"_monsterinsights_sitenote_active":false,"_monsterinsights_sitenote_note":"","_monsterinsights_sitenote_category":0},"product_brand":[],"product_cat":[26509,13365],"product_tag":[],"class_list":{"0":"post-780567","1":"product","2":"type-product","3":"status-publish","5":"product_cat-cocuk-gelisimi","6":"product_cat-saglik","7":"pa_cilt-ciltsiz","8":"pa_tur-kitap","9":"pa_yayinevi-nobel-akademik-yayincilik","10":"pa_yazar-ayten-duzkantar","12":"first","13":"instock","14":"sale","15":"shipping-taxable","16":"purchasable","17":"product-type-simple"},"_links":{"self":[{"href":"https:\/\/roveyayinevi.com.tr\/index.php\/wp-json\/wp\/v2\/product\/780567","targetHints":{"allow":["GET"]}}],"collection":[{"href":"https:\/\/roveyayinevi.com.tr\/index.php\/wp-json\/wp\/v2\/product"}],"about":[{"href":"https:\/\/roveyayinevi.com.tr\/index.php\/wp-json\/wp\/v2\/types\/product"}],"wp:attachment":[{"href":"https:\/\/roveyayinevi.com.tr\/index.php\/wp-json\/wp\/v2\/media?parent=780567"}],"wp:term":[{"taxonomy":"product_brand","embeddable":true,"href":"https:\/\/roveyayinevi.com.tr\/index.php\/wp-json\/wp\/v2\/product_brand?post=780567"},{"taxonomy":"product_cat","embeddable":true,"href":"https:\/\/roveyayinevi.com.tr\/index.php\/wp-json\/wp\/v2\/product_cat?post=780567"},{"taxonomy":"product_tag","embeddable":true,"href":"https:\/\/roveyayinevi.com.tr\/index.php\/wp-json\/wp\/v2\/product_tag?post=780567"}],"curies":[{"name":"wp","href":"https:\/\/api.w.org\/{rel}","templated":true}]}}