{"id":780565,"date":"2026-01-20T03:10:01","date_gmt":"2026-01-20T00:10:01","guid":{"rendered":"https:\/\/roveyayinevi.com.tr\/index.php\/urun\/enerjide-disa-bagimlilik\/"},"modified":"2026-04-16T02:41:28","modified_gmt":"2026-04-15T23:41:28","slug":"enerjide-disa-bagimlilik","status":"publish","type":"product","link":"https:\/\/roveyayinevi.com.tr\/index.php\/urun\/enerjide-disa-bagimlilik\/","title":{"rendered":"Enerjide D\u0131\u015fa Ba\u011f\u0131ml\u0131l\u0131k"},"content":{"rendered":"<p>\u0130nsanlar\u0131n daha iyi ya\u015fam ko\u015fullar\u0131na sahip olabilmeleri, ekonomik faaliyetlerin h\u0131z kazanmas\u0131na ve yarat\u0131lan gelirden daha fazla pay alabilmelerine ba\u011fl\u0131d\u0131r. Ekonomik faaliyetlerin h\u0131z kazanmas\u0131 ise daha fazla enerji kullan\u0131m\u0131n\u0131 gerektirir. Teknik alanda \u00f6nemli ilerlemeler kaydedilmesine ra\u011fmen; g\u00fcn\u00fcm\u00fczde enerji ihtiyac\u0131 a\u011f\u0131rl\u0131kl\u0131 olarak k\u00f6m\u00fcr, petrol ve do\u011fal gaz gibi fosil yak\u0131tlar ile kar\u015f\u0131lanmaktad\u0131r. S\u00f6z konusu kaynaklar\u0131n bir taraftan k\u0131t miktarda olmas\u0131 di\u011fer taraftan da dengesiz bir da\u011f\u0131l\u0131m sergilemesi; iktisadi, toplumsal ve jeopolitik a\u00e7\u0131dan \u00f6nemli sonu\u00e7lar ortaya koymaktad\u0131r. Enerji kaynaklar\u0131na sahip olabilmek ve\/veya kontrol alt\u0131na alabilmek i\u00e7in ge\u00e7mi\u015ften g\u00fcn\u00fcm\u00fcze verilen m\u00fccadeleler, b\u00f6lgesel ve k\u00fcresel g\u00fcvenlik sorunlar\u0131 ortaya \u00e7\u0131karmaktad\u0131r. Bu sorunlar\u0131n yo\u011funla\u015ft\u0131\u011f\u0131 merkezlerden biri de Orta Do\u011fu co\u011frafyas\u0131d\u0131r.Zengin hidrokarbon kaynaklar\u0131na sahip baz\u0131 Orta Do\u011fu \u00fclkeleri ile kom\u015fu olan T\u00fcrkiye, enerji arz g\u00fcvenli\u011fi a\u00e7\u0131s\u0131ndan \u00f6nemli bir avantaja sahiptir. Bu avantaj\u0131n kalk\u0131nma hedefi do\u011frultusunda kullan\u0131lmas\u0131, kesintisiz ve d\u00fc\u015f\u00fck maliyet ile \u00fcretim yap\u0131lmas\u0131na olanak tan\u0131maktad\u0131r. Ancak artan \u00fcretim ve t\u00fcketim faaliyetleri, enerjide d\u0131\u015fa ba\u011f\u0131ml\u0131l\u0131k problemi yaratarak elde edilen gelir ve servetin \u00f6nemli bir b\u00f6l\u00fcm\u00fcn\u00fcn ba\u015fka \u00fclkelere transferine yol a\u00e7maktad\u0131r. T\u00fcrkiye ekonomisi ise daralma d\u00f6nemleri hari\u00e7 genellikle cari i\u015flemler a\u00e7\u0131\u011f\u0131 vermektedir. Cari i\u015flemler a\u00e7\u0131\u011f\u0131n\u0131n temel makroekonomik g\u00f6stergeler \u00fczerindeki etkileri dikkate al\u0131nd\u0131\u011f\u0131nda; yerli ve yenilenebilir enerji kaynaklar\u0131n\u0131n harekete ge\u00e7irilmesi, zenginli\u011fin d\u0131\u015fa aktar\u0131m\u0131n\u0131 belli \u00f6l\u00e7\u00fcde engelleyecektir. Ayr\u0131ca fosil yak\u0131t rezervleri s\u0131n\u0131rl\u0131 oldu\u011fu i\u00e7in ileride ger\u00e7ekle\u015ftirilmesi gereken d\u00f6n\u00fc\u015f\u00fcm de ba\u015flat\u0131lm\u0131\u015f olacakt\u0131r.<\/p>\n","protected":false},"excerpt":{"rendered":"<p>\u0130nsanlar\u0131n daha iyi ya\u015fam ko\u015fullar\u0131na sahip olabilmeleri, ekonomik faaliyetlerin h\u0131z kazanmas\u0131na ve yarat\u0131lan gelirden daha fazla pay alabilmelerine ba\u011fl\u0131d\u0131r. Ekonomik faaliyetlerin h\u0131z kazanmas\u0131 ise daha fazla<span class=\"excerpt-hellip\"> [\u2026]<\/span><\/p>\n","protected":false},"featured_media":0,"template":"","meta":{"_monsterinsights_skip_tracking":false,"_monsterinsights_sitenote_active":false,"_monsterinsights_sitenote_note":"","_monsterinsights_sitenote_category":0},"product_brand":[],"product_cat":[13044,13043],"product_tag":[],"class_list":{"0":"post-780565","1":"product","2":"type-product","3":"status-publish","5":"product_cat-dunya-ekonomisi","6":"product_cat-ekonomi","7":"pa_cilt-ciltsiz","8":"pa_tur-kitap","9":"pa_yayinevi-cizgi-kitabevi-yayinlari","10":"pa_yazar-mehmet-mucuk-mustafa-gerceker","12":"first","13":"instock","14":"sale","15":"shipping-taxable","16":"purchasable","17":"product-type-simple"},"_links":{"self":[{"href":"https:\/\/roveyayinevi.com.tr\/index.php\/wp-json\/wp\/v2\/product\/780565","targetHints":{"allow":["GET"]}}],"collection":[{"href":"https:\/\/roveyayinevi.com.tr\/index.php\/wp-json\/wp\/v2\/product"}],"about":[{"href":"https:\/\/roveyayinevi.com.tr\/index.php\/wp-json\/wp\/v2\/types\/product"}],"wp:attachment":[{"href":"https:\/\/roveyayinevi.com.tr\/index.php\/wp-json\/wp\/v2\/media?parent=780565"}],"wp:term":[{"taxonomy":"product_brand","embeddable":true,"href":"https:\/\/roveyayinevi.com.tr\/index.php\/wp-json\/wp\/v2\/product_brand?post=780565"},{"taxonomy":"product_cat","embeddable":true,"href":"https:\/\/roveyayinevi.com.tr\/index.php\/wp-json\/wp\/v2\/product_cat?post=780565"},{"taxonomy":"product_tag","embeddable":true,"href":"https:\/\/roveyayinevi.com.tr\/index.php\/wp-json\/wp\/v2\/product_tag?post=780565"}],"curies":[{"name":"wp","href":"https:\/\/api.w.org\/{rel}","templated":true}]}}