{"id":780563,"date":"2026-01-20T03:09:56","date_gmt":"2026-01-20T00:09:56","guid":{"rendered":"https:\/\/roveyayinevi.com.tr\/index.php\/urun\/tavsan-taptap-ve-sevimli-dostlari\/"},"modified":"2026-04-16T02:40:57","modified_gmt":"2026-04-15T23:40:57","slug":"tavsan-taptap-ve-sevimli-dostlari","status":"publish","type":"product","link":"https:\/\/roveyayinevi.com.tr\/index.php\/urun\/tavsan-taptap-ve-sevimli-dostlari\/","title":{"rendered":"Tav\u015fan Taptap ve Sevimli Dostlar\u0131"},"content":{"rendered":"<p>BU KOCAMAN G\u00d6ZLER K\u0130M\u0130N? TAV\u015eAN TAPTAP VE SEV\u0130ML\u0130 DOSTLARI  Do\u011fum g\u00fcn\u00fc heyecan\u0131 ya\u015fayan Tav\u015fan Taptap&#8217;\u0131 ve s\u00fcrprizlerle dolu arkada\u015flar\u0131n\u0131 e\u011flenceli b\u00fcy\u00fck g\u00f6zleri ile g\u00f6rmeye haz\u0131r olun! Tav\u015fan Taptap, Hamster Huppi, K\u00f6stebek K\u00f6stek, Bayku\u015f Puhpuh, Ser\u00e7e Pino ve Zebra Zuzu&#8230; \u00c7ocu\u011funuz bu kitaptaki kahramanlarla tan\u0131\u015f\u0131rken mutlu anlar\u0131 payla\u015fman\u0131n \u00f6nemini \u00f6\u011frenecek.<\/p>\n","protected":false},"excerpt":{"rendered":"<p>BU KOCAMAN G\u00d6ZLER K\u0130M\u0130N? TAV\u015eAN TAPTAP VE SEV\u0130ML\u0130 DOSTLARI Do\u011fum g\u00fcn\u00fc heyecan\u0131 ya\u015fayan Tav\u015fan Taptap&#8217;\u0131 ve s\u00fcrprizlerle dolu arkada\u015flar\u0131n\u0131 e\u011flenceli b\u00fcy\u00fck g\u00f6zleri ile g\u00f6rmeye haz\u0131r olun!<span class=\"excerpt-hellip\"> [\u2026]<\/span><\/p>\n","protected":false},"featured_media":0,"template":"","meta":{"_monsterinsights_skip_tracking":false,"_monsterinsights_sitenote_active":false,"_monsterinsights_sitenote_note":"","_monsterinsights_sitenote_category":0},"product_brand":[],"product_cat":[12274,12518],"product_tag":[],"class_list":{"0":"post-780563","1":"product","2":"type-product","3":"status-publish","5":"product_cat-cocuk-ve-genclik-kitaplari","6":"product_cat-okul-oncesi-kitaplar","7":"pa_cilt-ciltsiz","8":"pa_tur-kitap","9":"pa_yayinevi-sincap-kitap","10":"pa_yazar-asiye-asli-aslaner","12":"first","13":"instock","14":"sale","15":"shipping-taxable","16":"purchasable","17":"product-type-simple"},"_links":{"self":[{"href":"https:\/\/roveyayinevi.com.tr\/index.php\/wp-json\/wp\/v2\/product\/780563","targetHints":{"allow":["GET"]}}],"collection":[{"href":"https:\/\/roveyayinevi.com.tr\/index.php\/wp-json\/wp\/v2\/product"}],"about":[{"href":"https:\/\/roveyayinevi.com.tr\/index.php\/wp-json\/wp\/v2\/types\/product"}],"wp:attachment":[{"href":"https:\/\/roveyayinevi.com.tr\/index.php\/wp-json\/wp\/v2\/media?parent=780563"}],"wp:term":[{"taxonomy":"product_brand","embeddable":true,"href":"https:\/\/roveyayinevi.com.tr\/index.php\/wp-json\/wp\/v2\/product_brand?post=780563"},{"taxonomy":"product_cat","embeddable":true,"href":"https:\/\/roveyayinevi.com.tr\/index.php\/wp-json\/wp\/v2\/product_cat?post=780563"},{"taxonomy":"product_tag","embeddable":true,"href":"https:\/\/roveyayinevi.com.tr\/index.php\/wp-json\/wp\/v2\/product_tag?post=780563"}],"curies":[{"name":"wp","href":"https:\/\/api.w.org\/{rel}","templated":true}]}}