{"id":780562,"date":"2026-01-20T03:08:56","date_gmt":"2026-01-20T00:08:56","guid":{"rendered":"https:\/\/roveyayinevi.com.tr\/index.php\/urun\/trakus-turkiyenin-kuslari\/"},"modified":"2026-02-03T02:57:09","modified_gmt":"2026-02-02T23:57:09","slug":"trakus-turkiyenin-kuslari","status":"publish","type":"product","link":"https:\/\/roveyayinevi.com.tr\/index.php\/urun\/trakus-turkiyenin-kuslari\/","title":{"rendered":"Trakus &#8211; T\u00fcrkiye\u2019nin Ku\u015flar\u0131"},"content":{"rendered":"<p>E\u015fsiz do\u011fa g\u00fczelli\u011fi ve canl\u0131 \u00e7e\u015fitlili\u011fine sahip \u00fclkemizin t\u00fcm ku\u015f t\u00fcrlerini i\u00e7erisinde bar\u0131nd\u0131ran, metinlerinden g\u00f6rsel malzemesine kadar t\u00fcm\u00fcyle \u00f6zg\u00fcn olmas\u0131 a\u00e7\u0131s\u0131ndan \u201cilk\u201d ku\u015f tan\u0131m kitab\u0131 niteli\u011findeki TRAKUS T\u00fcrkiye\u2019nin Ku\u015flar\u0131 do\u011fa ve ku\u015flara olan ilgisini geli\u015ftirmek isteyenlere rehberlik etmek i\u00e7in haz\u0131rland\u0131. 7 gram a\u011f\u0131rl\u0131\u011f\u0131 ile \u00c7al\u0131ku\u015fu\u2019ndan 3 metre kanat a\u00e7\u0131kl\u0131\u011f\u0131na sahip Kara Akbaba\u2019ya, d\u00fcnyan\u0131n en h\u0131zl\u0131s\u0131 G\u00f6k Do\u011fan\u2019dan en g\u00fc\u00e7l\u00fcs\u00fc Kaya Kartal\u0131\u2019na \u00fclkemizde g\u00f6r\u00fclen 491 ku\u015f t\u00fcr\u00fc; 2800 foto\u011fraf, her t\u00fcre ait da\u011f\u0131l\u0131m haritas\u0131, tan\u0131m bilgisi ve kar\u015f\u0131la\u015ft\u0131rma tablolar\u0131 ile bu kitapta yer al\u0131yor. 2007 y\u0131l\u0131nda, ku\u015f foto\u011fraf\u00e7\u0131lar\u0131 ve ku\u015f g\u00f6zlemcileri i\u00e7in bir payla\u015f\u0131m platformu olarak kurulan www.trakus.org internet sitesi \u00fcyelerinin katk\u0131lar\u0131yla, 25 ki\u015filik g\u00f6n\u00fcll\u00fc bir ekibin y\u0131llarca s\u00fcren \u00e7al\u0131\u015fmas\u0131yla tamamlanan bu kitap ile \u00fclkemizde bulunan ku\u015f t\u00fcrlerini ger\u00e7ek foto\u011fraflar\u0131ndan izleyebilir, onlarla nerede ne zaman kar\u015f\u0131la\u015fabilece\u011finizi ve ku\u015flar\u0131 tan\u0131mlamay\u0131 \u00f6\u011frenebilirsiniz. <\/p>\n","protected":false},"excerpt":{"rendered":"<p>E\u015fsiz do\u011fa g\u00fczelli\u011fi ve canl\u0131 \u00e7e\u015fitlili\u011fine sahip \u00fclkemizin t\u00fcm ku\u015f t\u00fcrlerini i\u00e7erisinde bar\u0131nd\u0131ran, metinlerinden g\u00f6rsel malzemesine kadar t\u00fcm\u00fcyle \u00f6zg\u00fcn olmas\u0131 a\u00e7\u0131s\u0131ndan \u201cilk\u201d ku\u015f tan\u0131m kitab\u0131 niteli\u011findeki<span class=\"excerpt-hellip\"> [\u2026]<\/span><\/p>\n","protected":false},"featured_media":0,"template":"","meta":{"_monsterinsights_skip_tracking":false,"_monsterinsights_sitenote_active":false,"_monsterinsights_sitenote_note":"","_monsterinsights_sitenote_category":0},"product_brand":[],"product_cat":[12365,12364],"product_tag":[],"class_list":{"0":"post-780562","1":"product","2":"type-product","3":"status-publish","5":"product_cat-diger-genel-konular","6":"product_cat-genel-konular","7":"pa_cilt-ciltsiz","8":"pa_tur-kitap","9":"pa_yayinevi-is-bankasi-kultur-yayinlari","10":"pa_yazar-is-bankasi-kultur-yayinlari-kolektif","12":"first","13":"instock","14":"sale","15":"shipping-taxable","16":"purchasable","17":"product-type-simple"},"_links":{"self":[{"href":"https:\/\/roveyayinevi.com.tr\/index.php\/wp-json\/wp\/v2\/product\/780562","targetHints":{"allow":["GET"]}}],"collection":[{"href":"https:\/\/roveyayinevi.com.tr\/index.php\/wp-json\/wp\/v2\/product"}],"about":[{"href":"https:\/\/roveyayinevi.com.tr\/index.php\/wp-json\/wp\/v2\/types\/product"}],"wp:attachment":[{"href":"https:\/\/roveyayinevi.com.tr\/index.php\/wp-json\/wp\/v2\/media?parent=780562"}],"wp:term":[{"taxonomy":"product_brand","embeddable":true,"href":"https:\/\/roveyayinevi.com.tr\/index.php\/wp-json\/wp\/v2\/product_brand?post=780562"},{"taxonomy":"product_cat","embeddable":true,"href":"https:\/\/roveyayinevi.com.tr\/index.php\/wp-json\/wp\/v2\/product_cat?post=780562"},{"taxonomy":"product_tag","embeddable":true,"href":"https:\/\/roveyayinevi.com.tr\/index.php\/wp-json\/wp\/v2\/product_tag?post=780562"}],"curies":[{"name":"wp","href":"https:\/\/api.w.org\/{rel}","templated":true}]}}