{"id":780561,"date":"2026-01-20T03:08:51","date_gmt":"2026-01-20T00:08:51","guid":{"rendered":"https:\/\/roveyayinevi.com.tr\/index.php\/urun\/bul-beni-ciftlikte-saklambac\/"},"modified":"2026-04-08T02:49:17","modified_gmt":"2026-04-07T23:49:17","slug":"bul-beni-ciftlikte-saklambac","status":"publish","type":"product","link":"https:\/\/roveyayinevi.com.tr\/index.php\/urun\/bul-beni-ciftlikte-saklambac\/","title":{"rendered":"Bul Beni \u00c7iftlikte Saklamba\u00e7"},"content":{"rendered":"<p>Yumu\u015fak t\u00fcyl\u00fc kedi \u00e7iftlikte arkada\u015flar\u0131n\u0131 ar\u0131yor,e\u011flenceli bir saklamba\u00e7 oyunu ba\u015fl\u0131yor.    Kim,nerede saklan\u0131yor bulabilecek misin?    Her sayfada var bir ebe; a\u00e7-bak-sobele! <\/p>\n","protected":false},"excerpt":{"rendered":"<p>Yumu\u015fak t\u00fcyl\u00fc kedi \u00e7iftlikte arkada\u015flar\u0131n\u0131 ar\u0131yor,e\u011flenceli bir saklamba\u00e7 oyunu ba\u015fl\u0131yor. Kim,nerede saklan\u0131yor bulabilecek misin? Her sayfada var bir ebe; a\u00e7-bak-sobele!<\/p>\n","protected":false},"featured_media":0,"template":"","meta":{"_monsterinsights_skip_tracking":false,"_monsterinsights_sitenote_active":false,"_monsterinsights_sitenote_note":"","_monsterinsights_sitenote_category":0},"product_brand":[],"product_cat":[12274,12284],"product_tag":[],"class_list":{"0":"post-780561","1":"product","2":"type-product","3":"status-publish","5":"product_cat-cocuk-ve-genclik-kitaplari","6":"product_cat-hikayeler","7":"pa_cilt-ciltsiz","8":"pa_tur-kitap","9":"pa_yayinevi-sincap-kitap","10":"pa_yazar-serap-armutlu-acar","12":"first","13":"instock","14":"sale","15":"shipping-taxable","16":"purchasable","17":"product-type-simple"},"_links":{"self":[{"href":"https:\/\/roveyayinevi.com.tr\/index.php\/wp-json\/wp\/v2\/product\/780561","targetHints":{"allow":["GET"]}}],"collection":[{"href":"https:\/\/roveyayinevi.com.tr\/index.php\/wp-json\/wp\/v2\/product"}],"about":[{"href":"https:\/\/roveyayinevi.com.tr\/index.php\/wp-json\/wp\/v2\/types\/product"}],"wp:attachment":[{"href":"https:\/\/roveyayinevi.com.tr\/index.php\/wp-json\/wp\/v2\/media?parent=780561"}],"wp:term":[{"taxonomy":"product_brand","embeddable":true,"href":"https:\/\/roveyayinevi.com.tr\/index.php\/wp-json\/wp\/v2\/product_brand?post=780561"},{"taxonomy":"product_cat","embeddable":true,"href":"https:\/\/roveyayinevi.com.tr\/index.php\/wp-json\/wp\/v2\/product_cat?post=780561"},{"taxonomy":"product_tag","embeddable":true,"href":"https:\/\/roveyayinevi.com.tr\/index.php\/wp-json\/wp\/v2\/product_tag?post=780561"}],"curies":[{"name":"wp","href":"https:\/\/api.w.org\/{rel}","templated":true}]}}