{"id":780557,"date":"2026-01-20T03:08:20","date_gmt":"2026-01-20T00:08:20","guid":{"rendered":"https:\/\/roveyayinevi.com.tr\/index.php\/urun\/bak-bul-sobe-merakli-kedi-ciltli\/"},"modified":"2026-04-16T02:40:15","modified_gmt":"2026-04-15T23:40:15","slug":"bak-bul-sobe-merakli-kedi-ciltli","status":"publish","type":"product","link":"https:\/\/roveyayinevi.com.tr\/index.php\/urun\/bak-bul-sobe-merakli-kedi-ciltli\/","title":{"rendered":"Bak-Bul Sobe &#8211; Merakl\u0131 Kedi (Ciltli)"},"content":{"rendered":"<p>Minik kedi merak ediyor&#8230;Acaba rengarenk sayfalar\u0131n arkas\u0131nda kimler saklan\u0131yor? Bir ar\u0131 yada bir zebra; ipu\u00e7lar\u0131n\u0131 takip edersen bulacaks\u0131n kolayca!Merakl\u0131 Kedi ile saklamba\u00e7 oyunu ba\u015fl\u0131yor, sevdi\u011fin hayvanlar bu kitab\u0131n i\u00e7inde saklan\u0131yor.<\/p>\n","protected":false},"excerpt":{"rendered":"<p>Minik kedi merak ediyor&#8230;Acaba rengarenk sayfalar\u0131n arkas\u0131nda kimler saklan\u0131yor? Bir ar\u0131 yada bir zebra; ipu\u00e7lar\u0131n\u0131 takip edersen bulacaks\u0131n kolayca!Merakl\u0131 Kedi ile saklamba\u00e7 oyunu ba\u015fl\u0131yor, sevdi\u011fin hayvanlar<span class=\"excerpt-hellip\"> [\u2026]<\/span><\/p>\n","protected":false},"featured_media":0,"template":"","meta":{"_monsterinsights_skip_tracking":false,"_monsterinsights_sitenote_active":false,"_monsterinsights_sitenote_note":"","_monsterinsights_sitenote_category":0},"product_brand":[],"product_cat":[12913,12274],"product_tag":[],"class_list":{"0":"post-780557","1":"product","2":"type-product","3":"status-publish","5":"product_cat-3-6-yas-kitaplari","6":"product_cat-cocuk-ve-genclik-kitaplari","7":"pa_cilt-ciltli","8":"pa_tur-kitap","9":"pa_yayinevi-sincap-kitap","10":"pa_yazar-sincap-kitap-kolektif","12":"first","13":"instock","14":"sale","15":"shipping-taxable","16":"purchasable","17":"product-type-simple"},"_links":{"self":[{"href":"https:\/\/roveyayinevi.com.tr\/index.php\/wp-json\/wp\/v2\/product\/780557","targetHints":{"allow":["GET"]}}],"collection":[{"href":"https:\/\/roveyayinevi.com.tr\/index.php\/wp-json\/wp\/v2\/product"}],"about":[{"href":"https:\/\/roveyayinevi.com.tr\/index.php\/wp-json\/wp\/v2\/types\/product"}],"wp:attachment":[{"href":"https:\/\/roveyayinevi.com.tr\/index.php\/wp-json\/wp\/v2\/media?parent=780557"}],"wp:term":[{"taxonomy":"product_brand","embeddable":true,"href":"https:\/\/roveyayinevi.com.tr\/index.php\/wp-json\/wp\/v2\/product_brand?post=780557"},{"taxonomy":"product_cat","embeddable":true,"href":"https:\/\/roveyayinevi.com.tr\/index.php\/wp-json\/wp\/v2\/product_cat?post=780557"},{"taxonomy":"product_tag","embeddable":true,"href":"https:\/\/roveyayinevi.com.tr\/index.php\/wp-json\/wp\/v2\/product_tag?post=780557"}],"curies":[{"name":"wp","href":"https:\/\/api.w.org\/{rel}","templated":true}]}}