{"id":780555,"date":"2026-01-20T03:07:04","date_gmt":"2026-01-20T00:07:04","guid":{"rendered":"https:\/\/roveyayinevi.com.tr\/index.php\/urun\/modern-yaklasimlar-cercevesinde-orgutlerde-yapi\/"},"modified":"2026-04-16T02:38:39","modified_gmt":"2026-04-15T23:38:39","slug":"modern-yaklasimlar-cercevesinde-orgutlerde-yapi","status":"publish","type":"product","link":"https:\/\/roveyayinevi.com.tr\/index.php\/urun\/modern-yaklasimlar-cercevesinde-orgutlerde-yapi\/","title":{"rendered":"Modern Yakla\u015f\u0131mlar \u00c7er\u00e7evesinde \u00d6rg\u00fctlerde Yap\u0131"},"content":{"rendered":"<p>Bilimsel, k\u00fclt\u00fcrel ve teknolojik geli\u015fmeler, insanl\u0131k tarihi boyunca birikimli olarak yarat\u0131lan ve ku\u015faktan ku\u015fa\u011fa aktar\u0131lan bilgiden \u00e7ok daha fazlas\u0131n\u0131n son 300 y\u0131ll\u0131k d\u00f6nemde \u00fcretilmesini sa\u011flam\u0131\u015f, insanl\u0131k hi\u00e7 olmad\u0131\u011f\u0131 kadar h\u0131zl\u0131 bir \u015fekilde ve \u00e7ok k\u0131sa s\u00fcrede farkl\u0131 bir a\u015famaya ge\u00e7mi\u015ftir. Sanayi Devrimi ile ba\u015flayan s\u00fcre\u00e7, y\u00f6netimin bilimsel olarak incelenmesini sa\u011flam\u0131\u015f, \u00f6rg\u00fctler toplumsal yap\u0131n\u0131n temel unsuru h\u00e2line gelmi\u015ftir. \u0130leti\u015fim ve bili\u015fim teknolojileri alan\u0131nda ya\u015fanan b\u00fcy\u00fck ve h\u0131zl\u0131 geli\u015fmeler k\u00fcreselle\u015fmenin \u00f6n\u00fcn\u00fc a\u00e7m\u0131\u015f, \u00fclkelerin fiziksel s\u0131n\u0131rlar\u0131n\u0131n \u00f6tesinde bilgi payla\u015f\u0131m\u0131na ve ticaret yap\u0131lmas\u0131na olanak tan\u0131yarak d\u00fcnyay\u0131 mobil cihazlar vas\u0131tas\u0131yla ula\u015f\u0131labilir h\u00e2le getirmi\u015ftir. Her alanda ya\u015fanan yo\u011fun bilgi \u00fcretimi ve payla\u015f\u0131m\u0131 bilgi \u00e7a\u011f\u0131n\u0131n kap\u0131s\u0131n\u0131 a\u00e7m\u0131\u015f, insanl\u0131\u011fa muazzam kolayl\u0131klar ve imk\u00e2nlar sunarken bir yandan da insan\u0131 ve ya\u015fad\u0131\u011f\u0131 \u00e7evreyi tehdit eder h\u00e2le gelmi\u015ftir. Ortaya \u00e7\u0131kan yeni d\u00fcnya d\u00fczeni, yeni ekonomik sistemler ve yeni \u00f6rg\u00fct modellerini zorunlu h\u00e2le getirmi\u015ftir. Bu geli\u015fmeler \u00f6rg\u00fctl\u00fc toplumu ka\u00e7\u0131n\u0131lmaz h\u00e2le getirmi\u015f, \u00f6rg\u00fctlerin toplum i\u00e7indeki rol\u00fc ve \u00f6nemini s\u00fcrekli olarak art\u0131rm\u0131\u015ft\u0131r. Bu kitapta; \u00f6rg\u00fct, \u00f6rg\u00fct\u00fc olu\u015fturan unsurlar, \u00f6rg\u00fct yap\u0131s\u0131 ve t\u00fcrleri, toplumsal ya\u015famda var olan \u00f6rg\u00fct t\u00fcrleri, \u00f6rg\u00fct yap\u0131s\u0131 ile ili\u015fkili olan temel kavramlar ve a\u00e7\u0131klamalar\u0131 ile \u00f6rg\u00fct yap\u0131s\u0131n\u0131n gelecekte nas\u0131l \u015fekillenece\u011fi, gelece\u011fin karma\u015f\u0131k, belirsiz ve mu\u011flak d\u00fcnyas\u0131nda \u00f6rg\u00fctlerin durumu ve rolleri yan\u0131nda son d\u00f6nemde ya\u015fanan k\u00fcresel salg\u0131n\u0131n \u00f6rg\u00fct yap\u0131lar\u0131 ve faaliyetlerine olan etkileri \u00fczerine de\u011ferlendirmeler yap\u0131larak ara\u015ft\u0131rmac\u0131 ve konuya ilgisi olan okuyuculara multidisipliner bir bak\u0131\u015f a\u00e7\u0131s\u0131 sunulmaya \u00e7al\u0131\u015f\u0131lm\u0131\u015ft\u0131r.<\/p>\n","protected":false},"excerpt":{"rendered":"<p>Bilimsel, k\u00fclt\u00fcrel ve teknolojik geli\u015fmeler, insanl\u0131k tarihi boyunca birikimli olarak yarat\u0131lan ve ku\u015faktan ku\u015fa\u011fa aktar\u0131lan bilgiden \u00e7ok daha fazlas\u0131n\u0131n son 300 y\u0131ll\u0131k d\u00f6nemde \u00fcretilmesini sa\u011flam\u0131\u015f, insanl\u0131k<span class=\"excerpt-hellip\"> [\u2026]<\/span><\/p>\n","protected":false},"featured_media":0,"template":"","meta":{"_monsterinsights_skip_tracking":false,"_monsterinsights_sitenote_active":false,"_monsterinsights_sitenote_note":"","_monsterinsights_sitenote_category":0},"product_brand":[],"product_cat":[14787,13488],"product_tag":[],"class_list":{"0":"post-780555","1":"product","2":"type-product","3":"status-publish","5":"product_cat-diger-toplum-ve-insan","6":"product_cat-toplum-ve-insan","7":"pa_cilt-ciltsiz","8":"pa_tur-kitap","9":"pa_yayinevi-nobel-akademik-yayincilik","10":"pa_yazar-kemal-erogluer","12":"first","13":"instock","14":"sale","15":"shipping-taxable","16":"purchasable","17":"product-type-simple"},"_links":{"self":[{"href":"https:\/\/roveyayinevi.com.tr\/index.php\/wp-json\/wp\/v2\/product\/780555","targetHints":{"allow":["GET"]}}],"collection":[{"href":"https:\/\/roveyayinevi.com.tr\/index.php\/wp-json\/wp\/v2\/product"}],"about":[{"href":"https:\/\/roveyayinevi.com.tr\/index.php\/wp-json\/wp\/v2\/types\/product"}],"wp:attachment":[{"href":"https:\/\/roveyayinevi.com.tr\/index.php\/wp-json\/wp\/v2\/media?parent=780555"}],"wp:term":[{"taxonomy":"product_brand","embeddable":true,"href":"https:\/\/roveyayinevi.com.tr\/index.php\/wp-json\/wp\/v2\/product_brand?post=780555"},{"taxonomy":"product_cat","embeddable":true,"href":"https:\/\/roveyayinevi.com.tr\/index.php\/wp-json\/wp\/v2\/product_cat?post=780555"},{"taxonomy":"product_tag","embeddable":true,"href":"https:\/\/roveyayinevi.com.tr\/index.php\/wp-json\/wp\/v2\/product_tag?post=780555"}],"curies":[{"name":"wp","href":"https:\/\/api.w.org\/{rel}","templated":true}]}}