{"id":780553,"date":"2026-01-20T03:06:28","date_gmt":"2026-01-20T00:06:28","guid":{"rendered":"https:\/\/roveyayinevi.com.tr\/index.php\/urun\/bazen-olur-boyle-biraz-kizdim-sanki\/"},"modified":"2026-04-16T02:38:27","modified_gmt":"2026-04-15T23:38:27","slug":"bazen-olur-boyle-biraz-kizdim-sanki","status":"publish","type":"product","link":"https:\/\/roveyayinevi.com.tr\/index.php\/urun\/bazen-olur-boyle-biraz-kizdim-sanki\/","title":{"rendered":"Bazen Olur B\u00f6yle &#8211; Biraz K\u0131zd\u0131m Sanki!"},"content":{"rendered":"<p>\u00d6fkeyle ba\u015f etmeyi k\u0131rm\u0131z\u0131 bir balonla anlatmak m\u00fcmk\u00fcn m\u00fc?Klinik Psikolog Mehmet Teber\u2019in kaleminden \u201cBazen Olur B\u00f6yle\u201d serisi, soyut olan duygular\u0131 metaforik bir anlat\u0131mla somutla\u015ft\u0131ran, mini zarflar\u0131yla interaktif okuma sa\u011flayan hikayelerle dolu.Duygular\u0131 fark etmek, kabul etmek, y\u00f6netmek zordur.Her ya\u015ftan insana \u201cBazen olur b\u00f6yle ama bir yolu var kalbinde!\u201d dedirtecek, duygulara y\u00f6n vermekle ilgili fark\u0131ndal\u0131k kazand\u0131racak s\u0131cac\u0131k hikayeler sizi bekliyor.Serinin \u00fc\u00e7\u00fcnc\u00fc kitab\u0131 \u201cBiraz K\u0131zd\u0131m Sanki!\u201d k\u0131rm\u0131z\u0131 balon metaforu ile \u00f6fke duygusuna y\u00f6n vermeyi anlat\u0131yor.Kalbinizdeki k\u0131rm\u0131z\u0131 balonla tan\u0131\u015fmaya haz\u0131r m\u0131s\u0131n\u0131z?<\/p>\n","protected":false},"excerpt":{"rendered":"<p>\u00d6fkeyle ba\u015f etmeyi k\u0131rm\u0131z\u0131 bir balonla anlatmak m\u00fcmk\u00fcn m\u00fc?Klinik Psikolog Mehmet Teber\u2019in kaleminden \u201cBazen Olur B\u00f6yle\u201d serisi, soyut olan duygular\u0131 metaforik bir anlat\u0131mla somutla\u015ft\u0131ran, mini zarflar\u0131yla<span class=\"excerpt-hellip\"> [\u2026]<\/span><\/p>\n","protected":false},"featured_media":0,"template":"","meta":{"_monsterinsights_skip_tracking":false,"_monsterinsights_sitenote_active":false,"_monsterinsights_sitenote_note":"","_monsterinsights_sitenote_category":0},"product_brand":[],"product_cat":[12274,12523],"product_tag":[],"class_list":{"0":"post-780553","1":"product","2":"type-product","3":"status-publish","5":"product_cat-cocuk-ve-genclik-kitaplari","6":"product_cat-masallar","7":"pa_cilt-ciltsiz","8":"pa_tur-kitap","9":"pa_yayinevi-sincap-kitap","10":"pa_yazar-mehmet-teber","12":"first","13":"instock","14":"sale","15":"shipping-taxable","16":"purchasable","17":"product-type-simple"},"_links":{"self":[{"href":"https:\/\/roveyayinevi.com.tr\/index.php\/wp-json\/wp\/v2\/product\/780553","targetHints":{"allow":["GET"]}}],"collection":[{"href":"https:\/\/roveyayinevi.com.tr\/index.php\/wp-json\/wp\/v2\/product"}],"about":[{"href":"https:\/\/roveyayinevi.com.tr\/index.php\/wp-json\/wp\/v2\/types\/product"}],"wp:attachment":[{"href":"https:\/\/roveyayinevi.com.tr\/index.php\/wp-json\/wp\/v2\/media?parent=780553"}],"wp:term":[{"taxonomy":"product_brand","embeddable":true,"href":"https:\/\/roveyayinevi.com.tr\/index.php\/wp-json\/wp\/v2\/product_brand?post=780553"},{"taxonomy":"product_cat","embeddable":true,"href":"https:\/\/roveyayinevi.com.tr\/index.php\/wp-json\/wp\/v2\/product_cat?post=780553"},{"taxonomy":"product_tag","embeddable":true,"href":"https:\/\/roveyayinevi.com.tr\/index.php\/wp-json\/wp\/v2\/product_tag?post=780553"}],"curies":[{"name":"wp","href":"https:\/\/api.w.org\/{rel}","templated":true}]}}