{"id":780551,"date":"2026-01-20T03:06:13","date_gmt":"2026-01-20T00:06:13","guid":{"rendered":"https:\/\/roveyayinevi.com.tr\/index.php\/urun\/iktisat-finans-ve-bankacilik-konularinda-guncel-yorumlar\/"},"modified":"2026-04-16T02:37:38","modified_gmt":"2026-04-15T23:37:38","slug":"iktisat-finans-ve-bankacilik-konularinda-guncel-yorumlar","status":"publish","type":"product","link":"https:\/\/roveyayinevi.com.tr\/index.php\/urun\/iktisat-finans-ve-bankacilik-konularinda-guncel-yorumlar\/","title":{"rendered":"\u0130ktisat, Finans ve Bankac\u0131l\u0131k Konular\u0131nda G\u00fcncel Yorumlar"},"content":{"rendered":"<p>\u0130ktisat bilimi, optimum kaynak da\u011f\u0131l\u0131m\u0131n\u0131 ele almas\u0131 bak\u0131m\u0131ndan, finans ve bankac\u0131l\u0131k alanlar\u0131 ile yak\u0131ndan ili\u015fkilidir ve k\u00fcresel krizleri takiben \u00e7emberlerinin kesi\u015ftikleri b\u00f6lgeler g\u00fcn ge\u00e7tikte geni\u015flemektedir. Tart\u0131\u015f\u0131lan bu konularda, kimi zaman k\u00fc\u00e7\u00fck par\u00e7alardan yola \u00e7\u0131k\u0131larak b\u00fcy\u00fck resim g\u00f6r\u00fclmeye \u00e7al\u0131\u015f\u0131lm\u0131\u015ft\u0131r. A\u011fa\u00e7lar detayl\u0131 analiz edilmi\u015f, uygulama deneyimleri okuyucularla payla\u015f\u0131lm\u0131\u015ft\u0131r. Bazen de b\u00fcy\u00fck bir par\u00e7adan yola \u00e7\u0131k\u0131larak k\u00fc\u00e7\u00fck par\u00e7alara do\u011fru seyahat edilmi\u015ftir.Yeri geldik\u00e7e okurla konu\u015fma bi\u00e7iminde ilerlenmi\u015f, ancak yorum ve d\u00fc\u015f\u00fcncelerin bilimsel ger\u00e7eklik ve kaynaklarla desteklenmesine titizlikle \u00f6nem verilmi\u015ftir. Kitap, \u00fcretim, t\u00fcketim, yat\u0131r\u0131m, d\u0131\u015f ticaret, enflasyon gibi temel makro iktisadi konular ile ba\u015flamakta; parasal ekonomi, merkez bankac\u0131l\u0131\u011f\u0131, finans ve bankac\u0131l\u0131k konular\u0131ndaki \u00e7e\u015fitli yorum ve de\u011ferlendirmelerle tamamlanmaktad\u0131r. Bu kitap, \u00fcniversite \u00f6\u011frencilerine, i\u015f hayat\u0131nda \u00e7al\u0131\u015fanlara ve kendini bu alanlarda geli\u015ftirmek isteyenlere hitap eden pek \u00e7ok konuyu i\u00e7ermektedir.<\/p>\n","protected":false},"excerpt":{"rendered":"<p>\u0130ktisat bilimi, optimum kaynak da\u011f\u0131l\u0131m\u0131n\u0131 ele almas\u0131 bak\u0131m\u0131ndan, finans ve bankac\u0131l\u0131k alanlar\u0131 ile yak\u0131ndan ili\u015fkilidir ve k\u00fcresel krizleri takiben \u00e7emberlerinin kesi\u015ftikleri b\u00f6lgeler g\u00fcn ge\u00e7tikte geni\u015flemektedir. Tart\u0131\u015f\u0131lan<span class=\"excerpt-hellip\"> [\u2026]<\/span><\/p>\n","protected":false},"featured_media":0,"template":"","meta":{"_monsterinsights_skip_tracking":false,"_monsterinsights_sitenote_active":false,"_monsterinsights_sitenote_note":"","_monsterinsights_sitenote_category":0},"product_brand":[],"product_cat":[13043,14381],"product_tag":[],"class_list":{"0":"post-780551","1":"product","2":"type-product","3":"status-publish","5":"product_cat-ekonomi","6":"product_cat-isletme-muhasebe-maliye","7":"pa_cilt-ciltsiz","8":"pa_tur-kitap","9":"pa_yayinevi-nobel-akademik-yayincilik","10":"pa_yazar-kolektif","12":"first","13":"instock","14":"sale","15":"shipping-taxable","16":"purchasable","17":"product-type-simple"},"_links":{"self":[{"href":"https:\/\/roveyayinevi.com.tr\/index.php\/wp-json\/wp\/v2\/product\/780551","targetHints":{"allow":["GET"]}}],"collection":[{"href":"https:\/\/roveyayinevi.com.tr\/index.php\/wp-json\/wp\/v2\/product"}],"about":[{"href":"https:\/\/roveyayinevi.com.tr\/index.php\/wp-json\/wp\/v2\/types\/product"}],"wp:attachment":[{"href":"https:\/\/roveyayinevi.com.tr\/index.php\/wp-json\/wp\/v2\/media?parent=780551"}],"wp:term":[{"taxonomy":"product_brand","embeddable":true,"href":"https:\/\/roveyayinevi.com.tr\/index.php\/wp-json\/wp\/v2\/product_brand?post=780551"},{"taxonomy":"product_cat","embeddable":true,"href":"https:\/\/roveyayinevi.com.tr\/index.php\/wp-json\/wp\/v2\/product_cat?post=780551"},{"taxonomy":"product_tag","embeddable":true,"href":"https:\/\/roveyayinevi.com.tr\/index.php\/wp-json\/wp\/v2\/product_tag?post=780551"}],"curies":[{"name":"wp","href":"https:\/\/api.w.org\/{rel}","templated":true}]}}