{"id":780546,"date":"2026-01-20T03:05:05","date_gmt":"2026-01-20T00:05:05","guid":{"rendered":"https:\/\/roveyayinevi.com.tr\/index.php\/urun\/aska-ovgu-2\/"},"modified":"2026-04-16T02:36:44","modified_gmt":"2026-04-15T23:36:44","slug":"aska-ovgu-2","status":"publish","type":"product","link":"https:\/\/roveyayinevi.com.tr\/index.php\/urun\/aska-ovgu-2\/","title":{"rendered":"A\u015fka \u00d6vg\u00fc"},"content":{"rendered":"<p>\u00c7evrimi\u00e7i fl\u00f6rt\u00fcn risksiz romantizm vaat etti\u011fi, sevginin ise \u00e7o\u011fu zaman sadece arzu ve hedonizmin bir \u00e7e\u015fidi olarak g\u00f6r\u00fcld\u00fc\u011f\u00fc t\u00fcketimcilikle dolu bir d\u00fcnyada Alain Badiou, a\u015fk\u0131n tehdit alt\u0131nda oldu\u011funa inan\u0131yor. Rimbaud\u2019nun \u00fcnl\u00fc \u201cA\u015fk\u0131 yeniden icat etmeli, besbelli\u201d s\u00f6z\u00fcn\u00fc \u00f6z\u00fcmseyen A\u015fka \u00d6vg\u00fc; Kierkegaard, Platon, de Beauvoir ve Proust gibi isimlerin de e\u015flik etti\u011fi, 21. y\u00fczy\u0131l modernli\u011fi kar\u015f\u0131s\u0131nda yeni bir a\u015fk anlat\u0131s\u0131. A\u015fk\u0131 varolu\u015fsal bir proje, s\u00fcrekli geli\u015fen bir hakikat aray\u0131\u015f\u0131 olarak ele alan Badiou\u2019nun \u201cantikapitalist a\u015fk\u0131n birle\u015ftirici g\u00fcc\u00fc\u201dne \u00f6vg\u00fcs\u00fc bizi ondan korkmamaya, ba\u015fkalar\u0131n\u0131 ke\u015ffetmeye ve kendimize olan saplant\u0131m\u0131zdan uzakla\u015fmaya sevk eden muhte\u015fem bir giri\u015fim. \u201cBu d\u00fcnyay\u0131 do\u011frudan, \u00f6tekiyle birlikte olman\u0131n bana kazand\u0131rd\u0131\u011f\u0131 mutlulu\u011fun kayna\u011f\u0131 olarak g\u00f6r\u00fcyorum ben. \u2018Seni seviyorum\u2019 s\u00f6z\u00fc \u015funa d\u00f6n\u00fc\u015f\u00fcr: Senin benim ya\u015fam\u0131m i\u00e7in olu\u015fturdu\u011fun kaynak bu d\u00fcnyada var. Bu kayna\u011f\u0131n sular\u0131nda, sevincimizi, \u00f6ncelikle seninkini g\u00f6r\u00fcyorum. Mallarm\u00e9\u2019nin \u015fu \u015fiirindeki gibi g\u00f6r\u00fcyorum onu:  D\u00f6nd\u00fcn dalga i\u00e7inde  \u00c7\u0131plak sevincine\u201d <\/p>\n","protected":false},"excerpt":{"rendered":"<p>\u00c7evrimi\u00e7i fl\u00f6rt\u00fcn risksiz romantizm vaat etti\u011fi, sevginin ise \u00e7o\u011fu zaman sadece arzu ve hedonizmin bir \u00e7e\u015fidi olarak g\u00f6r\u00fcld\u00fc\u011f\u00fc t\u00fcketimcilikle dolu bir d\u00fcnyada Alain Badiou, a\u015fk\u0131n tehdit<span class=\"excerpt-hellip\"> [\u2026]<\/span><\/p>\n","protected":false},"featured_media":0,"template":"","meta":{"_monsterinsights_skip_tracking":false,"_monsterinsights_sitenote_active":false,"_monsterinsights_sitenote_note":"","_monsterinsights_sitenote_category":0},"product_brand":[],"product_cat":[16038,12388],"product_tag":[],"class_list":{"0":"post-780546","1":"product","2":"type-product","3":"status-publish","5":"product_cat-arastirma-inceleme-referans-felsefe","6":"product_cat-felsefe","7":"pa_cilt-ciltsiz","8":"pa_tur-kitap","9":"pa_yayinevi-tellekt","10":"pa_yazar-alain-badiou-nicolas-truong","12":"first","13":"instock","14":"sale","15":"shipping-taxable","16":"purchasable","17":"product-type-simple"},"_links":{"self":[{"href":"https:\/\/roveyayinevi.com.tr\/index.php\/wp-json\/wp\/v2\/product\/780546","targetHints":{"allow":["GET"]}}],"collection":[{"href":"https:\/\/roveyayinevi.com.tr\/index.php\/wp-json\/wp\/v2\/product"}],"about":[{"href":"https:\/\/roveyayinevi.com.tr\/index.php\/wp-json\/wp\/v2\/types\/product"}],"wp:attachment":[{"href":"https:\/\/roveyayinevi.com.tr\/index.php\/wp-json\/wp\/v2\/media?parent=780546"}],"wp:term":[{"taxonomy":"product_brand","embeddable":true,"href":"https:\/\/roveyayinevi.com.tr\/index.php\/wp-json\/wp\/v2\/product_brand?post=780546"},{"taxonomy":"product_cat","embeddable":true,"href":"https:\/\/roveyayinevi.com.tr\/index.php\/wp-json\/wp\/v2\/product_cat?post=780546"},{"taxonomy":"product_tag","embeddable":true,"href":"https:\/\/roveyayinevi.com.tr\/index.php\/wp-json\/wp\/v2\/product_tag?post=780546"}],"curies":[{"name":"wp","href":"https:\/\/api.w.org\/{rel}","templated":true}]}}