{"id":780545,"date":"2026-01-20T03:04:52","date_gmt":"2026-01-20T00:04:52","guid":{"rendered":"https:\/\/roveyayinevi.com.tr\/index.php\/urun\/bilgi-dolu-ilk-kitaplarim-hayvanlar-ailesi-set-5-kitap\/"},"modified":"2026-04-16T02:36:34","modified_gmt":"2026-04-15T23:36:34","slug":"bilgi-dolu-ilk-kitaplarim-hayvanlar-ailesi-set-5-kitap","status":"publish","type":"product","link":"https:\/\/roveyayinevi.com.tr\/index.php\/urun\/bilgi-dolu-ilk-kitaplarim-hayvanlar-ailesi-set-5-kitap\/","title":{"rendered":"Bilgi Dolu \u0130lk Kitaplar\u0131m Hayvanlar Ailesi Set (5 Kitap)"},"content":{"rendered":"<p>Merakl\u0131 miniklere bilgi dolu kitaplar! Ormanda,\u00e7iftlikte,okyanusta ve g\u00f6ky\u00fcz\u00fcnde kimler ya\u015far? Her sayfada e\u011flenceli sorular,etkinlik kitab\u0131 ve yap-bozlar! Bilgi dolu e\u011flence bu kutunun i\u00e7inde!<\/p>\n","protected":false},"excerpt":{"rendered":"<p>Merakl\u0131 miniklere bilgi dolu kitaplar! Ormanda,\u00e7iftlikte,okyanusta ve g\u00f6ky\u00fcz\u00fcnde kimler ya\u015far? Her sayfada e\u011flenceli sorular,etkinlik kitab\u0131 ve yap-bozlar! Bilgi dolu e\u011flence bu kutunun i\u00e7inde!<\/p>\n","protected":false},"featured_media":0,"template":"","meta":{"_monsterinsights_skip_tracking":false,"_monsterinsights_sitenote_active":false,"_monsterinsights_sitenote_note":"","_monsterinsights_sitenote_category":0},"product_brand":[],"product_cat":[12274,12518],"product_tag":[],"class_list":{"0":"post-780545","1":"product","2":"type-product","3":"status-publish","5":"product_cat-cocuk-ve-genclik-kitaplari","6":"product_cat-okul-oncesi-kitaplar","7":"pa_cilt-set","8":"pa_tur-kitap","9":"pa_yayinevi-sincap-kitap","10":"pa_yazar-kevser-aya","12":"first","13":"instock","14":"sale","15":"shipping-taxable","16":"purchasable","17":"product-type-simple"},"_links":{"self":[{"href":"https:\/\/roveyayinevi.com.tr\/index.php\/wp-json\/wp\/v2\/product\/780545","targetHints":{"allow":["GET"]}}],"collection":[{"href":"https:\/\/roveyayinevi.com.tr\/index.php\/wp-json\/wp\/v2\/product"}],"about":[{"href":"https:\/\/roveyayinevi.com.tr\/index.php\/wp-json\/wp\/v2\/types\/product"}],"wp:attachment":[{"href":"https:\/\/roveyayinevi.com.tr\/index.php\/wp-json\/wp\/v2\/media?parent=780545"}],"wp:term":[{"taxonomy":"product_brand","embeddable":true,"href":"https:\/\/roveyayinevi.com.tr\/index.php\/wp-json\/wp\/v2\/product_brand?post=780545"},{"taxonomy":"product_cat","embeddable":true,"href":"https:\/\/roveyayinevi.com.tr\/index.php\/wp-json\/wp\/v2\/product_cat?post=780545"},{"taxonomy":"product_tag","embeddable":true,"href":"https:\/\/roveyayinevi.com.tr\/index.php\/wp-json\/wp\/v2\/product_tag?post=780545"}],"curies":[{"name":"wp","href":"https:\/\/api.w.org\/{rel}","templated":true}]}}