{"id":780542,"date":"2026-01-20T03:04:05","date_gmt":"2026-01-20T00:04:05","guid":{"rendered":"https:\/\/roveyayinevi.com.tr\/index.php\/urun\/felsefe-tarihi-2-hellenizimden-augustinusa\/"},"modified":"2026-02-03T02:52:19","modified_gmt":"2026-02-02T23:52:19","slug":"felsefe-tarihi-2-hellenizimden-augustinusa","status":"publish","type":"product","link":"https:\/\/roveyayinevi.com.tr\/index.php\/urun\/felsefe-tarihi-2-hellenizimden-augustinusa\/","title":{"rendered":"Felsefe Tarihi 2 -Hellenizimden Augustinusa"},"content":{"rendered":"<p>Klasik felsefenin Hellenistik d\u00f6neminin genelde Aristoteles\u2019in M\u00d6 322\u2019deki \u00f6l\u00fcm\u00fcyle ba\u015flad\u0131\u011f\u0131 ve Ptolemaios hanedan\u0131n\u0131n son M\u0131s\u0131r krali\u00e7esi Kleopatra\u2019n\u0131n M\u00d6 30\u2019daki \u00f6l\u00fcm\u00fcyle sona erdi\u011fi s\u00f6ylenir. Hellenistik \u00e7a\u011fda daha geli\u015fmi\u015f bir felsefi \u201cokul\u201d fikri ortaya \u00e7\u0131kar. Platon\u2019un Akademeia\u2019s\u0131 ve Aristoteles\u2019in Lykeion\u2019u baz\u0131 a\u00e7\u0131lardan birer felsefe okulu say\u0131labilirse de, Hellenistik \u00e7a\u011fda do\u011fal d\u00fcnya, mant\u0131k, epistemoloji ve etik alan\u0131nda az veya \u00e7ok ayr\u0131nt\u0131l\u0131 yorumlar sunan, birbirleriyle rekabet halinde \u00e7e\u015fitli \u00f6\u011fretiler geli\u015ftirilir. Bu d\u00fc\u015f\u00fcnce okullar\u0131 kurumsal a\u00e7\u0131dan az veya \u00e7ok kat\u0131 bir bi\u00e7im edinir, ba\u015flar\u0131nda ortak bir kararla se\u00e7ilen bir lider veya skholarkh\u0113s bulunur ve bu liderin \u00f6l\u00fcm\u00fcnden sonra onu izleyecek halefi de olduk\u00e7a resmi bir prosed\u00fcrle belirlenir. Bu d\u00f6nemin ba\u015fl\u0131ca iki okulu Stoac\u0131lar\u0131n ve Epikouros\u00e7ular\u0131n okullar\u0131d\u0131r. Ancak Kynikler ile Kyreneliler gibi daha k\u00fc\u00e7\u00fck okullar\u0131n da var oldu\u011fu ve Platon\u2019un Akademeia\u2019s\u0131 ile Peripatetiklerin de varl\u0131klar\u0131n\u0131 s\u00fcrd\u00fcrd\u00fckleri unutulmamal\u0131d\u0131r.<\/p>\n","protected":false},"excerpt":{"rendered":"<p>Klasik felsefenin Hellenistik d\u00f6neminin genelde Aristoteles\u2019in M\u00d6 322\u2019deki \u00f6l\u00fcm\u00fcyle ba\u015flad\u0131\u011f\u0131 ve Ptolemaios hanedan\u0131n\u0131n son M\u0131s\u0131r krali\u00e7esi Kleopatra\u2019n\u0131n M\u00d6 30\u2019daki \u00f6l\u00fcm\u00fcyle sona erdi\u011fi s\u00f6ylenir. Hellenistik \u00e7a\u011fda daha<span class=\"excerpt-hellip\"> [\u2026]<\/span><\/p>\n","protected":false},"featured_media":0,"template":"","meta":{"_monsterinsights_skip_tracking":false,"_monsterinsights_sitenote_active":false,"_monsterinsights_sitenote_note":"","_monsterinsights_sitenote_category":0},"product_brand":[],"product_cat":[12388,14717],"product_tag":[],"class_list":{"0":"post-780542","1":"product","2":"type-product","3":"status-publish","5":"product_cat-felsefe","6":"product_cat-felsefe-tarihi","7":"pa_cilt-ciltsiz","8":"pa_tur-kitap","9":"pa_yayinevi-alfa-yayinlari","10":"pa_yazar-umberto-eco-riccardo-fedriga","12":"first","13":"instock","14":"sale","15":"shipping-taxable","16":"purchasable","17":"product-type-simple"},"_links":{"self":[{"href":"https:\/\/roveyayinevi.com.tr\/index.php\/wp-json\/wp\/v2\/product\/780542","targetHints":{"allow":["GET"]}}],"collection":[{"href":"https:\/\/roveyayinevi.com.tr\/index.php\/wp-json\/wp\/v2\/product"}],"about":[{"href":"https:\/\/roveyayinevi.com.tr\/index.php\/wp-json\/wp\/v2\/types\/product"}],"wp:attachment":[{"href":"https:\/\/roveyayinevi.com.tr\/index.php\/wp-json\/wp\/v2\/media?parent=780542"}],"wp:term":[{"taxonomy":"product_brand","embeddable":true,"href":"https:\/\/roveyayinevi.com.tr\/index.php\/wp-json\/wp\/v2\/product_brand?post=780542"},{"taxonomy":"product_cat","embeddable":true,"href":"https:\/\/roveyayinevi.com.tr\/index.php\/wp-json\/wp\/v2\/product_cat?post=780542"},{"taxonomy":"product_tag","embeddable":true,"href":"https:\/\/roveyayinevi.com.tr\/index.php\/wp-json\/wp\/v2\/product_tag?post=780542"}],"curies":[{"name":"wp","href":"https:\/\/api.w.org\/{rel}","templated":true}]}}