{"id":780541,"date":"2026-01-20T03:03:08","date_gmt":"2026-01-20T00:03:08","guid":{"rendered":"https:\/\/roveyayinevi.com.tr\/index.php\/urun\/egitim-hukuku-pratik-calismalari\/"},"modified":"2026-04-16T02:35:25","modified_gmt":"2026-04-15T23:35:25","slug":"egitim-hukuku-pratik-calismalari","status":"publish","type":"product","link":"https:\/\/roveyayinevi.com.tr\/index.php\/urun\/egitim-hukuku-pratik-calismalari\/","title":{"rendered":"E\u011fitim Hukuku Pratik \u00c7al\u0131\u015fmalar\u0131"},"content":{"rendered":"<p>E\u011fitim Hukuku Pratik \u00c7al\u0131\u015fmalar\u0131 kitab\u0131, ba\u015fl\u0131\u011f\u0131 ve i\u00e7eri\u011fi itibar\u0131 ile T\u00fcrkiye&#8217;de ilk olma niteli\u011findedir. Kitap hem hukuk\u00e7ulara hem de e\u011fitimcilere y\u00f6nelik ve de okuyucu dostu olarak nitelendirilebilecek bir \u00fcslup ve i\u00e7erikle haz\u0131rlanm\u0131\u015ft\u0131r.Kitapta ilk olarak tamam\u0131 \u00e7\u00f6z\u00fcml\u00fc ve \u00f6zg\u00fcn 10 pratik \u00e7al\u0131\u015fmaya yer verilmi\u015ftir.E\u011fitim hukukunun i\u00e7eri\u011finin belirlenmesinde mahkeme kararlar\u0131n\u0131n yads\u0131namaz \u00f6nemi dikkate al\u0131narak ikinci b\u00f6l\u00fcmde de se\u00e7ilmi\u015f y\u00fcksek mahkeme kararlar\u0131na yer verilmi\u015ftir. Dersi alan \u00f6\u011frencilerin s\u0131navlar\u0131na daha iyi haz\u0131rl\u0131k yapabilmesi i\u00e7in kitab\u0131n \u00fc\u00e7\u00fcnc\u00fc b\u00f6l\u00fcm\u00fcnde ge\u00e7mi\u015f y\u0131llara ait \u00e7oktan se\u00e7meli ve klasik s\u0131nav \u00f6rnekleri yer almaktad\u0131r. Kitab\u0131n d\u00f6rd\u00fcnc\u00fc b\u00f6l\u00fcm\u00fcnde ise \u00f6rnek dava ve idari ba\u015fvuru dilek\u00e7eleriyle s\u00f6zle\u015fme \u00f6rnekleri bulunmaktad\u0131r.<\/p>\n","protected":false},"excerpt":{"rendered":"<p>E\u011fitim Hukuku Pratik \u00c7al\u0131\u015fmalar\u0131 kitab\u0131, ba\u015fl\u0131\u011f\u0131 ve i\u00e7eri\u011fi itibar\u0131 ile T\u00fcrkiye&#8217;de ilk olma niteli\u011findedir. Kitap hem hukuk\u00e7ulara hem de e\u011fitimcilere y\u00f6nelik ve de okuyucu dostu olarak<span class=\"excerpt-hellip\"> [\u2026]<\/span><\/p>\n","protected":false},"featured_media":0,"template":"","meta":{"_monsterinsights_skip_tracking":false,"_monsterinsights_sitenote_active":false,"_monsterinsights_sitenote_note":"","_monsterinsights_sitenote_category":0},"product_brand":[],"product_cat":[15350,17602],"product_tag":[],"class_list":{"0":"post-780541","1":"product","2":"type-product","3":"status-publish","5":"product_cat-hukuk","6":"product_cat-hukuk-uzerine","7":"pa_cilt-ciltsiz","8":"pa_tur-kitap","9":"pa_yayinevi-nobel-akademik-yayincilik","10":"pa_yazar-murat-bulbul","12":"first","13":"instock","14":"sale","15":"shipping-taxable","16":"purchasable","17":"product-type-simple"},"_links":{"self":[{"href":"https:\/\/roveyayinevi.com.tr\/index.php\/wp-json\/wp\/v2\/product\/780541","targetHints":{"allow":["GET"]}}],"collection":[{"href":"https:\/\/roveyayinevi.com.tr\/index.php\/wp-json\/wp\/v2\/product"}],"about":[{"href":"https:\/\/roveyayinevi.com.tr\/index.php\/wp-json\/wp\/v2\/types\/product"}],"wp:attachment":[{"href":"https:\/\/roveyayinevi.com.tr\/index.php\/wp-json\/wp\/v2\/media?parent=780541"}],"wp:term":[{"taxonomy":"product_brand","embeddable":true,"href":"https:\/\/roveyayinevi.com.tr\/index.php\/wp-json\/wp\/v2\/product_brand?post=780541"},{"taxonomy":"product_cat","embeddable":true,"href":"https:\/\/roveyayinevi.com.tr\/index.php\/wp-json\/wp\/v2\/product_cat?post=780541"},{"taxonomy":"product_tag","embeddable":true,"href":"https:\/\/roveyayinevi.com.tr\/index.php\/wp-json\/wp\/v2\/product_tag?post=780541"}],"curies":[{"name":"wp","href":"https:\/\/api.w.org\/{rel}","templated":true}]}}