{"id":780539,"date":"2026-01-20T03:01:05","date_gmt":"2026-01-20T00:01:05","guid":{"rendered":"https:\/\/roveyayinevi.com.tr\/index.php\/urun\/isabelle-3\/"},"modified":"2026-04-16T02:34:09","modified_gmt":"2026-04-15T23:34:09","slug":"isabelle-3","status":"publish","type":"product","link":"https:\/\/roveyayinevi.com.tr\/index.php\/urun\/isabelle-3\/","title":{"rendered":"Isabelle"},"content":{"rendered":"<p>G\u00e9rard\u2019\u0131n ara\u015ft\u0131rma yapmak i\u00e7in geldi\u011fi Quartfourche \u015eatosu, gen\u00e7 adam\u0131 romantik bir ser\u00fcvene davet eder. \u015eatonun k\u00fc\u00e7\u00fck sakini Casimir, ge\u00e7mi\u015fe a\u00e7\u0131lan bir kap\u0131n\u0131n anahtar\u0131d\u0131r. G\u00e9rard, \u00e7ocu\u011fun annesinin portresine tutkuyla \u00e2\u015f\u0131k olur ve bu kad\u0131n\u0131n evden ayr\u0131l\u0131\u015f\u0131n\u0131n ard\u0131ndaki s\u0131r perdesini aralamaya giri\u015fir. G\u00f6r\u00fcn\u00fc\u015fe aldanan hayalperestlerin baz\u0131 perdeleri a\u00e7mamas\u0131 gerekti\u011fini \u00f6\u011frenecektir. Isabelle, k\u00f6kl\u00fc bir ailenin ve k\u00f6kl\u00fc bir \u015fatonun \u00e7\u00f6k\u00fc\u015flerini paralel olarak anlatan bir k\u0131sa roman.  <\/p>\n","protected":false},"excerpt":{"rendered":"<p>G\u00e9rard\u2019\u0131n ara\u015ft\u0131rma yapmak i\u00e7in geldi\u011fi Quartfourche \u015eatosu, gen\u00e7 adam\u0131 romantik bir ser\u00fcvene davet eder. \u015eatonun k\u00fc\u00e7\u00fck sakini Casimir, ge\u00e7mi\u015fe a\u00e7\u0131lan bir kap\u0131n\u0131n anahtar\u0131d\u0131r. G\u00e9rard, \u00e7ocu\u011fun annesinin<span class=\"excerpt-hellip\"> [\u2026]<\/span><\/p>\n","protected":false},"featured_media":0,"template":"","meta":{"_monsterinsights_skip_tracking":false,"_monsterinsights_sitenote_active":false,"_monsterinsights_sitenote_note":"","_monsterinsights_sitenote_category":0},"product_brand":[],"product_cat":[12291,12711],"product_tag":[],"class_list":{"0":"post-780539","1":"product","2":"type-product","3":"status-publish","5":"product_cat-edebiyat","6":"product_cat-roman-oyku","7":"pa_cilt-ciltsiz","8":"pa_tur-kitap","9":"pa_yayinevi-can-yayinlari","10":"pa_yazar-andre-gide","12":"first","13":"instock","14":"sale","15":"shipping-taxable","16":"purchasable","17":"product-type-simple"},"_links":{"self":[{"href":"https:\/\/roveyayinevi.com.tr\/index.php\/wp-json\/wp\/v2\/product\/780539","targetHints":{"allow":["GET"]}}],"collection":[{"href":"https:\/\/roveyayinevi.com.tr\/index.php\/wp-json\/wp\/v2\/product"}],"about":[{"href":"https:\/\/roveyayinevi.com.tr\/index.php\/wp-json\/wp\/v2\/types\/product"}],"wp:attachment":[{"href":"https:\/\/roveyayinevi.com.tr\/index.php\/wp-json\/wp\/v2\/media?parent=780539"}],"wp:term":[{"taxonomy":"product_brand","embeddable":true,"href":"https:\/\/roveyayinevi.com.tr\/index.php\/wp-json\/wp\/v2\/product_brand?post=780539"},{"taxonomy":"product_cat","embeddable":true,"href":"https:\/\/roveyayinevi.com.tr\/index.php\/wp-json\/wp\/v2\/product_cat?post=780539"},{"taxonomy":"product_tag","embeddable":true,"href":"https:\/\/roveyayinevi.com.tr\/index.php\/wp-json\/wp\/v2\/product_tag?post=780539"}],"curies":[{"name":"wp","href":"https:\/\/api.w.org\/{rel}","templated":true}]}}