{"id":780538,"date":"2026-01-20T03:00:55","date_gmt":"2026-01-20T00:00:55","guid":{"rendered":"https:\/\/roveyayinevi.com.tr\/index.php\/urun\/klasik-fiziksel-ve-goreceli-mekanik\/"},"modified":"2026-04-16T02:34:03","modified_gmt":"2026-04-15T23:34:03","slug":"klasik-fiziksel-ve-goreceli-mekanik","status":"publish","type":"product","link":"https:\/\/roveyayinevi.com.tr\/index.php\/urun\/klasik-fiziksel-ve-goreceli-mekanik\/","title":{"rendered":"Klasik Fiziksel ve G\u00f6receli Mekanik"},"content":{"rendered":"<p>Newton mekani\u011fi ve g\u00f6receli mekani\u011fin temel kavramlar\u0131 belli \u00f6l\u00e7\u00fcler i\u00e7inde verilmektedir. Konular i\u015flenirken olduk\u00e7a k\u0131sa ve kolay anla\u015f\u0131labilir bir bi\u00e7imde verilmeye \u00f6zen g\u00f6sterildi. \u00c7ok ayr\u0131nt\u0131ya girildik\u00e7e \u00f6zden uzakla\u015f\u0131laca\u011f\u0131, bir konu \u00e7ok ayr\u0131nt\u0131l\u0131 anlat\u0131ld\u0131\u011f\u0131 zaman as\u0131l noktalar\u0131 yakalaman\u0131n g\u00fc\u00e7 olaca\u011f\u0131 ilkesi ve deneyimi g\u00f6z \u00f6n\u00fcne bulunduruldu. Okuyucu k\u0131sa ve temel bilgileri iyice anlad\u0131\u011f\u0131 zaman daha g\u00fc\u00e7 ve karma\u015f\u0131k problemleri zorlanmadan \u00e7\u00f6zebilme olana\u011f\u0131n\u0131 ve becerisini elde edecektir. Konular i\u015flenirken daha \u00e7ok vekt\u00f6r ve diferansiyel y\u00f6ntemler kullan\u0131ld\u0131. Olabildi\u011fince T\u00fcrk\u00e7e terimler kullan\u0131lmaya \u00e7al\u0131\u015f\u0131ld\u0131. Konular\u0131n verili\u015finde pedagojik bir s\u0131ra da g\u00f6zetildi. \u00c7ok say\u0131da \u00e7\u00f6z\u00fclm\u00fc\u015f \u00f6rnek ve \u00e7\u00f6z\u00fclecek al\u0131\u015ft\u0131rmalar verildi. Kitap ba\u015fl\u0131ca \u015fu b\u00f6l\u00fcmleri i\u00e7ermektedir: Giri\u015f; Mekani\u011fin temel kavramlar\u0131; D\u00fczg\u00fcn kuvvet alan\u0131nda hareket; Harmonik hareket; Merkezsel kuvvet alan\u0131nda hareket; Hareketli konsay\u0131 d\u00fczenimlerinde hareket; Kat\u0131 cisimlerin hareketi; Par\u00e7alanma, \u00e7arp\u0131\u015fma ve sa\u00e7\u0131lmalar; G\u00f6receli mekanik ilkeleri; G\u00f6receli mekanik kuram\u0131; Matematiksel ekler. Bu kitab\u0131n kendi alan\u0131nda bir bo\u015flu\u011fu dolduraca\u011f\u0131na inan\u0131lmaktad\u0131r. \u00d6zellikle lisans ve lisans\u00fcst\u00fc fizik ve m\u00fchendislik \u00f6\u011frencilerine, ara\u015ft\u0131rmac\u0131lara ve T\u00fcrk\u00e7e kaynak s\u0131k\u0131nt\u0131s\u0131 \u00e7eken ba\u015fka okuyuculara \u00e7ok yararl\u0131 olacakt\u0131r.<\/p>\n","protected":false},"excerpt":{"rendered":"<p>Newton mekani\u011fi ve g\u00f6receli mekani\u011fin temel kavramlar\u0131 belli \u00f6l\u00e7\u00fcler i\u00e7inde verilmektedir. Konular i\u015flenirken olduk\u00e7a k\u0131sa ve kolay anla\u015f\u0131labilir bir bi\u00e7imde verilmeye \u00f6zen g\u00f6sterildi. \u00c7ok ayr\u0131nt\u0131ya girildik\u00e7e<span class=\"excerpt-hellip\"> [\u2026]<\/span><\/p>\n","protected":false},"featured_media":0,"template":"","meta":{"_monsterinsights_skip_tracking":false,"_monsterinsights_sitenote_active":false,"_monsterinsights_sitenote_note":"","_monsterinsights_sitenote_category":0},"product_brand":[],"product_cat":[43754,13005],"product_tag":[],"class_list":{"0":"post-780538","1":"product","2":"type-product","3":"status-publish","5":"product_cat-astronomi","6":"product_cat-bilim-muhendislik","7":"pa_cilt-ciltsiz","8":"pa_tur-kitap","9":"pa_yayinevi-nobel-akademi","10":"pa_yazar-h-huseyin-erbil","12":"first","13":"instock","14":"sale","15":"shipping-taxable","16":"purchasable","17":"product-type-simple"},"_links":{"self":[{"href":"https:\/\/roveyayinevi.com.tr\/index.php\/wp-json\/wp\/v2\/product\/780538","targetHints":{"allow":["GET"]}}],"collection":[{"href":"https:\/\/roveyayinevi.com.tr\/index.php\/wp-json\/wp\/v2\/product"}],"about":[{"href":"https:\/\/roveyayinevi.com.tr\/index.php\/wp-json\/wp\/v2\/types\/product"}],"wp:attachment":[{"href":"https:\/\/roveyayinevi.com.tr\/index.php\/wp-json\/wp\/v2\/media?parent=780538"}],"wp:term":[{"taxonomy":"product_brand","embeddable":true,"href":"https:\/\/roveyayinevi.com.tr\/index.php\/wp-json\/wp\/v2\/product_brand?post=780538"},{"taxonomy":"product_cat","embeddable":true,"href":"https:\/\/roveyayinevi.com.tr\/index.php\/wp-json\/wp\/v2\/product_cat?post=780538"},{"taxonomy":"product_tag","embeddable":true,"href":"https:\/\/roveyayinevi.com.tr\/index.php\/wp-json\/wp\/v2\/product_tag?post=780538"}],"curies":[{"name":"wp","href":"https:\/\/api.w.org\/{rel}","templated":true}]}}