{"id":780532,"date":"2026-01-20T02:58:51","date_gmt":"2026-01-19T23:58:51","guid":{"rendered":"https:\/\/roveyayinevi.com.tr\/index.php\/urun\/sorun-ve-uluslararasi-sistem-the-problem-and-the-international-system\/"},"modified":"2026-04-16T02:32:52","modified_gmt":"2026-04-15T23:32:52","slug":"sorun-ve-uluslararasi-sistem-the-problem-and-the-international-system","status":"publish","type":"product","link":"https:\/\/roveyayinevi.com.tr\/index.php\/urun\/sorun-ve-uluslararasi-sistem-the-problem-and-the-international-system\/","title":{"rendered":"Sorun ve Uluslararas\u0131 Sistem &#8211; The Problem and The International System"},"content":{"rendered":"<p>Modern Uluslararas\u0131 Sistem ele al\u0131nd\u0131\u011f\u0131nda, iki a\u00e7\u0131dan sorun s\u00f6z konusu olabilmektedir: 1) Uluslararas\u0131 sorunlar. Modern Uluslararas\u0131 Sistemin i\u015fleyi\u015fi s\u0131ras\u0131nda ortaya \u00e7\u0131kan ve sistemin i\u015fleyi\u015fine uymad\u0131\u011f\u0131 i\u00e7in ad\u0131na sorun denen, \u00e7\u00f6z\u00fcm\u00fcn\u00fcn sisteme uygun h\u00e2le getirmek oldu\u011fu kabul edilen durumlar. Modern Uluslararas\u0131 Sistemin sorun-\u00e7\u00f6z\u00fcm tan\u0131mlamas\u0131 ya da kabul\u00fc \u00e7er\u00e7evesindeki sorunlar. 2) Sistemik sorunlar. Modern Uluslararas\u0131 Sistemin i\u015fleyi\u015finin \u00fcretti\u011fi ya da sistemin i\u015fleyi\u015finde ortaya \u00e7\u0131kan sorunlar. Biz bir \u00fc\u00e7\u00fcnc\u00fc durumdan bahsedip bu durumun da incelemesini yapmak gerekti\u011fini d\u00fc\u015f\u00fcnmekteyiz. Mevcut literat\u00fcrde bu \u00fc\u00e7\u00fcnc\u00fc t\u00fcr sorun \u00fczerine herhangi bir inceleme olmad\u0131\u011f\u0131 gibi sorun olarak dahi kabul edilmemektedir. 3) Bir sorun olarak Modern Uluslararas\u0131 Sistem. Yap\u0131s\u0131 ve i\u015fleyi\u015fi itibariyle Modern Uluslararas\u0131 Sistemin bizatihi kendisinin sorun olu\u015fu. Considering the Modern International System, there can be two problems: 1) International problems. Situations that arise during the operation of the Modern International System and which are called problems because they do not comply with the operation of the system for which solutions that are suitable for the system are generated. Problems within the framework of the Modern International System&#8217;s definition or acceptance of problem-solution. 2) Systemic problems. Problems generated by the operation of the Modern International System or arising in the operation of the system. We think that it is necessary to talk about a third situation and examine it. In the current literature, there is no examination of this third type of problem and it is not even considered as a problem. 3) The Modern International System as a problem. Due to its structure and functioning, the Modern International System itself is a problem.<\/p>\n","protected":false},"excerpt":{"rendered":"<p>Modern Uluslararas\u0131 Sistem ele al\u0131nd\u0131\u011f\u0131nda, iki a\u00e7\u0131dan sorun s\u00f6z konusu olabilmektedir: 1) Uluslararas\u0131 sorunlar. Modern Uluslararas\u0131 Sistemin i\u015fleyi\u015fi s\u0131ras\u0131nda ortaya \u00e7\u0131kan ve sistemin i\u015fleyi\u015fine uymad\u0131\u011f\u0131 i\u00e7in<span class=\"excerpt-hellip\"> [\u2026]<\/span><\/p>\n","protected":false},"featured_media":0,"template":"","meta":{"_monsterinsights_skip_tracking":false,"_monsterinsights_sitenote_active":false,"_monsterinsights_sitenote_note":"","_monsterinsights_sitenote_category":0},"product_brand":[],"product_cat":[12338,12337],"product_tag":[],"class_list":{"0":"post-780532","1":"product","2":"type-product","3":"status-publish","5":"product_cat-dunya-siyaseti-ve-politikasi","6":"product_cat-politika-siyaset","7":"pa_cilt-ciltsiz","8":"pa_tur-kitap","9":"pa_yayinevi-nobel-akademi","10":"pa_yazar-muhammet-savas-kafkasyali","12":"first","13":"instock","14":"sale","15":"shipping-taxable","16":"purchasable","17":"product-type-simple"},"_links":{"self":[{"href":"https:\/\/roveyayinevi.com.tr\/index.php\/wp-json\/wp\/v2\/product\/780532","targetHints":{"allow":["GET"]}}],"collection":[{"href":"https:\/\/roveyayinevi.com.tr\/index.php\/wp-json\/wp\/v2\/product"}],"about":[{"href":"https:\/\/roveyayinevi.com.tr\/index.php\/wp-json\/wp\/v2\/types\/product"}],"wp:attachment":[{"href":"https:\/\/roveyayinevi.com.tr\/index.php\/wp-json\/wp\/v2\/media?parent=780532"}],"wp:term":[{"taxonomy":"product_brand","embeddable":true,"href":"https:\/\/roveyayinevi.com.tr\/index.php\/wp-json\/wp\/v2\/product_brand?post=780532"},{"taxonomy":"product_cat","embeddable":true,"href":"https:\/\/roveyayinevi.com.tr\/index.php\/wp-json\/wp\/v2\/product_cat?post=780532"},{"taxonomy":"product_tag","embeddable":true,"href":"https:\/\/roveyayinevi.com.tr\/index.php\/wp-json\/wp\/v2\/product_tag?post=780532"}],"curies":[{"name":"wp","href":"https:\/\/api.w.org\/{rel}","templated":true}]}}