{"id":780531,"date":"2026-01-20T02:58:49","date_gmt":"2026-01-19T23:58:49","guid":{"rendered":"https:\/\/roveyayinevi.com.tr\/index.php\/urun\/kara-ve-deniz\/"},"modified":"2026-04-16T02:32:52","modified_gmt":"2026-04-15T23:32:52","slug":"kara-ve-deniz","status":"publish","type":"product","link":"https:\/\/roveyayinevi.com.tr\/index.php\/urun\/kara-ve-deniz\/","title":{"rendered":"Kara ve Deniz"},"content":{"rendered":"<p>\u201cAntik bir \u00f6\u011fretiye g\u00f6re b\u00fct\u00fcn insanl\u0131k tarihi, d\u00f6rt unsur i\u00e7inden\u201d, yani toprak, su, ate\u015f ve havadan \u201cge\u00e7en bir yolculuktan ibarettir\u201d diyor Alman siyaset kuramc\u0131s\u0131 Carl Schmitt. \u0130nsan\u0131n k\u00e2inattaki yerine dair kozmolojik bir sorudan yola \u00e7\u0131k\u0131yor ve tarihi, \u201ckara varl\u0131\u011f\u0131\u201d olma kaderi kar\u015f\u0131s\u0131nda, denizler \u00fczerinde h\u00e2kimiyet kurma m\u00fccadelelerine referansla yeniden yaz\u0131p yorumluyor. Schmitt, Peloponnes Sava\u015f\u0131ndan \u0130nebaht\u0131\u2019ya, B\u00fcy\u00fck \u0130skender\u2019den 16. ve 17. y\u00fczy\u0131lda korsanlar halk\u0131na d\u00f6n\u00fc\u015fen \u0130ngilizlere ve elbette kolonyal m\u00fccadelelerle d\u00fcnya sava\u015flar\u0131na uzanan, deniz odakl\u0131 jeopolitik bir d\u00fcnya tarihi okumas\u0131 sunuyor. Yaln\u0131zca tarihin de\u011fil, felsefenin de ara\u00e7lar\u0131n\u0131 kullan\u0131yor Schmitt. Mek\u00e2n kavram\u0131n\u0131n d\u00f6n\u00fc\u015f\u00fcm\u00fcne \u00e7a\u011f\u0131n\u0131n \u00f6tesinden bak\u0131yor ve insan\u0131n mek\u00e2nsal gelece\u011fine dair derin sorular soruyor. Bir gezegen olarak yerk\u00fcremizin nomosunun Kara ve Deniz m\u00fccadelesini a\u015fabilecek yeni \u00f6l\u00e7\u00fclere, daha \u00f6te m\u00fccadele alanlar\u0131na do\u011fru geni\u015fleme olanaklar\u0131na kafa yoruyor. Kara ve Deniz, alt ba\u015fl\u0131\u011f\u0131nda belirtildi\u011fi gibi, bir d\u00fcnya tarihi incelemesi.\ufffcTan\u0131t\u0131m Metni<\/p>\n","protected":false},"excerpt":{"rendered":"<p>\u201cAntik bir \u00f6\u011fretiye g\u00f6re b\u00fct\u00fcn insanl\u0131k tarihi, d\u00f6rt unsur i\u00e7inden\u201d, yani toprak, su, ate\u015f ve havadan \u201cge\u00e7en bir yolculuktan ibarettir\u201d diyor Alman siyaset kuramc\u0131s\u0131 Carl Schmitt.<span class=\"excerpt-hellip\"> [\u2026]<\/span><\/p>\n","protected":false},"featured_media":0,"template":"","meta":{"_monsterinsights_skip_tracking":false,"_monsterinsights_sitenote_active":false,"_monsterinsights_sitenote_note":"","_monsterinsights_sitenote_category":0},"product_brand":[],"product_cat":[12389,12388],"product_tag":[],"class_list":{"0":"post-780531","1":"product","2":"type-product","3":"status-publish","5":"product_cat-diger-felsefe","6":"product_cat-felsefe","7":"pa_cilt-ciltsiz","8":"pa_tur-kitap","9":"pa_yayinevi-vakifbank-kultur-yayinlari","10":"pa_yazar-carl-schmitt","12":"first","13":"instock","14":"sale","15":"shipping-taxable","16":"purchasable","17":"product-type-simple"},"_links":{"self":[{"href":"https:\/\/roveyayinevi.com.tr\/index.php\/wp-json\/wp\/v2\/product\/780531","targetHints":{"allow":["GET"]}}],"collection":[{"href":"https:\/\/roveyayinevi.com.tr\/index.php\/wp-json\/wp\/v2\/product"}],"about":[{"href":"https:\/\/roveyayinevi.com.tr\/index.php\/wp-json\/wp\/v2\/types\/product"}],"wp:attachment":[{"href":"https:\/\/roveyayinevi.com.tr\/index.php\/wp-json\/wp\/v2\/media?parent=780531"}],"wp:term":[{"taxonomy":"product_brand","embeddable":true,"href":"https:\/\/roveyayinevi.com.tr\/index.php\/wp-json\/wp\/v2\/product_brand?post=780531"},{"taxonomy":"product_cat","embeddable":true,"href":"https:\/\/roveyayinevi.com.tr\/index.php\/wp-json\/wp\/v2\/product_cat?post=780531"},{"taxonomy":"product_tag","embeddable":true,"href":"https:\/\/roveyayinevi.com.tr\/index.php\/wp-json\/wp\/v2\/product_tag?post=780531"}],"curies":[{"name":"wp","href":"https:\/\/api.w.org\/{rel}","templated":true}]}}