{"id":780530,"date":"2026-01-20T02:58:44","date_gmt":"2026-01-19T23:58:44","guid":{"rendered":"https:\/\/roveyayinevi.com.tr\/index.php\/urun\/uluslarin-zenginligi-cilt-2\/"},"modified":"2026-04-16T02:32:49","modified_gmt":"2026-04-15T23:32:49","slug":"uluslarin-zenginligi-cilt-2","status":"publish","type":"product","link":"https:\/\/roveyayinevi.com.tr\/index.php\/urun\/uluslarin-zenginligi-cilt-2\/","title":{"rendered":"Uluslar\u0131n Zenginli\u011fi Cilt 2"},"content":{"rendered":"<p>\u0130ktisat biliminin kurucu eserleri aras\u0131nda say\u0131lan Uluslar\u0131n Zenginli\u011fi, b\u00fct\u00fcnl\u00fckl\u00fc yap\u0131s\u0131 ve pratik g\u00f6zlemlere dayanan, olgun, rahat anla\u015f\u0131l\u0131r \u00fcslubuyla g\u00fcn\u00fcm\u00fczde de \u00f6nemini koruyor. Adam Smith\u2019in bu ba\u015fyap\u0131t\u0131, end\u00fcstriyel kapitalizmin emekleme a\u015famalar\u0131n\u0131 yans\u0131t\u0131yor. T\u00fcm d\u00fcnyay\u0131 etkisi alt\u0131na almak \u00fczere olan yeni \u00fcretim y\u00f6ntemleri, bankac\u0131l\u0131kta ya\u015fanan b\u00fcy\u00fck de\u011fi\u015fiklikler, tar\u0131m ve sanayi verimindeki m\u00fcthi\u015f art\u0131\u015f\u2026 Adam Smith, bu b\u00fcy\u00fck de\u011fi\u015fiklikler ya\u015fan\u0131rken temel bir y\u00f6nelimin de temsilcisi haline gelen Uluslar\u0131n Zenginli\u011fi\u2019nin oda\u011f\u0131na, devletin bu geli\u015fmelere m\u00fcdahil olmamas\u0131 gerekti\u011fini yans\u0131tan anlay\u0131\u015f\u0131n\u0131 koyuyor. S\u0131radan insanlar\u0131n, profesyonellerin yard\u0131m\u0131na muhta\u00e7 olmadan iktisadi \u00e7\u0131karlar\u0131n\u0131 koruyabileceklerine inanan Adam Smith, iktisat biliminin k\u00f6klerine inmek isteyenler kadar, iktisat okumalar\u0131 yapmak isteyen merakl\u0131lara da hitap edebiliyor.Yakla\u015f\u0131k 250 y\u0131l \u00f6ncesinden seslenerek g\u00fcn\u00fcm\u00fcz\u00fc anlamam\u0131za yard\u0131m etmeye devam eden Uluslar\u0131n Zenginli\u011fi\u2019nin bu yeni bask\u0131s\u0131; g\u00f6zden ge\u00e7irilmi\u015f \u00e7evirisi, metne sad\u0131k kal\u0131narak g\u00fcncellenen dili, okumay\u0131 kolayla\u015ft\u0131racak \u00f6n yaz\u0131 ve diziniyle okurun kar\u015f\u0131s\u0131nda<\/p>\n","protected":false},"excerpt":{"rendered":"<p>\u0130ktisat biliminin kurucu eserleri aras\u0131nda say\u0131lan Uluslar\u0131n Zenginli\u011fi, b\u00fct\u00fcnl\u00fckl\u00fc yap\u0131s\u0131 ve pratik g\u00f6zlemlere dayanan, olgun, rahat anla\u015f\u0131l\u0131r \u00fcslubuyla g\u00fcn\u00fcm\u00fczde de \u00f6nemini koruyor. Adam Smith\u2019in bu ba\u015fyap\u0131t\u0131,<span class=\"excerpt-hellip\"> [\u2026]<\/span><\/p>\n","protected":false},"featured_media":0,"template":"","meta":{"_monsterinsights_skip_tracking":false,"_monsterinsights_sitenote_active":false,"_monsterinsights_sitenote_note":"","_monsterinsights_sitenote_category":0},"product_brand":[],"product_cat":[20333,13043],"product_tag":[],"class_list":{"0":"post-780530","1":"product","2":"type-product","3":"status-publish","5":"product_cat-diger-ekonomi","6":"product_cat-ekonomi","7":"pa_cilt-ciltsiz","8":"pa_tur-kitap","9":"pa_yayinevi-islik-yayinlari","10":"pa_yazar-adam-smith","12":"first","13":"instock","14":"sale","15":"shipping-taxable","16":"purchasable","17":"product-type-simple"},"_links":{"self":[{"href":"https:\/\/roveyayinevi.com.tr\/index.php\/wp-json\/wp\/v2\/product\/780530","targetHints":{"allow":["GET"]}}],"collection":[{"href":"https:\/\/roveyayinevi.com.tr\/index.php\/wp-json\/wp\/v2\/product"}],"about":[{"href":"https:\/\/roveyayinevi.com.tr\/index.php\/wp-json\/wp\/v2\/types\/product"}],"wp:attachment":[{"href":"https:\/\/roveyayinevi.com.tr\/index.php\/wp-json\/wp\/v2\/media?parent=780530"}],"wp:term":[{"taxonomy":"product_brand","embeddable":true,"href":"https:\/\/roveyayinevi.com.tr\/index.php\/wp-json\/wp\/v2\/product_brand?post=780530"},{"taxonomy":"product_cat","embeddable":true,"href":"https:\/\/roveyayinevi.com.tr\/index.php\/wp-json\/wp\/v2\/product_cat?post=780530"},{"taxonomy":"product_tag","embeddable":true,"href":"https:\/\/roveyayinevi.com.tr\/index.php\/wp-json\/wp\/v2\/product_tag?post=780530"}],"curies":[{"name":"wp","href":"https:\/\/api.w.org\/{rel}","templated":true}]}}