{"id":780526,"date":"2026-01-20T02:55:42","date_gmt":"2026-01-19T23:55:42","guid":{"rendered":"https:\/\/roveyayinevi.com.tr\/index.php\/urun\/yapay-sinir-aglari\/"},"modified":"2026-02-03T02:45:35","modified_gmt":"2026-02-02T23:45:35","slug":"yapay-sinir-aglari","status":"publish","type":"product","link":"https:\/\/roveyayinevi.com.tr\/index.php\/urun\/yapay-sinir-aglari\/","title":{"rendered":"Yapay Sinir A\u011flar\u0131"},"content":{"rendered":"<p>Yapay sinir a\u011flar\u0131, yapay zeka ve veri madencili\u011finde yayg\u0131n kullan\u0131lan ara\u00e7lar olup son y\u0131llarda olduk\u00e7a merak edilen ve dikkat \u00e7eken ara\u015ft\u0131rma alanlar\u0131ndand\u0131r.Yapay sinir a\u011flar\u0131 ko nusunda yay\u0131nlanm\u0131\u015f bir \u00e7ok kitap bulunmas\u0131na ra\u011fmen, ya \u00e7ok teorik ve dar kapsaml\u0131 ya da yapay sinir a\u011flar\u0131 i\u00e7in kullan\u0131lan teknikleri a\u00e7\u0131klay\u0131c\u0131 olacak \u00f6rnek ve uygulamalar ile desteklememektedir.Bu kitapta hem konu hakk\u0131ndaki teori hem de say\u0131sal \u00f6rnekler ile bir sunum ger\u00e7ekle\u015ftirilmi\u015ftir.Ayr\u0131ca mevcut kitapla&#8230;<\/p>\n","protected":false},"excerpt":{"rendered":"<p>Yapay sinir a\u011flar\u0131, yapay zeka ve veri madencili\u011finde yayg\u0131n kullan\u0131lan ara\u00e7lar olup son y\u0131llarda olduk\u00e7a merak edilen ve dikkat \u00e7eken ara\u015ft\u0131rma alanlar\u0131ndand\u0131r.Yapay sinir a\u011flar\u0131 ko nusunda<span class=\"excerpt-hellip\"> [\u2026]<\/span><\/p>\n","protected":false},"featured_media":0,"template":"","meta":{"_monsterinsights_skip_tracking":false,"_monsterinsights_sitenote_active":false,"_monsterinsights_sitenote_note":"","_monsterinsights_sitenote_category":0},"product_brand":[],"product_cat":[13005,37328],"product_tag":[],"class_list":{"0":"post-780526","1":"product","2":"type-product","3":"status-publish","5":"product_cat-bilim-muhendislik","6":"product_cat-diger-bilim-muhendislik","7":"pa_cilt-ciltsiz","8":"pa_tur-kitap","9":"pa_yayinevi-nobel-akademik-yayincilik","10":"pa_yazar-kolektif","12":"first","13":"instock","14":"sale","15":"shipping-taxable","16":"purchasable","17":"product-type-simple"},"_links":{"self":[{"href":"https:\/\/roveyayinevi.com.tr\/index.php\/wp-json\/wp\/v2\/product\/780526","targetHints":{"allow":["GET"]}}],"collection":[{"href":"https:\/\/roveyayinevi.com.tr\/index.php\/wp-json\/wp\/v2\/product"}],"about":[{"href":"https:\/\/roveyayinevi.com.tr\/index.php\/wp-json\/wp\/v2\/types\/product"}],"wp:attachment":[{"href":"https:\/\/roveyayinevi.com.tr\/index.php\/wp-json\/wp\/v2\/media?parent=780526"}],"wp:term":[{"taxonomy":"product_brand","embeddable":true,"href":"https:\/\/roveyayinevi.com.tr\/index.php\/wp-json\/wp\/v2\/product_brand?post=780526"},{"taxonomy":"product_cat","embeddable":true,"href":"https:\/\/roveyayinevi.com.tr\/index.php\/wp-json\/wp\/v2\/product_cat?post=780526"},{"taxonomy":"product_tag","embeddable":true,"href":"https:\/\/roveyayinevi.com.tr\/index.php\/wp-json\/wp\/v2\/product_tag?post=780526"}],"curies":[{"name":"wp","href":"https:\/\/api.w.org\/{rel}","templated":true}]}}