{"id":780522,"date":"2026-01-20T02:53:51","date_gmt":"2026-01-19T23:53:51","guid":{"rendered":"https:\/\/roveyayinevi.com.tr\/index.php\/urun\/merhaba-ciftlik\/"},"modified":"2026-04-16T02:29:54","modified_gmt":"2026-04-15T23:29:54","slug":"merhaba-ciftlik","status":"publish","type":"product","link":"https:\/\/roveyayinevi.com.tr\/index.php\/urun\/merhaba-ciftlik\/","title":{"rendered":"Merhaba \u00c7iftlik"},"content":{"rendered":"<p>C\u0131rt C\u0131rtl\u0131 Hikaye Kitab\u0131Her sabah g\u00fcne \u2018Merhaba\u2019 diyerek ba\u015flayan \u00c7ift\u00e7i Ali, o g\u00fcn ortal\u0131kta g\u00f6r\u00fcnm\u00fcyordu. Sevimli dostlar\u0131 meraklan\u0131p onu aramaya ba\u015fl\u0131yorlar. Ama senin yard\u0131m\u0131n olmadan \u00c7ift\u00e7i Ali\u2019yi bulmalar\u0131 imk\u00e2ns\u0131z! Karakterleri metne g\u00f6re yerlerine yerle\u015ftir, maceraya sen de kat\u0131l!K\u00f6pekler kul\u00fcbesinde, atlar ve inekler ah\u0131r\u0131nda, koyunlar a\u011f\u0131l\u0131nda, tavuklar ise k\u00fcmesinde &#8220;Merhaba&#8221; dedi yeni g\u00fcne. Ama bir tek, \u00c7ift\u00e7i Ali yoktu ortal\u0131kta.Acaba \u00c7ift\u00e7i Ali neredeydi?<\/p>\n","protected":false},"excerpt":{"rendered":"<p>C\u0131rt C\u0131rtl\u0131 Hikaye Kitab\u0131Her sabah g\u00fcne \u2018Merhaba\u2019 diyerek ba\u015flayan \u00c7ift\u00e7i Ali, o g\u00fcn ortal\u0131kta g\u00f6r\u00fcnm\u00fcyordu. Sevimli dostlar\u0131 meraklan\u0131p onu aramaya ba\u015fl\u0131yorlar. Ama senin yard\u0131m\u0131n olmadan \u00c7ift\u00e7i<span class=\"excerpt-hellip\"> [\u2026]<\/span><\/p>\n","protected":false},"featured_media":0,"template":"","meta":{"_monsterinsights_skip_tracking":false,"_monsterinsights_sitenote_active":false,"_monsterinsights_sitenote_note":"","_monsterinsights_sitenote_category":0},"product_brand":[],"product_cat":[15192,12274],"product_tag":[],"class_list":{"0":"post-780522","1":"product","2":"type-product","3":"status-publish","5":"product_cat-1-3-yas-kitaplari","6":"product_cat-cocuk-ve-genclik-kitaplari","7":"pa_cilt-ciltsiz","8":"pa_tur-kitap","9":"pa_yayinevi-sincap-kitap","10":"pa_yazar-asiye-asli-aslaner","12":"first","13":"instock","14":"sale","15":"shipping-taxable","16":"purchasable","17":"product-type-simple"},"_links":{"self":[{"href":"https:\/\/roveyayinevi.com.tr\/index.php\/wp-json\/wp\/v2\/product\/780522","targetHints":{"allow":["GET"]}}],"collection":[{"href":"https:\/\/roveyayinevi.com.tr\/index.php\/wp-json\/wp\/v2\/product"}],"about":[{"href":"https:\/\/roveyayinevi.com.tr\/index.php\/wp-json\/wp\/v2\/types\/product"}],"wp:attachment":[{"href":"https:\/\/roveyayinevi.com.tr\/index.php\/wp-json\/wp\/v2\/media?parent=780522"}],"wp:term":[{"taxonomy":"product_brand","embeddable":true,"href":"https:\/\/roveyayinevi.com.tr\/index.php\/wp-json\/wp\/v2\/product_brand?post=780522"},{"taxonomy":"product_cat","embeddable":true,"href":"https:\/\/roveyayinevi.com.tr\/index.php\/wp-json\/wp\/v2\/product_cat?post=780522"},{"taxonomy":"product_tag","embeddable":true,"href":"https:\/\/roveyayinevi.com.tr\/index.php\/wp-json\/wp\/v2\/product_tag?post=780522"}],"curies":[{"name":"wp","href":"https:\/\/api.w.org\/{rel}","templated":true}]}}