{"id":780521,"date":"2026-01-20T02:53:49","date_gmt":"2026-01-19T23:53:49","guid":{"rendered":"https:\/\/roveyayinevi.com.tr\/index.php\/urun\/mekatronik-temelleri\/"},"modified":"2026-04-16T02:29:54","modified_gmt":"2026-04-15T23:29:54","slug":"mekatronik-temelleri","status":"publish","type":"product","link":"https:\/\/roveyayinevi.com.tr\/index.php\/urun\/mekatronik-temelleri\/","title":{"rendered":"Mekatronik Temelleri"},"content":{"rendered":"<p>Bu kitap, Mekatronik ba\u015fl\u0131\u011f\u0131 alt\u0131nda bir lisans ders kitab\u0131 olarak hizmet verecek \u015fekilde tasarlanm\u0131\u015ft\u0131r. Kitap, birincil ama\u00e7 olarak tek bir metinde konuya tam bir h\u00e2kimiyet sa\u011flamak i\u00e7in mekatronik sistem tasar\u0131m\u0131n\u0131n hem donan\u0131m hem de yaz\u0131l\u0131m y\u00f6nlerini kapsayacak \u015fekilde yaz\u0131lm\u0131\u015ft\u0131r. \u00d6\u011frencinin tam bir mekatronik sistem tasarlamak i\u00e7in genel mekatronik kavramlar\u0131 olan alg\u0131lay\u0131c\u0131, eyleyici, mikrodenetleyici ve elektronik \u00f6\u011frenmesi yetmez, ayr\u0131ca bu donan\u0131m bile\u015fenleriyle etkile\u015fime giren yaz\u0131l\u0131m\u0131n da nas\u0131l tasarlanaca\u011f\u0131n\u0131 \u00f6\u011frenmesi zorunludur. Bu kitap, bu t\u00fcr bir yaz\u0131l\u0131m\u0131 geli\u015ftirmek i\u00e7in yap\u0131land\u0131r\u0131lm\u0131\u015f bir yol sunmaktad\u0131r. Kitaptaki yaz\u0131l\u0131m kavramlar\u0131 hem mikrodenetleyiciler hem de PC tabanl\u0131 sistemler i\u00e7in ge\u00e7erlidir. Verilen yaz\u0131l\u0131m kodu \u00f6rnekleri, \u00e7e\u015fitli tipteki \u00f6\u011frenci ve e\u011fitmenlere kar\u015f\u0131la\u015ft\u0131rabilmeleri amac\u0131yla C, MATLAB ve Visual Basic Express&#8217;te sunulmu\u015ftur.<\/p>\n","protected":false},"excerpt":{"rendered":"<p>Bu kitap, Mekatronik ba\u015fl\u0131\u011f\u0131 alt\u0131nda bir lisans ders kitab\u0131 olarak hizmet verecek \u015fekilde tasarlanm\u0131\u015ft\u0131r. Kitap, birincil ama\u00e7 olarak tek bir metinde konuya tam bir h\u00e2kimiyet sa\u011flamak<span class=\"excerpt-hellip\"> [\u2026]<\/span><\/p>\n","protected":false},"featured_media":0,"template":"","meta":{"_monsterinsights_skip_tracking":false,"_monsterinsights_sitenote_active":false,"_monsterinsights_sitenote_note":"","_monsterinsights_sitenote_category":0},"product_brand":[],"product_cat":[12573,12566],"product_tag":[],"class_list":{"0":"post-780521","1":"product","2":"type-product","3":"status-publish","5":"product_cat-akademik-kitaplar","6":"product_cat-egitim","7":"pa_cilt-ciltsiz","8":"pa_tur-kitap","9":"pa_yayinevi-nobel-akademi","10":"pa_yazar-musa-jouaneh","12":"first","13":"instock","14":"sale","15":"shipping-taxable","16":"purchasable","17":"product-type-simple"},"_links":{"self":[{"href":"https:\/\/roveyayinevi.com.tr\/index.php\/wp-json\/wp\/v2\/product\/780521","targetHints":{"allow":["GET"]}}],"collection":[{"href":"https:\/\/roveyayinevi.com.tr\/index.php\/wp-json\/wp\/v2\/product"}],"about":[{"href":"https:\/\/roveyayinevi.com.tr\/index.php\/wp-json\/wp\/v2\/types\/product"}],"wp:attachment":[{"href":"https:\/\/roveyayinevi.com.tr\/index.php\/wp-json\/wp\/v2\/media?parent=780521"}],"wp:term":[{"taxonomy":"product_brand","embeddable":true,"href":"https:\/\/roveyayinevi.com.tr\/index.php\/wp-json\/wp\/v2\/product_brand?post=780521"},{"taxonomy":"product_cat","embeddable":true,"href":"https:\/\/roveyayinevi.com.tr\/index.php\/wp-json\/wp\/v2\/product_cat?post=780521"},{"taxonomy":"product_tag","embeddable":true,"href":"https:\/\/roveyayinevi.com.tr\/index.php\/wp-json\/wp\/v2\/product_tag?post=780521"}],"curies":[{"name":"wp","href":"https:\/\/api.w.org\/{rel}","templated":true}]}}