{"id":780520,"date":"2026-01-20T02:52:58","date_gmt":"2026-01-19T23:52:58","guid":{"rendered":"https:\/\/roveyayinevi.com.tr\/index.php\/urun\/izlanda-balikcisi-2\/"},"modified":"2026-04-16T02:29:26","modified_gmt":"2026-04-15T23:29:26","slug":"izlanda-balikcisi-2","status":"publish","type":"product","link":"https:\/\/roveyayinevi.com.tr\/index.php\/urun\/izlanda-balikcisi-2\/","title":{"rendered":"\u0130zlanda Bal\u0131k\u00e7\u0131s\u0131"},"content":{"rendered":"<p>Bretagne b\u00f6lgesindeki Paimpol kasabas\u0131nda her avlanma mevsimi \u00f6ncesinde hummal\u0131 bir \u00e7al\u0131\u015fma vard\u0131r. Denizcilerin mu\u015famba giysileri, lodos \u015fapkalar\u0131 dikilir; a\u011flar\u0131, oltalar\u0131 onar\u0131l\u0131r, yanlar\u0131na alacaklar\u0131 erzak haz\u0131rlan\u0131r&#8230; Y\u0131l ikiye ayr\u0131l\u0131r: bal\u0131k\u00e7\u0131lar\u0131n kasabada oldu\u011fu aylar ve denize gittikleri zamanlar&#8230; Onlar yokken ne kadar kayg\u0131l\u0131 bir bekleyi\u015f egemense d\u00f6nd\u00fcklerinde de o kadar mutluluk vard\u0131r (ya da d\u00f6nemeyenlerin kasaban\u0131n \u00fczerine \u00e7\u00f6ken matemi)&#8230; Roman\u0131n fonunda bir bal\u0131k\u00e7\u0131 kasabas\u0131 olsa da \u0130zlanda Bal\u0131k\u00e7\u0131s\u0131 \u00fc\u00e7 aileye odaklan\u0131r: Ku\u015faklar boyu denizci olmu\u015f Gaos\u2019lar, Moan\u2019lar ve zengin bir aile olan Mevel\u2019ler&#8230; Gaos\u2019lar\u0131n yak\u0131\u015f\u0131kl\u0131 ve ma\u011frur o\u011flu Yann, Mevel ailesinin g\u00fczeller g\u00fczeli k\u0131z\u0131 Gaud, ya\u015fl\u0131 b\u00fcy\u00fckannesiyle ya\u015fayan Yann\u2019\u0131n yak\u0131n arkada\u015f\u0131 Sylvestre. Maud ile Yann aras\u0131nda uzaktan uza\u011fa s\u00fcren a\u015fk\u0131n tek engeli, aralar\u0131ndaki s\u0131n\u0131f fark\u0131d\u0131r. &#8220;Paris g\u00f6rm\u00fc\u015f&#8221; Gaud, a\u015fk\u0131 i\u00e7in her \u015feyden vazge\u00e7meye haz\u0131rd\u0131r ama Yann\u2019dan umdu\u011fu kar\u015f\u0131l\u0131\u011f\u0131 g\u00f6remez. Yann ise kendisinde katbekat zengin bir k\u0131za olan a\u015fk\u0131n\u0131 bir t\u00fcrl\u00fc a\u00e7\u0131\u011fa vuramaz. Denize dair b\u00fct\u00fcn kitaplarda oldu\u011fu gibi ba\u015fkahraman denizdir&#8230; Deniz hem hayat\u0131n hem de \u00f6l\u00fcm\u00fcn sebebidir. Her zaman son s\u00f6z\u00fc s\u00f6yleyendir&#8230; Pierre Loti \u0130zlanda Bal\u0131k\u00e7\u0131s\u0131\u2019nda \u00f6yle yal\u0131n, \u00f6yle insan\u0131n kendini dalgalar\u0131na kap\u0131p koyuverdi\u011fi bir dil kullanm\u0131\u015ft\u0131r ki, ayn\u0131 ac\u0131lar\u0131, ayn\u0131 mutluluklar\u0131 derinden hissedersiniz. Hi\u00e7 eskimeyen bir dil, isimler de\u011fi\u015fse d\u00fcnyan\u0131n her yerinde ya\u015fanabilecek bir \u00f6yk\u00fc. Ku\u015fkusuz ger\u00e7ekli\u011fi su g\u00f6t\u00fcrmez tan\u0131mlarla, ifadelerle, bir yumruk gibi bo\u011faz\u0131n\u0131za t\u0131kanan ac\u0131larla&#8230;<\/p>\n","protected":false},"excerpt":{"rendered":"<p>Bretagne b\u00f6lgesindeki Paimpol kasabas\u0131nda her avlanma mevsimi \u00f6ncesinde hummal\u0131 bir \u00e7al\u0131\u015fma vard\u0131r. Denizcilerin mu\u015famba giysileri, lodos \u015fapkalar\u0131 dikilir; a\u011flar\u0131, oltalar\u0131 onar\u0131l\u0131r, yanlar\u0131na alacaklar\u0131 erzak haz\u0131rlan\u0131r&#8230; Y\u0131l<span class=\"excerpt-hellip\"> [\u2026]<\/span><\/p>\n","protected":false},"featured_media":0,"template":"","meta":{"_monsterinsights_skip_tracking":false,"_monsterinsights_sitenote_active":false,"_monsterinsights_sitenote_note":"","_monsterinsights_sitenote_category":0},"product_brand":[],"product_cat":[12291,13376],"product_tag":[],"class_list":{"0":"post-780520","1":"product","2":"type-product","3":"status-publish","5":"product_cat-edebiyat","6":"product_cat-fransiz-edebiyati","7":"pa_cilt-ciltsiz","8":"pa_tur-kitap","9":"pa_yayinevi-can-yayinlari","10":"pa_yazar-pierre-loti","12":"first","13":"instock","14":"sale","15":"shipping-taxable","16":"purchasable","17":"product-type-simple"},"_links":{"self":[{"href":"https:\/\/roveyayinevi.com.tr\/index.php\/wp-json\/wp\/v2\/product\/780520","targetHints":{"allow":["GET"]}}],"collection":[{"href":"https:\/\/roveyayinevi.com.tr\/index.php\/wp-json\/wp\/v2\/product"}],"about":[{"href":"https:\/\/roveyayinevi.com.tr\/index.php\/wp-json\/wp\/v2\/types\/product"}],"wp:attachment":[{"href":"https:\/\/roveyayinevi.com.tr\/index.php\/wp-json\/wp\/v2\/media?parent=780520"}],"wp:term":[{"taxonomy":"product_brand","embeddable":true,"href":"https:\/\/roveyayinevi.com.tr\/index.php\/wp-json\/wp\/v2\/product_brand?post=780520"},{"taxonomy":"product_cat","embeddable":true,"href":"https:\/\/roveyayinevi.com.tr\/index.php\/wp-json\/wp\/v2\/product_cat?post=780520"},{"taxonomy":"product_tag","embeddable":true,"href":"https:\/\/roveyayinevi.com.tr\/index.php\/wp-json\/wp\/v2\/product_tag?post=780520"}],"curies":[{"name":"wp","href":"https:\/\/api.w.org\/{rel}","templated":true}]}}