{"id":780517,"date":"2026-01-20T02:51:57","date_gmt":"2026-01-19T23:51:57","guid":{"rendered":"https:\/\/roveyayinevi.com.tr\/index.php\/urun\/ravzanin-yildizlari-2\/"},"modified":"2026-04-16T02:28:46","modified_gmt":"2026-04-15T23:28:46","slug":"ravzanin-yildizlari-2","status":"publish","type":"product","link":"https:\/\/roveyayinevi.com.tr\/index.php\/urun\/ravzanin-yildizlari-2\/","title":{"rendered":"Ravza&#8217;n\u0131n Y\u0131ld\u0131zlar\u0131 2"},"content":{"rendered":"<p>Y\u0131ld\u0131zlar vard\u0131r, hem yolunuzdur hem \u0131\u015f\u0131\u011f\u0131n\u0131z. \u00d6nce kafir \u00d6mer, sonra hidayet&#8230;Nihayetinde Hak ile bat\u0131l\u0131 ay\u0131ran Faruk. Adaletin yery\u00fcz\u00fcndeki sesi! Kalbine Allah korkusundan ba\u015fka hi\u00e7bir korkuyu almayan bir yi\u011fittir Hz. \u00d6mer. Nas\u0131l bir gen\u00e7lik? Nas\u0131l bir \u00f6\u011fretmen? Bu sorular\u0131 cevab\u0131n\u0131 Hz. Musab b. Umeyr verecek bize harf harf, kandan yaz\u0131lan kelimelerle. \u0130kinci Yusuf diye an\u0131lan Musab\u2019\u0131n gen\u00e7li\u011finde kendi ger\u00e7eklerimizi arayaca\u011f\u0131z. Ve yaln\u0131zl\u0131\u011f\u0131m\u0131za sesiyle, nefesiyle konuk olacak bir aray\u0131\u015f ve adan\u0131\u015f adam\u0131 Hz. Ebu Zer. Bizi d\u00fcnya aldan\u0131\u015f\u0131ndan ahiret adan\u0131\u015fa \u00e7a\u011f\u0131racak, bazen hayk\u0131rarak, bazen susarak. Do\u011fru bildiklerimizin koskoca bir yalan, s\u0131\u011f\u0131nd\u0131\u011f\u0131m\u0131z kuyular\u0131n Yusuf\u00ee de\u011fil Kabil \u00e7ukuru oldu\u011funu g\u00f6sterecek.<\/p>\n","protected":false},"excerpt":{"rendered":"<p>Y\u0131ld\u0131zlar vard\u0131r, hem yolunuzdur hem \u0131\u015f\u0131\u011f\u0131n\u0131z. \u00d6nce kafir \u00d6mer, sonra hidayet&#8230;Nihayetinde Hak ile bat\u0131l\u0131 ay\u0131ran Faruk. Adaletin yery\u00fcz\u00fcndeki sesi! Kalbine Allah korkusundan ba\u015fka hi\u00e7bir korkuyu almayan<span class=\"excerpt-hellip\"> [\u2026]<\/span><\/p>\n","protected":false},"featured_media":0,"template":"","meta":{"_monsterinsights_skip_tracking":false,"_monsterinsights_sitenote_active":false,"_monsterinsights_sitenote_note":"","_monsterinsights_sitenote_category":0},"product_brand":[],"product_cat":[12718,18102,12719],"product_tag":[],"class_list":{"0":"post-780517","1":"product","2":"type-product","3":"status-publish","5":"product_cat-din","6":"product_cat-edebiyat-roman","7":"product_cat-islam","8":"pa_cilt-ciltsiz","9":"pa_tur-kitap","10":"pa_yayinevi-kapi-yayinlari","11":"pa_yazar-sinan-yagmur","13":"first","14":"instock","15":"sale","16":"shipping-taxable","17":"purchasable","18":"product-type-simple"},"_links":{"self":[{"href":"https:\/\/roveyayinevi.com.tr\/index.php\/wp-json\/wp\/v2\/product\/780517","targetHints":{"allow":["GET"]}}],"collection":[{"href":"https:\/\/roveyayinevi.com.tr\/index.php\/wp-json\/wp\/v2\/product"}],"about":[{"href":"https:\/\/roveyayinevi.com.tr\/index.php\/wp-json\/wp\/v2\/types\/product"}],"wp:attachment":[{"href":"https:\/\/roveyayinevi.com.tr\/index.php\/wp-json\/wp\/v2\/media?parent=780517"}],"wp:term":[{"taxonomy":"product_brand","embeddable":true,"href":"https:\/\/roveyayinevi.com.tr\/index.php\/wp-json\/wp\/v2\/product_brand?post=780517"},{"taxonomy":"product_cat","embeddable":true,"href":"https:\/\/roveyayinevi.com.tr\/index.php\/wp-json\/wp\/v2\/product_cat?post=780517"},{"taxonomy":"product_tag","embeddable":true,"href":"https:\/\/roveyayinevi.com.tr\/index.php\/wp-json\/wp\/v2\/product_tag?post=780517"}],"curies":[{"name":"wp","href":"https:\/\/api.w.org\/{rel}","templated":true}]}}