{"id":780516,"date":"2026-01-20T02:51:55","date_gmt":"2026-01-19T23:51:55","guid":{"rendered":"https:\/\/roveyayinevi.com.tr\/index.php\/urun\/ravzanin-yildizlari-1\/"},"modified":"2026-03-25T20:03:29","modified_gmt":"2026-03-25T17:03:29","slug":"ravzanin-yildizlari-1","status":"publish","type":"product","link":"https:\/\/roveyayinevi.com.tr\/index.php\/urun\/ravzanin-yildizlari-1\/","title":{"rendered":"Ravza&#8217;n\u0131n Y\u0131ld\u0131zlar\u0131 1"},"content":{"rendered":"<p>Y\u0131ld\u0131zlar vard\u0131r, hem yolunuzdur hem rehberiniz. Onlar ki, Ravza semas\u0131n\u0131n y\u0131ld\u0131zlar\u0131, Asr-\u0131 Saadet \u0131\u015f\u0131klar\u0131d\u0131r.Sadakatin ve dost olabilmenin ne demek oldu\u011funu S\u0131dd\u0131kiyet ve Yar-\u0131 Gar olma g\u00fczelli\u011fiyle Hz. Ebu Bekir ile tan\u0131yaca\u011f\u0131z. Resulullah\u2019\u0131n incisi, dostlu\u011fun ne oldu\u011funu unutanlara Ravza\u2019dan bir \u0131\u015f\u0131k verecek. Da\u011flar\u0131 titreten, \u00e7\u00f6l kumlar\u0131n\u0131 terleten Hz. Hamza, imani cesaretin ve Allah\u2019a ba\u011fl\u0131l\u0131\u011f\u0131n slogan i\u015fi de\u011fil iman-\u0131 a\u015fk\u0131n kefareti oldu\u011funu, \u015fehadete bilek g\u00fcc\u00fcyle de\u011fil y\u00fcrek g\u00fcc\u00fcyle y\u00fcr\u00fcnece\u011fini hayk\u0131racak. Uhud\u2019dan t\u00fcm yery\u00fcz\u00fcn\u00fc yakacakt\u0131r.Selman-\u0131 Farisi\u2019de dayan\u0131lmaz yollara dayanmakta zorlanacak, onun nazar\u0131nda Resulullah Efendimize bakarm\u0131\u015f gibi i\u00e7iniz \u015ferha \u015ferha yar\u0131lacak. G\u00f6r\u00fcnmez bir el i\u00e7inizdeki yan\u0131\u015f\u0131n ferahl\u0131\u011f\u0131na bir bardak zemzem uzatacak.<\/p>\n","protected":false},"excerpt":{"rendered":"<p>Y\u0131ld\u0131zlar vard\u0131r, hem yolunuzdur hem rehberiniz. Onlar ki, Ravza semas\u0131n\u0131n y\u0131ld\u0131zlar\u0131, Asr-\u0131 Saadet \u0131\u015f\u0131klar\u0131d\u0131r.Sadakatin ve dost olabilmenin ne demek oldu\u011funu S\u0131dd\u0131kiyet ve Yar-\u0131 Gar olma g\u00fczelli\u011fiyle<span class=\"excerpt-hellip\"> [\u2026]<\/span><\/p>\n","protected":false},"featured_media":0,"template":"","meta":{"_monsterinsights_skip_tracking":false,"_monsterinsights_sitenote_active":false,"_monsterinsights_sitenote_note":"","_monsterinsights_sitenote_category":0},"product_brand":[],"product_cat":[12718,18102,12719],"product_tag":[],"class_list":{"0":"post-780516","1":"product","2":"type-product","3":"status-publish","5":"product_cat-din","6":"product_cat-edebiyat-roman","7":"product_cat-islam","8":"pa_cilt-ciltsiz","9":"pa_tur-kitap","10":"pa_yayinevi-kapi-yayinlari","11":"pa_yazar-sinan-yagmur","13":"first","14":"instock","15":"sale","16":"shipping-taxable","17":"purchasable","18":"product-type-simple"},"_links":{"self":[{"href":"https:\/\/roveyayinevi.com.tr\/index.php\/wp-json\/wp\/v2\/product\/780516","targetHints":{"allow":["GET"]}}],"collection":[{"href":"https:\/\/roveyayinevi.com.tr\/index.php\/wp-json\/wp\/v2\/product"}],"about":[{"href":"https:\/\/roveyayinevi.com.tr\/index.php\/wp-json\/wp\/v2\/types\/product"}],"wp:attachment":[{"href":"https:\/\/roveyayinevi.com.tr\/index.php\/wp-json\/wp\/v2\/media?parent=780516"}],"wp:term":[{"taxonomy":"product_brand","embeddable":true,"href":"https:\/\/roveyayinevi.com.tr\/index.php\/wp-json\/wp\/v2\/product_brand?post=780516"},{"taxonomy":"product_cat","embeddable":true,"href":"https:\/\/roveyayinevi.com.tr\/index.php\/wp-json\/wp\/v2\/product_cat?post=780516"},{"taxonomy":"product_tag","embeddable":true,"href":"https:\/\/roveyayinevi.com.tr\/index.php\/wp-json\/wp\/v2\/product_tag?post=780516"}],"curies":[{"name":"wp","href":"https:\/\/api.w.org\/{rel}","templated":true}]}}