{"id":780514,"date":"2026-01-20T02:51:44","date_gmt":"2026-01-19T23:51:44","guid":{"rendered":"https:\/\/roveyayinevi.com.tr\/index.php\/urun\/hastaliklar-ve-laboratuvara-numune-gonderme-kurallari\/"},"modified":"2026-04-16T02:28:41","modified_gmt":"2026-04-15T23:28:41","slug":"hastaliklar-ve-laboratuvara-numune-gonderme-kurallari","status":"publish","type":"product","link":"https:\/\/roveyayinevi.com.tr\/index.php\/urun\/hastaliklar-ve-laboratuvara-numune-gonderme-kurallari\/","title":{"rendered":"Hastal\u0131klar ve Laboratuvara Numune G\u00f6nderme Kurallar\u0131"},"content":{"rendered":"<p>Hastal\u0131klarla m\u00fccadelenin temelini te\u015fhis olu\u015fturmaktad\u0131r. Te\u015fhisin de temelini usul\u00fcne g\u00f6re al\u0131nm\u0131\u015f, muhafaza edilmi\u015f ve so\u011fuk zincirde g\u00f6nderilmi\u015f numuneler olu\u015fturmaktad\u0131r.Baz\u0131lar\u0131n\u0131n \u00f6ld\u00fcr\u00fcc\u00fc oldu\u011fu bilinen zoonozlar\u0131n varl\u0131\u011f\u0131nda hastal\u0131klar\u0131 do\u011fru te\u015fhis etmenin \u00f6nemi ortaya \u00e7\u0131kmaktad\u0131r.Veteriner Hekimler \u00f6nce kendi sa\u011fl\u0131klar\u0131n\u0131 koruyabilmek i\u00e7in bilimsel olarak hastal\u0131klar\u0131 te\u015fhis edebilmeye gereken \u00f6nemi g\u00f6stermelidir.Bir\u00e7ok hastal\u0131k konusunda son derece geni\u015f kaynak taramas\u0131 yap\u0131larak haz\u0131rlanan kitap, Veteriner Hekimin hizmetlerinin etkinle\u015fmesine katk\u0131 sa\u011flayacak \u00f6zelliktedir.Ayr\u0131ca kitab\u0131n; hastal\u0131klar\u0131 te\u015fhis ve mikrobiyoloji alan\u0131nda \u00e7al\u0131\u015fanlara, \u00e7al\u0131\u015fmalar\u0131nda kolayl\u0131k sa\u011flamas\u0131 i\u00e7in laboratuvar el kitab\u0131 olmas\u0131 hedeflenmi\u015ftir.&#8221;Te\u015fhis, tedavinin yar\u0131s\u0131d\u0131r.&#8221; ve &#8220;Bir gram koruma bir kilogram tedaviden daha iyidir.&#8221; prensipleriyle haz\u0131rlanm\u0131\u015ft\u0131r.Kullan\u0131c\u0131lar\u0131na faydal\u0131 olmas\u0131 umuduyla\u2026<\/p>\n","protected":false},"excerpt":{"rendered":"<p>Hastal\u0131klarla m\u00fccadelenin temelini te\u015fhis olu\u015fturmaktad\u0131r. Te\u015fhisin de temelini usul\u00fcne g\u00f6re al\u0131nm\u0131\u015f, muhafaza edilmi\u015f ve so\u011fuk zincirde g\u00f6nderilmi\u015f numuneler olu\u015fturmaktad\u0131r.Baz\u0131lar\u0131n\u0131n \u00f6ld\u00fcr\u00fcc\u00fc oldu\u011fu bilinen zoonozlar\u0131n varl\u0131\u011f\u0131nda hastal\u0131klar\u0131 do\u011fru<span class=\"excerpt-hellip\"> [\u2026]<\/span><\/p>\n","protected":false},"featured_media":0,"template":"","meta":{"_monsterinsights_skip_tracking":false,"_monsterinsights_sitenote_active":false,"_monsterinsights_sitenote_note":"","_monsterinsights_sitenote_category":0},"product_brand":[],"product_cat":[13366,13365],"product_tag":[],"class_list":{"0":"post-780514","1":"product","2":"type-product","3":"status-publish","5":"product_cat-diger-saglik","6":"product_cat-saglik","7":"pa_cilt-ciltsiz","8":"pa_tur-kitap","9":"pa_yayinevi-nobel-akademik-yayincilik","10":"pa_yazar-beytullah-kenar","12":"first","13":"instock","14":"sale","15":"shipping-taxable","16":"purchasable","17":"product-type-simple"},"_links":{"self":[{"href":"https:\/\/roveyayinevi.com.tr\/index.php\/wp-json\/wp\/v2\/product\/780514","targetHints":{"allow":["GET"]}}],"collection":[{"href":"https:\/\/roveyayinevi.com.tr\/index.php\/wp-json\/wp\/v2\/product"}],"about":[{"href":"https:\/\/roveyayinevi.com.tr\/index.php\/wp-json\/wp\/v2\/types\/product"}],"wp:attachment":[{"href":"https:\/\/roveyayinevi.com.tr\/index.php\/wp-json\/wp\/v2\/media?parent=780514"}],"wp:term":[{"taxonomy":"product_brand","embeddable":true,"href":"https:\/\/roveyayinevi.com.tr\/index.php\/wp-json\/wp\/v2\/product_brand?post=780514"},{"taxonomy":"product_cat","embeddable":true,"href":"https:\/\/roveyayinevi.com.tr\/index.php\/wp-json\/wp\/v2\/product_cat?post=780514"},{"taxonomy":"product_tag","embeddable":true,"href":"https:\/\/roveyayinevi.com.tr\/index.php\/wp-json\/wp\/v2\/product_tag?post=780514"}],"curies":[{"name":"wp","href":"https:\/\/api.w.org\/{rel}","templated":true}]}}