{"id":780513,"date":"2026-01-20T02:51:42","date_gmt":"2026-01-19T23:51:42","guid":{"rendered":"https:\/\/roveyayinevi.com.tr\/index.php\/urun\/genel-fiziki-cografya\/"},"modified":"2026-04-16T02:28:41","modified_gmt":"2026-04-15T23:28:41","slug":"genel-fiziki-cografya","status":"publish","type":"product","link":"https:\/\/roveyayinevi.com.tr\/index.php\/urun\/genel-fiziki-cografya\/","title":{"rendered":"Genel Fiziki Co\u011frafya"},"content":{"rendered":"<p>Genel Fiziki Co\u011frafya, \u00fcniversitelerin sosyal bilgiler, co\u011frafya ve s\u0131n\u0131f \u00f6\u011fretmenli\u011fi programlar\u0131 ile co\u011frafya b\u00f6l\u00fcm\u00fc \u00f6\u011frencilerine y\u00f6nelik bir ders kitab\u0131 olarak haz\u0131rlanm\u0131\u015ft\u0131r. Kitab\u0131n kapsam\u0131 Y\u00fcksek\u00f6\u011fretim Kurulu taraf\u0131ndan kabul edilen Genel Fiziki Co\u011frafya dersinin m\u00fcfredat program\u0131na uygun \u015fekilde d\u00fczenlenmi\u015ftir. Ayr\u0131ca kitap i\u00e7eri\u011finin belirlenmesinde co\u011frafyan\u0131n kendine \u00f6zg\u00fc bilim sistemati\u011fi de dikkate al\u0131nm\u0131\u015ft\u0131r. T\u00fcm bilimlerin sentezi ve anas\u0131 olarak nitelenen co\u011frafya bilimi, fiziki ve be\u015feri co\u011frafya olmak \u00fczere iki ana bilim dal\u0131ndan olu\u015fmaktad\u0131r. Dolay\u0131s\u0131yla bu kitap, co\u011frafyan\u0131n do\u011frudan mek\u00e2n (yery\u00fcz\u00fc) ile ilgili temel konular\u0131n\u0131 kapsamakta, ya\u015fad\u0131\u011f\u0131m\u0131z d\u00fcnyan\u0131n do\u011fal yap\u0131s\u0131n\u0131 ve etkile\u015fimlerini daha yak\u0131ndan tan\u0131mam\u0131za katk\u0131 sa\u011flamaktad\u0131r.Kitap, sekiz b\u00f6l\u00fcme ve \u00e7ok say\u0131da alt ba\u015fl\u0131\u011fa ayr\u0131lm\u0131\u015ft\u0131r. Birinci b\u00f6l\u00fcmde co\u011frafyan\u0131n tan\u0131m\u0131, konusu, geli\u015fimi ve bilim kimli\u011fi kazanma s\u00fcre\u00e7leri; ikinci b\u00f6l\u00fcmde Evren, G\u00fcne\u015f Sistemi ve D\u00fcnya; \u00fc\u00e7\u00fcnc\u00fc b\u00f6l\u00fcmde yery\u00fcz\u00fcn\u00fcn \u015fekillenmesi, bu s\u00fcre\u00e7te etkili olan fakt\u00f6rler ve ba\u015fl\u0131ca topografyalar; d\u00f6rd\u00fcnc\u00fc b\u00f6l\u00fcmde iklim bilimi, D\u00fcnya atmosferi ve iklim sistemi konular\u0131 \u00fczerinde durulmu\u015ftur. Be\u015finci b\u00f6l\u00fcmde sular co\u011frafyas\u0131, yeralt\u0131 ve yer\u00fcst\u00fc sular\u0131n\u0131n da\u011f\u0131l\u0131\u015f\u0131, \u00f6zellikleri ve etkileri; alt\u0131nc\u0131 b\u00f6l\u00fcmde topra\u011f\u0131n olu\u015fumu, \u00e7e\u015fitleri, da\u011f\u0131l\u0131\u015f\u0131 ve toprak sorunlar\u0131; yedinci b\u00f6l\u00fcmde bitkilerin s\u0131n\u0131fland\u0131r\u0131lmas\u0131 yeti\u015fme ortamlar\u0131n\u0131n \u015fartlar\u0131 ve yery\u00fcz\u00fcnde da\u011f\u0131l\u0131\u015flar\u0131 ele al\u0131nm\u0131\u015ft\u0131r. Sekizinci ve son b\u00f6l\u00fcmde ise harita bilgisinin \u00e7e\u015fitli konular\u0131na olduk\u00e7a ayr\u0131nt\u0131l\u0131 d\u00fczeyde; haritalar, grafikler, diyagramlar ve co\u011frafi bilgi sistemleri ba\u011flam\u0131nda temas edilmi\u015ftir.Kitapta i\u015flenen konular sade ve anla\u015f\u0131l\u0131r bir dille anlat\u0131lm\u0131\u015ft\u0131r. Konular\u0131n daha iyi anla\u015f\u0131lmas\u0131 bak\u0131m\u0131ndan okuma par\u00e7as\u0131, not, uyar\u0131 vb.nin yan\u0131 s\u0131ra \u00e7ok say\u0131da \u015fekil, harita, foto\u011fraf, grafik, tablo gibi g\u00f6rsel malzemenin verilmesine de gayret edilmi\u015ftir.<\/p>\n","protected":false},"excerpt":{"rendered":"<p>Genel Fiziki Co\u011frafya, \u00fcniversitelerin sosyal bilgiler, co\u011frafya ve s\u0131n\u0131f \u00f6\u011fretmenli\u011fi programlar\u0131 ile co\u011frafya b\u00f6l\u00fcm\u00fc \u00f6\u011frencilerine y\u00f6nelik bir ders kitab\u0131 olarak haz\u0131rlanm\u0131\u015ft\u0131r. Kitab\u0131n kapsam\u0131 Y\u00fcksek\u00f6\u011fretim Kurulu taraf\u0131ndan<span class=\"excerpt-hellip\"> [\u2026]<\/span><\/p>\n","protected":false},"featured_media":0,"template":"","meta":{"_monsterinsights_skip_tracking":false,"_monsterinsights_sitenote_active":false,"_monsterinsights_sitenote_note":"","_monsterinsights_sitenote_category":0},"product_brand":[],"product_cat":[13005,18664],"product_tag":[],"class_list":{"0":"post-780513","1":"product","2":"type-product","3":"status-publish","5":"product_cat-bilim-muhendislik","6":"product_cat-muhendislik","7":"pa_cilt-ciltsiz","8":"pa_tur-kitap","9":"pa_yayinevi-nobel-akademik-yayincilik","10":"pa_yazar-kolektif","12":"first","13":"instock","14":"sale","15":"shipping-taxable","16":"purchasable","17":"product-type-simple"},"_links":{"self":[{"href":"https:\/\/roveyayinevi.com.tr\/index.php\/wp-json\/wp\/v2\/product\/780513","targetHints":{"allow":["GET"]}}],"collection":[{"href":"https:\/\/roveyayinevi.com.tr\/index.php\/wp-json\/wp\/v2\/product"}],"about":[{"href":"https:\/\/roveyayinevi.com.tr\/index.php\/wp-json\/wp\/v2\/types\/product"}],"wp:attachment":[{"href":"https:\/\/roveyayinevi.com.tr\/index.php\/wp-json\/wp\/v2\/media?parent=780513"}],"wp:term":[{"taxonomy":"product_brand","embeddable":true,"href":"https:\/\/roveyayinevi.com.tr\/index.php\/wp-json\/wp\/v2\/product_brand?post=780513"},{"taxonomy":"product_cat","embeddable":true,"href":"https:\/\/roveyayinevi.com.tr\/index.php\/wp-json\/wp\/v2\/product_cat?post=780513"},{"taxonomy":"product_tag","embeddable":true,"href":"https:\/\/roveyayinevi.com.tr\/index.php\/wp-json\/wp\/v2\/product_tag?post=780513"}],"curies":[{"name":"wp","href":"https:\/\/api.w.org\/{rel}","templated":true}]}}