{"id":780511,"date":"2026-01-20T02:50:57","date_gmt":"2026-01-19T23:50:57","guid":{"rendered":"https:\/\/roveyayinevi.com.tr\/index.php\/urun\/fen-ogrenme-ve-ogretim-yaklasimlari\/"},"modified":"2026-04-16T02:28:38","modified_gmt":"2026-04-15T23:28:38","slug":"fen-ogrenme-ve-ogretim-yaklasimlari","status":"publish","type":"product","link":"https:\/\/roveyayinevi.com.tr\/index.php\/urun\/fen-ogrenme-ve-ogretim-yaklasimlari\/","title":{"rendered":"Fen \u00d6\u011frenme ve \u00d6\u011fretim Yakla\u015f\u0131mlar\u0131"},"content":{"rendered":"<p>Fen bilimleri e\u011fitiminin temel amac\u0131, ara\u015ft\u0131rma-sorgulama, ele\u015ftirel d\u00fc\u015f\u00fcnme, problem \u00e7\u00f6zme ve karar verme becerileri geli\u015fmi\u015f, \u00e7evre ve d\u00fcnya hakk\u0131ndaki merak duygusunu hayat boyu s\u00fcrd\u00fcrebilen bilimsel okuryazar bireyler yeti\u015ftirmektir. Bilimsel okuryazar bireyler, bilimin ve bilimsel bilginin do\u011fas\u0131n\u0131, temel fen kavramlar\u0131n\u0131, ilke, yasa ve kuramlar\u0131n\u0131 anlayarak uygun \u015fekillerde kullan\u0131rlar. Ayr\u0131ca bilgiye ula\u015fmada ve kullanmada, problemleri \u00e7\u00f6zmede, fen bilimleri ile ilgili sorunlar hakk\u0131nda olas\u0131 riskleri, yararlar\u0131 ve eldeki se\u00e7enekleri dikkate alarak karar vermede ve yeni bilgi \u00fcretmede daha etkin bireylerdir. Bu amaca hizmet i\u00e7in haz\u0131rlanan Fen \u00d6\u011frenme ve \u00d6\u011fretim Yakla\u015f\u0131mlar\u0131 kitab\u0131, \u00f6\u011fretmen ve \u00f6\u011fretmen adaylar\u0131na fen bilimleri alan\u0131ndaki temel kavramlar hakk\u0131nda teorik bilgilerin yan\u0131nda s\u0131n\u0131f i\u00e7i uygulama \u00f6rnekleri de sunmaktad\u0131r.Bu kitap, zengin i\u00e7eri\u011fi ile fen bilimleri \u00f6\u011fretmenleri, \u00f6\u011fretmen adaylar\u0131 ve fen bilimleri alan\u0131nda \u00e7al\u0131\u015fan akademisyenlerin ilgisini \u00e7ekecektir.<\/p>\n","protected":false},"excerpt":{"rendered":"<p>Fen bilimleri e\u011fitiminin temel amac\u0131, ara\u015ft\u0131rma-sorgulama, ele\u015ftirel d\u00fc\u015f\u00fcnme, problem \u00e7\u00f6zme ve karar verme becerileri geli\u015fmi\u015f, \u00e7evre ve d\u00fcnya hakk\u0131ndaki merak duygusunu hayat boyu s\u00fcrd\u00fcrebilen bilimsel okuryazar<span class=\"excerpt-hellip\"> [\u2026]<\/span><\/p>\n","protected":false},"featured_media":0,"template":"","meta":{"_monsterinsights_skip_tracking":false,"_monsterinsights_sitenote_active":false,"_monsterinsights_sitenote_note":"","_monsterinsights_sitenote_category":0},"product_brand":[],"product_cat":[12573,12566],"product_tag":[],"class_list":{"0":"post-780511","1":"product","2":"type-product","3":"status-publish","5":"product_cat-akademik-kitaplar","6":"product_cat-egitim","7":"pa_cilt-ciltsiz","8":"pa_tur-kitap","9":"pa_yayinevi-nobel-akademik-yayincilik","10":"pa_yazar-kolektif","12":"first","13":"instock","14":"sale","15":"shipping-taxable","16":"purchasable","17":"product-type-simple"},"_links":{"self":[{"href":"https:\/\/roveyayinevi.com.tr\/index.php\/wp-json\/wp\/v2\/product\/780511","targetHints":{"allow":["GET"]}}],"collection":[{"href":"https:\/\/roveyayinevi.com.tr\/index.php\/wp-json\/wp\/v2\/product"}],"about":[{"href":"https:\/\/roveyayinevi.com.tr\/index.php\/wp-json\/wp\/v2\/types\/product"}],"wp:attachment":[{"href":"https:\/\/roveyayinevi.com.tr\/index.php\/wp-json\/wp\/v2\/media?parent=780511"}],"wp:term":[{"taxonomy":"product_brand","embeddable":true,"href":"https:\/\/roveyayinevi.com.tr\/index.php\/wp-json\/wp\/v2\/product_brand?post=780511"},{"taxonomy":"product_cat","embeddable":true,"href":"https:\/\/roveyayinevi.com.tr\/index.php\/wp-json\/wp\/v2\/product_cat?post=780511"},{"taxonomy":"product_tag","embeddable":true,"href":"https:\/\/roveyayinevi.com.tr\/index.php\/wp-json\/wp\/v2\/product_tag?post=780511"}],"curies":[{"name":"wp","href":"https:\/\/api.w.org\/{rel}","templated":true}]}}