{"id":780507,"date":"2026-01-20T02:49:25","date_gmt":"2026-01-19T23:49:25","guid":{"rendered":"https:\/\/roveyayinevi.com.tr\/index.php\/urun\/pazarlama-2\/"},"modified":"2026-04-16T02:27:31","modified_gmt":"2026-04-15T23:27:31","slug":"pazarlama-2","status":"publish","type":"product","link":"https:\/\/roveyayinevi.com.tr\/index.php\/urun\/pazarlama-2\/","title":{"rendered":"Pazarlama"},"content":{"rendered":"<p>Pazarlama alan\u0131nda devrim niteli\u011finde de\u011fi\u015fiklikler ya\u015fanmaktad\u0131r. Bu kitaptaki tavsiyeleri kullanarak pazarlama i\u00e7in harcad\u0131\u011f\u0131n\u0131z her kuru\u015fun kar\u015f\u0131l\u0131\u011f\u0131n\u0131 en iyi \u015fekilde alabilmeniz m\u00fcmk\u00fcn! Aile \u015firketi, k\u0131s\u0131tl\u0131 b\u00fct\u00e7eye sahip kar amac\u0131 g\u00fctmeyen bir i\u015fletme, evrensel bir marka veya b\u00fcy\u00fcmeyi hedefleyen orta \u00f6l\u00e7ekli bir firma da olsan\u0131z bu kitap tam size g\u00f6re! Kitaptaki pratik, yararl\u0131 t\u00fcyolar ve teknikler sizin m\u00fc\u015fterileriniz ile sat\u0131\u015fa ve ba\u015far\u0131ya ula\u015facak \u015fekilde etkile\u015fime ge\u00e7menize yard\u0131mc\u0131 olacakt\u0131r. B\u00fct\u00e7eniz b\u00fcy\u00fck de olsa k\u0131s\u0131tl\u0131 da olsa arama motoru optimizasyonunu, gerilla pazarlamas\u0131n\u0131, evrensel ve davran\u0131\u015fsal pazarlamay\u0131 nas\u0131l uygulayaca\u011f\u0131n\u0131z\u0131, sosyal medyay\u0131 ve istatistikleri nas\u0131l kullanaca\u011f\u0131n\u0131z\u0131 ve dahas\u0131n\u0131 \u00f6\u011freneceksiniz.\u2022 T\u00fcketicinin pazarlamadaki \u00f6nemini \u00f6\u011frenin! G\u00fcn\u00fcm\u00fczde t\u00fcketiciler i\u00e7in \u00f6nem arz eden konular\u0131 ve insanlar\u0131n tercihlerini nas\u0131l bir psikoloji ile ger\u00e7ekle\u015ftirdi\u011fini bilmenin gereklili\u011fini kavray\u0131n.\u2022 Ya\u015fam boyu de\u011feri olu\u015fturmak i\u00e7in \u00e7abalay\u0131n! Bu yolda, m\u00fc\u015fterilerinizi, rakiplerinizi ve sekt\u00f6r\u00fc tan\u0131y\u0131n; ard\u0131ndan ba\u015far\u0131l\u0131 bir pazarlama plan\u0131 olu\u015fturun.\u2022 \u0130nsanlar\u0131n kar\u015f\u0131s\u0131na \u00e7\u0131k\u0131n! Al\u0131\u015f\u0131lm\u0131\u015f bi\u00e7imdeki bas\u0131l\u0131 reklamlar\u0131n yan\u0131nda dijital d\u00fcnyada da \u015fube a\u00e7\u0131n ve potansiyel m\u00fc\u015fterilerinizin gezindi\u011fi \u00e7evrim i\u00e7i sokaklarda yer edinin.\u2022 Markan\u0131z\u0131n dikkat \u00e7ekti\u011finden emin olun! Do\u011fru tan\u0131t\u0131mlar yapman\u0131n yan\u0131nda do\u011fru fiyat yakla\u015f\u0131m\u0131n\u0131 bulun ve \u00fcr\u00fcn veya hizmetinizin yola g\u00fcvende devam etmesini sa\u011flay\u0131n.\u2022 Pazarlaman\u0131n nas\u0131l ba\u015far\u0131s\u0131z oldu\u011funu fark edin! Yayg\u0131n olarak yap\u0131lan yanl\u0131\u015flar\u0131 \u00f6\u011frenin ve yolunuzdaki \u00e7ukurlardan sak\u0131narak ilerleyin.Kitab\u0131 a\u00e7\u0131n ve\u2022 Harika bir pazarlama plan\u0131 olu\u015fturmay\u0131,\u2022 Se\u00e7im psikolojisini nas\u0131l kullanaca\u011f\u0131n\u0131z\u0131, \u2022 Hayal g\u00fcc\u00fcn\u00fcn ne kadar de\u011ferli oldu\u011funu,\u2022 Dijital ara\u00e7lar ve taktiklerde ustala\u015fmay\u0131,\u2022 S\u00fcrd\u00fcr\u00fclebilir bir marka olu\u015fturmay\u0131,\u2022 Fiyatland\u0131rma ve sat\u0131\u015f stratejilerini,\u2022 Ki\u015fiselle\u015ftirme i\u00e7in veriyi y\u00f6netmeyi ve kullanmay\u0131 \u00f6\u011frenin.<\/p>\n","protected":false},"excerpt":{"rendered":"<p>Pazarlama alan\u0131nda devrim niteli\u011finde de\u011fi\u015fiklikler ya\u015fanmaktad\u0131r. Bu kitaptaki tavsiyeleri kullanarak pazarlama i\u00e7in harcad\u0131\u011f\u0131n\u0131z her kuru\u015fun kar\u015f\u0131l\u0131\u011f\u0131n\u0131 en iyi \u015fekilde alabilmeniz m\u00fcmk\u00fcn! Aile \u015firketi, k\u0131s\u0131tl\u0131 b\u00fct\u00e7eye sahip<span class=\"excerpt-hellip\"> [\u2026]<\/span><\/p>\n","protected":false},"featured_media":0,"template":"","meta":{"_monsterinsights_skip_tracking":false,"_monsterinsights_sitenote_active":false,"_monsterinsights_sitenote_note":"","_monsterinsights_sitenote_category":0},"product_brand":[],"product_cat":[13043,17492],"product_tag":[],"class_list":{"0":"post-780507","1":"product","2":"type-product","3":"status-publish","5":"product_cat-ekonomi","6":"product_cat-pazarlama-satis-reklam","7":"pa_cilt-ciltsiz","8":"pa_tur-kitap","9":"pa_yayinevi-nobel-yasam","10":"pa_yazar-kolektif","12":"first","13":"instock","14":"sale","15":"shipping-taxable","16":"purchasable","17":"product-type-simple"},"_links":{"self":[{"href":"https:\/\/roveyayinevi.com.tr\/index.php\/wp-json\/wp\/v2\/product\/780507","targetHints":{"allow":["GET"]}}],"collection":[{"href":"https:\/\/roveyayinevi.com.tr\/index.php\/wp-json\/wp\/v2\/product"}],"about":[{"href":"https:\/\/roveyayinevi.com.tr\/index.php\/wp-json\/wp\/v2\/types\/product"}],"wp:attachment":[{"href":"https:\/\/roveyayinevi.com.tr\/index.php\/wp-json\/wp\/v2\/media?parent=780507"}],"wp:term":[{"taxonomy":"product_brand","embeddable":true,"href":"https:\/\/roveyayinevi.com.tr\/index.php\/wp-json\/wp\/v2\/product_brand?post=780507"},{"taxonomy":"product_cat","embeddable":true,"href":"https:\/\/roveyayinevi.com.tr\/index.php\/wp-json\/wp\/v2\/product_cat?post=780507"},{"taxonomy":"product_tag","embeddable":true,"href":"https:\/\/roveyayinevi.com.tr\/index.php\/wp-json\/wp\/v2\/product_tag?post=780507"}],"curies":[{"name":"wp","href":"https:\/\/api.w.org\/{rel}","templated":true}]}}