{"id":780505,"date":"2026-01-20T02:49:11","date_gmt":"2026-01-19T23:49:11","guid":{"rendered":"https:\/\/roveyayinevi.com.tr\/index.php\/urun\/aydaki-adam-tanpinar\/"},"modified":"2026-04-16T02:26:53","modified_gmt":"2026-04-15T23:26:53","slug":"aydaki-adam-tanpinar","status":"publish","type":"product","link":"https:\/\/roveyayinevi.com.tr\/index.php\/urun\/aydaki-adam-tanpinar\/","title":{"rendered":"Aydaki Adam Tanp\u0131nar"},"content":{"rendered":"<p>Bo\u011faz erguvanlar\u0131n\u0131n alt\u0131nda y\u00fcr\u00fcrken a\u015fk hayalleri kuran, Beyo\u011flu\u2019nda Narmanl\u0131 Yurdu\u2019nda eski bir hapishaneden bozma rutubetli bir odada en g\u00fczel eserlerini yazan, g\u00fczel kad\u0131nlara hayran, paras\u0131z, bir t\u00fcrl\u00fc iki yakas\u0131 bir araya gelmeyen, tozlu pabu\u00e7lu \u201cK\u0131rt\u0131pil Hamdi\u201d. \u00c7evresindeki \u201cs\u00fck\u00fbt suikast\u0131\u201dn\u0131n kurban\u0131, kumar masalar\u0131nda \u015fans arayan, bor\u00e7 para istedi\u011fi i\u00e7in art\u0131k dost toplant\u0131lar\u0131na \u00e7a\u011fr\u0131lmayan, kadife u\u00e7lu kirpikli muhte\u015fem yazar. Hayran oldu\u011fum yaz\u0131 disiplinine ve hi\u00e7bir disipline s\u0131\u011fmayan yaz\u0131 hayat\u0131na, evham\u0131na, vesveselerine, dedikoduculu\u011funa, hayata ge\u00e7 kalm\u0131\u015fl\u0131\u011f\u0131na tutkun oldu\u011fum i\u00e7in yazd\u0131m bu kitab\u0131 Hamdi Baba! Ay\u0131n \u00fcst\u00fcndeki yaz\u0131lar\u0131n\u0131 okurum baz\u0131 geceler ve hayatta yaln\u0131z olmad\u0131\u011f\u0131m\u0131 hissederim. Kimsin? Ahmet Hamdi Tanp\u0131nar. \u00d6l\u00fcm\u00fcnden y\u0131llar sonra T\u00fcrk edebiyat\u0131na damgas\u0131n\u0131 vurmu\u015f, ya\u015farken aray\u0131p bulamad\u0131\u011f\u0131 ilgiyi \u00f6l\u00fcm\u00fcnden sonra tuhaf bir \u015fekilde yakalam\u0131\u015f, de\u011fi\u015fik, zaman\u0131n\u0131n \u00e7ok ilerisinde bir yazar&#8230; \u201cBu gece \u00f6lebilirim\u201d demi\u015ftin bir gece. \u201cDaha ne kadar \u00f6mr\u00fcm var?\u201d Zang\u0131r zang\u0131r titretir g\u00fcncendeki bu c\u00fcmleler beni. Ve yak\u0131n \u00e7evren: Dublaj krali\u00e7esi \u201cfitne f\u00fccur\u201d Adalet Cimcoz, ilk kad\u0131n Hamlet Nur Sabuncu, kil yiyen \u015fair Ahmet Ha\u015fim, deli gibi \u00e2\u015f\u0131k oldu\u011fun Nesteren, esrarengiz Sar\u0131 Fizik\u00e7i. Muhlis Sabahattin\u2019in veremden \u00f6len k\u0131z\u0131 Melek Kobra ve Rudolf Valentino\u2019ya benzeyen kocas\u0131 Ferdi Tayfur&#8230; \u015ei\u015fli\u2019de bir apartman&#8230; \u0130stiklal, Narmanl\u0131 Yurdu. K\u0131yas\u0131ya bir hayat, be\u015f paras\u0131z ve r\u00fcya dolu.  Nazl\u0131 Eray<\/p>\n","protected":false},"excerpt":{"rendered":"<p>Bo\u011faz erguvanlar\u0131n\u0131n alt\u0131nda y\u00fcr\u00fcrken a\u015fk hayalleri kuran, Beyo\u011flu\u2019nda Narmanl\u0131 Yurdu\u2019nda eski bir hapishaneden bozma rutubetli bir odada en g\u00fczel eserlerini yazan, g\u00fczel kad\u0131nlara hayran, paras\u0131z, bir<span class=\"excerpt-hellip\"> [\u2026]<\/span><\/p>\n","protected":false},"featured_media":0,"template":"","meta":{"_monsterinsights_skip_tracking":false,"_monsterinsights_sitenote_active":false,"_monsterinsights_sitenote_note":"","_monsterinsights_sitenote_category":0},"product_brand":[],"product_cat":[12291,12711],"product_tag":[],"class_list":{"0":"post-780505","1":"product","2":"type-product","3":"status-publish","5":"product_cat-edebiyat","6":"product_cat-roman-oyku","7":"pa_cilt-ciltsiz","8":"pa_tur-kitap","9":"pa_yayinevi-everest-yayinlari","10":"pa_yazar-nazli-eray","12":"first","13":"instock","14":"sale","15":"shipping-taxable","16":"purchasable","17":"product-type-simple"},"_links":{"self":[{"href":"https:\/\/roveyayinevi.com.tr\/index.php\/wp-json\/wp\/v2\/product\/780505","targetHints":{"allow":["GET"]}}],"collection":[{"href":"https:\/\/roveyayinevi.com.tr\/index.php\/wp-json\/wp\/v2\/product"}],"about":[{"href":"https:\/\/roveyayinevi.com.tr\/index.php\/wp-json\/wp\/v2\/types\/product"}],"wp:attachment":[{"href":"https:\/\/roveyayinevi.com.tr\/index.php\/wp-json\/wp\/v2\/media?parent=780505"}],"wp:term":[{"taxonomy":"product_brand","embeddable":true,"href":"https:\/\/roveyayinevi.com.tr\/index.php\/wp-json\/wp\/v2\/product_brand?post=780505"},{"taxonomy":"product_cat","embeddable":true,"href":"https:\/\/roveyayinevi.com.tr\/index.php\/wp-json\/wp\/v2\/product_cat?post=780505"},{"taxonomy":"product_tag","embeddable":true,"href":"https:\/\/roveyayinevi.com.tr\/index.php\/wp-json\/wp\/v2\/product_tag?post=780505"}],"curies":[{"name":"wp","href":"https:\/\/api.w.org\/{rel}","templated":true}]}}