{"id":780504,"date":"2026-01-20T02:49:07","date_gmt":"2026-01-19T23:49:07","guid":{"rendered":"https:\/\/roveyayinevi.com.tr\/index.php\/urun\/gelisim-psikolojisi-1\/"},"modified":"2026-04-16T02:26:51","modified_gmt":"2026-04-15T23:26:51","slug":"gelisim-psikolojisi-1","status":"publish","type":"product","link":"https:\/\/roveyayinevi.com.tr\/index.php\/urun\/gelisim-psikolojisi-1\/","title":{"rendered":"Geli\u015fim Psikolojisi -1"},"content":{"rendered":"<p>Geli\u015fim Psikolojisi 1 kitab\u0131; ya\u015famdan \u00f6rneklerle, a\u00e7\u0131k ve \u00f6yk\u00fcle\u015ftirilmi\u015f etkileyici anlat\u0131m\u0131yla \u00e7ocuk ve ergen geli\u015fimine \u0131\u015f\u0131k tutmaktad\u0131r. Kitap, \u00e7ocuk ve ergen geli\u015fimi ile ilgili g\u00fcncel bilgileri net, tutarl\u0131 ve bilimsel bir yakla\u015f\u0131mla okuyucusuna sunmaktad\u0131r.Bu eserde; geli\u015fimle ilgili temel kavramlar ve geli\u015fim kuramlar\u0131, \u00e7ocuklar\u0131n geli\u015fim d\u00f6nemleri \u00e7er\u00e7evesinde ve g\u00fcncel bilgiler \u0131\u015f\u0131\u011f\u0131nda titizlikle kaleme al\u0131nm\u0131\u015ft\u0131r. Bedensel, bili\u015fsel, ahlaki, ki\u015filik ve sosyal\/duygusal alanlardaki geli\u015fim ve bu alanlar\u0131n birbirleriyle olan etkile\u015fimi \u00f6zg\u00fcn ve doyurucu bir tarzla irdelenirken ayn\u0131 zamanda \u00e7ocuk geli\u015fimindeki kuramsal, k\u00fclt\u00fcrel, bireysel ve toplumsal farkl\u0131l\u0131klar \u00f6rnekleriyle ortaya konularak bu \u00e7o\u011fulcu bak\u0131\u015f a\u00e7\u0131lar\u0131 da kar\u015f\u0131la\u015ft\u0131rmal\u0131 bir \u015fekilde tart\u0131\u015f\u0131lm\u0131\u015ft\u0131r.Her konu, alan\u0131nda yetkin uzmanlar taraf\u0131ndan, yurt d\u0131\u015f\u0131nda ve yurt i\u00e7inde yap\u0131lm\u0131\u015f ara\u015ft\u0131rmalar\u0131 i\u00e7erecek \u015fekilde kapsaml\u0131 ve kolay anla\u015f\u0131l\u0131r bir \u00fcslupla yaz\u0131lm\u0131\u015ft\u0131r. Bu niteli\u011fi ile Geli\u015fim Psikolojisi 1; e\u011fitim, sosyoloji, psikoloji ve felsefe alan\u0131nda \u00f6\u011frenim g\u00f6ren lisans ve lisans\u00fcst\u00fc \u00f6\u011frenciler i\u00e7in yararl\u0131 bir kaynakt\u0131r. Ayr\u0131ca, \u00e7ocuk ve ergen geli\u015fimi ile ilgilenen \u00f6\u011frenciler, ara\u015ft\u0131rmac\u0131lar, akademisyenler ve anne-babalar kendi ya\u015fant\u0131lar\u0131yla okuduklar\u0131 aras\u0131nda ili\u015fkiler kurarak \u00e7ocuk ve ergen geli\u015fimi ile ilgili yararl\u0131 bilgileri \u00f6\u011frenme f\u0131rsat\u0131na bu kitapla sahip olacaklard\u0131r.Geli\u015fim Psikolojisi 1 ve Geli\u015fim Psikolojisi 2 kitaplar\u0131n\u0131n; rehberlik ve psikolojik dan\u0131\u015fmanl\u0131k, okul \u00f6ncesi e\u011fitimi, \u00e7ocuk geli\u015fimi, sosyoloji ve felsefe alan\u0131nda \u00f6nemli ders kitaplar\u0131 olmas\u0131 nedeniyle k\u0131sa bir s\u00fcrede \u201cGeli\u015fim Psikolojisi 1-2\u201d dersleri kapsam\u0131nda rehber kitaplar h\u00e2line gelece\u011fi d\u00fc\u015f\u00fcn\u00fclmektedir.<\/p>\n","protected":false},"excerpt":{"rendered":"<p>Geli\u015fim Psikolojisi 1 kitab\u0131; ya\u015famdan \u00f6rneklerle, a\u00e7\u0131k ve \u00f6yk\u00fcle\u015ftirilmi\u015f etkileyici anlat\u0131m\u0131yla \u00e7ocuk ve ergen geli\u015fimine \u0131\u015f\u0131k tutmaktad\u0131r. Kitap, \u00e7ocuk ve ergen geli\u015fimi ile ilgili g\u00fcncel bilgileri<span class=\"excerpt-hellip\"> [\u2026]<\/span><\/p>\n","protected":false},"featured_media":0,"template":"","meta":{"_monsterinsights_skip_tracking":false,"_monsterinsights_sitenote_active":false,"_monsterinsights_sitenote_note":"","_monsterinsights_sitenote_category":0},"product_brand":[],"product_cat":[12755,12357],"product_tag":[],"class_list":{"0":"post-780504","1":"product","2":"type-product","3":"status-publish","5":"product_cat-gelisim-psikolojisi","6":"product_cat-psikoloji","7":"pa_cilt-ciltsiz","8":"pa_tur-kitap","9":"pa_yayinevi-nobel-akademik-yayincilik","10":"pa_yazar-kolektif","12":"first","13":"instock","14":"sale","15":"shipping-taxable","16":"purchasable","17":"product-type-simple"},"_links":{"self":[{"href":"https:\/\/roveyayinevi.com.tr\/index.php\/wp-json\/wp\/v2\/product\/780504","targetHints":{"allow":["GET"]}}],"collection":[{"href":"https:\/\/roveyayinevi.com.tr\/index.php\/wp-json\/wp\/v2\/product"}],"about":[{"href":"https:\/\/roveyayinevi.com.tr\/index.php\/wp-json\/wp\/v2\/types\/product"}],"wp:attachment":[{"href":"https:\/\/roveyayinevi.com.tr\/index.php\/wp-json\/wp\/v2\/media?parent=780504"}],"wp:term":[{"taxonomy":"product_brand","embeddable":true,"href":"https:\/\/roveyayinevi.com.tr\/index.php\/wp-json\/wp\/v2\/product_brand?post=780504"},{"taxonomy":"product_cat","embeddable":true,"href":"https:\/\/roveyayinevi.com.tr\/index.php\/wp-json\/wp\/v2\/product_cat?post=780504"},{"taxonomy":"product_tag","embeddable":true,"href":"https:\/\/roveyayinevi.com.tr\/index.php\/wp-json\/wp\/v2\/product_tag?post=780504"}],"curies":[{"name":"wp","href":"https:\/\/api.w.org\/{rel}","templated":true}]}}