{"id":780502,"date":"2026-01-20T02:48:14","date_gmt":"2026-01-19T23:48:14","guid":{"rendered":"https:\/\/roveyayinevi.com.tr\/index.php\/urun\/bilim-teknoloji-ve-toplum\/"},"modified":"2026-04-16T02:26:45","modified_gmt":"2026-04-15T23:26:45","slug":"bilim-teknoloji-ve-toplum","status":"publish","type":"product","link":"https:\/\/roveyayinevi.com.tr\/index.php\/urun\/bilim-teknoloji-ve-toplum\/","title":{"rendered":"Bilim , Teknoloji ve Toplum"},"content":{"rendered":"<p>A\u00e7\u0131k ve kolay anla\u015f\u0131l\u0131r bir dille yaz\u0131lan bu bilim ve teknoloji ara\u015ft\u0131rmalar\u0131 giri\u015f kitab\u0131nda bilim ve teknolojinin insan topluluklar\u0131n\u0131n sosyal in\u015falar\u0131 olduklar\u0131 vurgulanmaktad\u0131r. Kitaptaki \u00f6rnek-olay ara\u015ft\u0131rmalar\u0131 bilimlerin dinle s\u0131n\u0131rlar\u0131ndan sayborglar, robotlar ve \u00fcreme teknolojilerine kadar \u00e7e\u015fitli alanlar\u0131 i\u00e7ermektedir. \u00d6\u011frenciler bu kitap sayesinde bilim ve teknoloji ara\u015ft\u0131rmalar\u0131n\u0131n ne oldu\u011funu h\u0131zla kavrayacaklard\u0131r. Randall Collins, Pensilvanya \u00dcniversitesiBilim sava\u015flar\u0131n\u0131n ortas\u0131nda bu kitap bir bar\u0131\u015f antla\u015fmas\u0131 olarak okunabilir: kitab\u0131n yazarlar\u0131 mutlak\u00e7\u0131l\u0131k ve r\u00f6lativizm sirenleri ortas\u0131nda okuyucuya teknobilim alan\u0131nda ustaca yol g\u00f6stermektedir.Jan Paul Van Bendegem, Vrije Br\u00fcksel \u00dcniversitesiBilim, Teknoloji ve Toplum: Sosyolojik Bir Yakla\u015f\u0131m olu\u015fum h\u00e2lindeki bilim, teknoloji ve toplum ara\u015ft\u0131rmalar\u0131 alan\u0131 ve bu alan\u0131n g\u00fcn\u00fcm\u00fcz\u00fcn k\u00fclt\u00fcr\u00fc ve toplumu a\u00e7\u0131s\u0131ndan i\u00e7erimleri konusunda kapsaml\u0131 bir k\u0131lavuzdur. Kolay anla\u015f\u0131labilir tarzda yaz\u0131lan ve bilhassa \u00f6\u011frenciler i\u00e7in tasarlanan bu kitapta bilim ve teknoloji ara\u015ft\u0131rmalar\u0131n\u0131n temeli olarak sosyal bilimler vurgulan\u0131r. Kitap bilim ve teknoloji ara\u015ft\u0131rmalar\u0131n\u0131n inceleme konular\u0131, ara\u015ft\u0131rma ara\u00e7lar\u0131 ve teorileri \u00fczerine bir tart\u0131\u015fmayla ba\u015flamakta ve bilim ve teknoloji ara\u015ft\u0131rmalar\u0131n\u0131n g\u00fcndemindeki en acil baz\u0131 sorunlar, yani g\u00fc\u00e7 ili\u015fkileri ve k\u00fclt\u00fcr, \u0131rk, cinsiyet\u00e7ilik, s\u00f6m\u00fcrgecilik, \u0130nternet, sayborglar ve robotlar ve biyoteknolojiye odaklanmaktad\u0131r.Kitaptaki \u00f6rnek-olay ara\u015ft\u0131rmalar\u0131 \u00f6zg\u00fcn fikirlere ve pratik uygulamalar\u0131na \u0131\u015f\u0131k tutmaktad\u0131r. Kitab\u0131n sonunda yer alan k\u0131sa s\u00f6zl\u00fck ve Bilim, Teknoloji ve Toplum\u2019u tamamen kavramaya yard\u0131mc\u0131 olmas\u0131 amac\u0131yla b\u00f6l\u00fcm sonlar\u0131na konulan ileri okuma \u00f6nerileri bu eseri tart\u0131\u015fmal\u0131 bir ara\u015ft\u0131rma alan\u0131 i\u00e7in vazge\u00e7ilmez bir giri\u015f kitab\u0131 k\u0131lmaktad\u0131r.Wenda K. Bauchspies Pensilvanya Devlet \u00dcniversitesi Bilim ve Teknoloji Ara\u015ft\u0131rmalar\u0131 ve Kad\u0131n Ara\u015ft\u0131rmalar\u0131 programlar\u0131nda Do\u00e7enttir. Jennifer Croissant Arizona \u00dcniversitesi Kad\u0131n Ara\u015ft\u0131rmalar\u0131 B\u00f6l\u00fcm\u00fc\u2019nde Do\u00e7enttir.Sal Restivo Rensselger Politeknik \u00dcniversitesi\u2019nde Sosyoloji ve Bilim Ara\u015ft\u0131rmalar\u0131 Profes\u00f6r\u00fcd\u00fcr. Matematik D\u00fcnyalar\u0131: Felsef\u00ee ve Sosyal Matematik Ara\u015ft\u0131rmalar\u0131 (1992) adl\u0131 kitab\u0131n ortak edit\u00f6r\u00fc ve Bilim, Toplum ve De\u011ferler: Nesnelli\u011fin Bir Sosyolojisine Do\u011fru (1994) adl\u0131 kitab\u0131n yazar\u0131d\u0131r.<\/p>\n","protected":false},"excerpt":{"rendered":"<p>A\u00e7\u0131k ve kolay anla\u015f\u0131l\u0131r bir dille yaz\u0131lan bu bilim ve teknoloji ara\u015ft\u0131rmalar\u0131 giri\u015f kitab\u0131nda bilim ve teknolojinin insan topluluklar\u0131n\u0131n sosyal in\u015falar\u0131 olduklar\u0131 vurgulanmaktad\u0131r. Kitaptaki \u00f6rnek-olay ara\u015ft\u0131rmalar\u0131<span class=\"excerpt-hellip\"> [\u2026]<\/span><\/p>\n","protected":false},"featured_media":0,"template":"","meta":{"_monsterinsights_skip_tracking":false,"_monsterinsights_sitenote_active":false,"_monsterinsights_sitenote_note":"","_monsterinsights_sitenote_category":0},"product_brand":[],"product_cat":[12325,12324],"product_tag":[],"class_list":{"0":"post-780502","1":"product","2":"type-product","3":"status-publish","5":"product_cat-diger-sosyoloji","6":"product_cat-sosyoloji","7":"pa_cilt-ciltsiz","8":"pa_tur-kitap","9":"pa_yayinevi-phoenix-yayinevi","10":"pa_yazar-kolektif","12":"first","13":"instock","14":"sale","15":"shipping-taxable","16":"purchasable","17":"product-type-simple"},"_links":{"self":[{"href":"https:\/\/roveyayinevi.com.tr\/index.php\/wp-json\/wp\/v2\/product\/780502","targetHints":{"allow":["GET"]}}],"collection":[{"href":"https:\/\/roveyayinevi.com.tr\/index.php\/wp-json\/wp\/v2\/product"}],"about":[{"href":"https:\/\/roveyayinevi.com.tr\/index.php\/wp-json\/wp\/v2\/types\/product"}],"wp:attachment":[{"href":"https:\/\/roveyayinevi.com.tr\/index.php\/wp-json\/wp\/v2\/media?parent=780502"}],"wp:term":[{"taxonomy":"product_brand","embeddable":true,"href":"https:\/\/roveyayinevi.com.tr\/index.php\/wp-json\/wp\/v2\/product_brand?post=780502"},{"taxonomy":"product_cat","embeddable":true,"href":"https:\/\/roveyayinevi.com.tr\/index.php\/wp-json\/wp\/v2\/product_cat?post=780502"},{"taxonomy":"product_tag","embeddable":true,"href":"https:\/\/roveyayinevi.com.tr\/index.php\/wp-json\/wp\/v2\/product_tag?post=780502"}],"curies":[{"name":"wp","href":"https:\/\/api.w.org\/{rel}","templated":true}]}}