{"id":780501,"date":"2026-01-20T02:48:08","date_gmt":"2026-01-19T23:48:08","guid":{"rendered":"https:\/\/roveyayinevi.com.tr\/index.php\/urun\/is-sagligi-ve-guvenligine-giris\/"},"modified":"2026-04-16T02:26:25","modified_gmt":"2026-04-15T23:26:25","slug":"is-sagligi-ve-guvenligine-giris","status":"publish","type":"product","link":"https:\/\/roveyayinevi.com.tr\/index.php\/urun\/is-sagligi-ve-guvenligine-giris\/","title":{"rendered":"\u0130\u015f Sa\u011fl\u0131\u011f\u0131 ve G\u00fcvenli\u011fine Giri\u015f"},"content":{"rendered":"<p>Y\u00fcksek\u00f6\u011frenim \u00f6ncesi e\u011fitim m\u00fcfredatlar\u0131nda i\u015f sa\u011fl\u0131\u011f\u0131 ve g\u00fcvenli\u011fi alan\u0131 ile ilgili herhangi bir i\u00e7erik bulunmad\u0131\u011f\u0131ndan, \u00fcniversitelerin ilgili b\u00f6l\u00fcmlerinde \u00f6\u011frenim g\u00f6receklere, alan\u0131n temel bilgileri ile mezuniyet sonras\u0131nda g\u00f6rev ve sorumluluklar\u0131n\u0131n aktar\u0131lmas\u0131 \u00f6nem arz etmektedir.Kitap; i\u015f sa\u011fl\u0131\u011f\u0131 ve g\u00fcvenli\u011fi alan\u0131nda yer alan kavramlar, ama\u00e7 ve kapsam\u0131 ile g\u00f6rev ve sorumluluklar\u0131n fark\u0131nda olunmas\u0131na, alanda yer alan di\u011fer konulara bak\u0131\u015f a\u00e7\u0131s\u0131n\u0131n geli\u015ftirilmesine ve yap\u0131lacak g\u00f6rev konumundan bak\u0131larak g\u00f6revin anla\u015f\u0131lmas\u0131na ve merak uyand\u0131rmas\u0131na katk\u0131 sa\u011flayacakt\u0131r. \u0130\u015f sa\u011fl\u0131\u011f\u0131 ve g\u00fcvenli\u011fi alan\u0131n\u0131n sadece e\u011fitim \u00f6\u011frenim kademesinde de\u011fil, i\u015f hayat\u0131nda g\u00f6rev, yetki ve sorumluluklar\u0131 konusunda i\u015f sa\u011fl\u0131\u011f\u0131 ve g\u00fcvenli\u011fi profesyonelleri i\u00e7in de bir rehber niteli\u011findedir.Ayr\u0131ca bu alandaki \u00f6\u011fretim elemanlar\u0131 ile ara\u015ft\u0131rmac\u0131lara kaynak olmas\u0131 ve i\u015f sa\u011fl\u0131\u011f\u0131 ve g\u00fcvenli\u011finin geli\u015fimine katk\u0131 sunmas\u0131 beklenmektedir.<\/p>\n","protected":false},"excerpt":{"rendered":"<p>Y\u00fcksek\u00f6\u011frenim \u00f6ncesi e\u011fitim m\u00fcfredatlar\u0131nda i\u015f sa\u011fl\u0131\u011f\u0131 ve g\u00fcvenli\u011fi alan\u0131 ile ilgili herhangi bir i\u00e7erik bulunmad\u0131\u011f\u0131ndan, \u00fcniversitelerin ilgili b\u00f6l\u00fcmlerinde \u00f6\u011frenim g\u00f6receklere, alan\u0131n temel bilgileri ile mezuniyet sonras\u0131nda<span class=\"excerpt-hellip\"> [\u2026]<\/span><\/p>\n","protected":false},"featured_media":0,"template":"","meta":{"_monsterinsights_skip_tracking":false,"_monsterinsights_sitenote_active":false,"_monsterinsights_sitenote_note":"","_monsterinsights_sitenote_category":0},"product_brand":[],"product_cat":[13043,17647],"product_tag":[],"class_list":{"0":"post-780501","1":"product","2":"type-product","3":"status-publish","5":"product_cat-ekonomi","6":"product_cat-is-dunyasi","7":"pa_cilt-ciltsiz","8":"pa_tur-kitap","9":"pa_yayinevi-nobel-akademik-yayincilik","10":"pa_yazar-omer-gultekin","12":"first","13":"instock","14":"sale","15":"shipping-taxable","16":"purchasable","17":"product-type-simple"},"_links":{"self":[{"href":"https:\/\/roveyayinevi.com.tr\/index.php\/wp-json\/wp\/v2\/product\/780501","targetHints":{"allow":["GET"]}}],"collection":[{"href":"https:\/\/roveyayinevi.com.tr\/index.php\/wp-json\/wp\/v2\/product"}],"about":[{"href":"https:\/\/roveyayinevi.com.tr\/index.php\/wp-json\/wp\/v2\/types\/product"}],"wp:attachment":[{"href":"https:\/\/roveyayinevi.com.tr\/index.php\/wp-json\/wp\/v2\/media?parent=780501"}],"wp:term":[{"taxonomy":"product_brand","embeddable":true,"href":"https:\/\/roveyayinevi.com.tr\/index.php\/wp-json\/wp\/v2\/product_brand?post=780501"},{"taxonomy":"product_cat","embeddable":true,"href":"https:\/\/roveyayinevi.com.tr\/index.php\/wp-json\/wp\/v2\/product_cat?post=780501"},{"taxonomy":"product_tag","embeddable":true,"href":"https:\/\/roveyayinevi.com.tr\/index.php\/wp-json\/wp\/v2\/product_tag?post=780501"}],"curies":[{"name":"wp","href":"https:\/\/api.w.org\/{rel}","templated":true}]}}