{"id":780500,"date":"2026-01-20T02:47:13","date_gmt":"2026-01-19T23:47:13","guid":{"rendered":"https:\/\/roveyayinevi.com.tr\/index.php\/urun\/dusundugun-gibi-degil-2\/"},"modified":"2026-04-03T02:32:19","modified_gmt":"2026-04-02T23:32:19","slug":"dusundugun-gibi-degil-2","status":"publish","type":"product","link":"https:\/\/roveyayinevi.com.tr\/index.php\/urun\/dusundugun-gibi-degil-2\/","title":{"rendered":"D\u00fc\u015f\u00fcnd\u00fc\u011f\u00fcn Gibi De\u011fil"},"content":{"rendered":"<p>\u0130\u00e7 Sesimizi Nas\u0131l Y\u00f6netece\u011fiz? Ele\u015ftiri ve \u0130ftira ile Ba\u015f Edebilme Yollar\u0131 Nelerdir? Kendimi De\u011ferli Hissetmek \u0130stiyorum! Enerji Vampirlerinden Uzak Dural\u0131m! Mutlu Olmak \u0130\u00e7in Nas\u0131l D\u00fc\u015f\u00fcnmeliyiz? Bizi Tutsak Eden Al\u0131\u015fkanl\u0131klardan Kurtulmak M\u00fcmk\u00fcn! Mutlu Olmak \u0130\u00e7in \u00d6nce Kendini \u00d6zg\u00fcrle\u015ftir! Ya\u015fad\u0131\u011f\u0131m\u0131z Ana Odaklanal\u0131m! \u201cE\u011fer kendini \u00fczebiliyorsan; emin ol mutlu da edebilirsin!\u201d al_original.jpg&#8221; alt=&#8221;Tan\u0131t\u0131m Metni&#8221; height=&#8221;15&#8243; width=&#8221;15&#8243; &gt;<span>Tan\u0131t\u0131m Metni<\/span><\/img><\/p>\n","protected":false},"excerpt":{"rendered":"<p>\u0130\u00e7 Sesimizi Nas\u0131l Y\u00f6netece\u011fiz? Ele\u015ftiri ve \u0130ftira ile Ba\u015f Edebilme Yollar\u0131 Nelerdir? Kendimi De\u011ferli Hissetmek \u0130stiyorum! Enerji Vampirlerinden Uzak Dural\u0131m! Mutlu Olmak \u0130\u00e7in Nas\u0131l D\u00fc\u015f\u00fcnmeliyiz? Bizi<span class=\"excerpt-hellip\"> [\u2026]<\/span><\/p>\n","protected":false},"featured_media":0,"template":"","meta":{"_monsterinsights_skip_tracking":false,"_monsterinsights_sitenote_active":false,"_monsterinsights_sitenote_note":"","_monsterinsights_sitenote_category":0},"product_brand":[],"product_cat":[12364,12376],"product_tag":[],"class_list":{"0":"post-780500","1":"product","2":"type-product","3":"status-publish","5":"product_cat-genel-konular","6":"product_cat-kisisel-gelisim","7":"pa_cilt-ciltsiz","8":"pa_tur-kitap","9":"pa_yayinevi-mona-kitap","10":"pa_yazar-serhat-yabanci","12":"first","13":"instock","14":"sale","15":"shipping-taxable","16":"purchasable","17":"product-type-simple"},"_links":{"self":[{"href":"https:\/\/roveyayinevi.com.tr\/index.php\/wp-json\/wp\/v2\/product\/780500","targetHints":{"allow":["GET"]}}],"collection":[{"href":"https:\/\/roveyayinevi.com.tr\/index.php\/wp-json\/wp\/v2\/product"}],"about":[{"href":"https:\/\/roveyayinevi.com.tr\/index.php\/wp-json\/wp\/v2\/types\/product"}],"wp:attachment":[{"href":"https:\/\/roveyayinevi.com.tr\/index.php\/wp-json\/wp\/v2\/media?parent=780500"}],"wp:term":[{"taxonomy":"product_brand","embeddable":true,"href":"https:\/\/roveyayinevi.com.tr\/index.php\/wp-json\/wp\/v2\/product_brand?post=780500"},{"taxonomy":"product_cat","embeddable":true,"href":"https:\/\/roveyayinevi.com.tr\/index.php\/wp-json\/wp\/v2\/product_cat?post=780500"},{"taxonomy":"product_tag","embeddable":true,"href":"https:\/\/roveyayinevi.com.tr\/index.php\/wp-json\/wp\/v2\/product_tag?post=780500"}],"curies":[{"name":"wp","href":"https:\/\/api.w.org\/{rel}","templated":true}]}}