{"id":780499,"date":"2026-01-20T02:47:09","date_gmt":"2026-01-19T23:47:09","guid":{"rendered":"https:\/\/roveyayinevi.com.tr\/index.php\/urun\/kral-sakir-cizgi-roman-album\/"},"modified":"2026-04-08T02:32:58","modified_gmt":"2026-04-07T23:32:58","slug":"kral-sakir-cizgi-roman-album","status":"publish","type":"product","link":"https:\/\/roveyayinevi.com.tr\/index.php\/urun\/kral-sakir-cizgi-roman-album\/","title":{"rendered":"Kral \u015eakir \u00c7izgi Roman Alb\u00fcm"},"content":{"rendered":"<p>Selam arkada\u015flar, ben \u015eakir.Hepinizin bildi\u011fi \u015fekilde nam-\u0131 di\u011fer Kral \u015eakir.Bu kez de bir \u00e7izgi roman alb\u00fcm\u00fcyle kar\u015f\u0131n\u0131zday\u0131m.\u00c7\u0131lg\u0131n ve bir o kadar da komik ailemle ya\u015fad\u0131\u011f\u0131m\u0131z maceralar\u0131 \u00e7izgi roman olarak bu alb\u00fcmde toplad\u0131k.E\u011flenmeye haz\u0131r m\u0131s\u0131n\u0131z?<\/p>\n","protected":false},"excerpt":{"rendered":"<p>Selam arkada\u015flar, ben \u015eakir.Hepinizin bildi\u011fi \u015fekilde nam-\u0131 di\u011fer Kral \u015eakir.Bu kez de bir \u00e7izgi roman alb\u00fcm\u00fcyle kar\u015f\u0131n\u0131zday\u0131m.\u00c7\u0131lg\u0131n ve bir o kadar da komik ailemle ya\u015fad\u0131\u011f\u0131m\u0131z maceralar\u0131<span class=\"excerpt-hellip\"> [\u2026]<\/span><\/p>\n","protected":false},"featured_media":0,"template":"","meta":{"_monsterinsights_skip_tracking":false,"_monsterinsights_sitenote_active":false,"_monsterinsights_sitenote_note":"","_monsterinsights_sitenote_category":0},"product_brand":[],"product_cat":[12689,12274],"product_tag":[],"class_list":{"0":"post-780499","1":"product","2":"type-product","3":"status-publish","5":"product_cat-cizgi-roman-cocuk-ve-genclik-kitaplari","6":"product_cat-cocuk-ve-genclik-kitaplari","7":"pa_cilt-ciltli","8":"pa_tur-kitap","9":"pa_yayinevi-eksik-parca-yayinlari","10":"pa_yazar-kolektif","12":"first","13":"instock","14":"sale","15":"shipping-taxable","16":"purchasable","17":"product-type-simple"},"_links":{"self":[{"href":"https:\/\/roveyayinevi.com.tr\/index.php\/wp-json\/wp\/v2\/product\/780499","targetHints":{"allow":["GET"]}}],"collection":[{"href":"https:\/\/roveyayinevi.com.tr\/index.php\/wp-json\/wp\/v2\/product"}],"about":[{"href":"https:\/\/roveyayinevi.com.tr\/index.php\/wp-json\/wp\/v2\/types\/product"}],"wp:attachment":[{"href":"https:\/\/roveyayinevi.com.tr\/index.php\/wp-json\/wp\/v2\/media?parent=780499"}],"wp:term":[{"taxonomy":"product_brand","embeddable":true,"href":"https:\/\/roveyayinevi.com.tr\/index.php\/wp-json\/wp\/v2\/product_brand?post=780499"},{"taxonomy":"product_cat","embeddable":true,"href":"https:\/\/roveyayinevi.com.tr\/index.php\/wp-json\/wp\/v2\/product_cat?post=780499"},{"taxonomy":"product_tag","embeddable":true,"href":"https:\/\/roveyayinevi.com.tr\/index.php\/wp-json\/wp\/v2\/product_tag?post=780499"}],"curies":[{"name":"wp","href":"https:\/\/api.w.org\/{rel}","templated":true}]}}