{"id":780498,"date":"2026-01-20T02:47:06","date_gmt":"2026-01-19T23:47:06","guid":{"rendered":"https:\/\/roveyayinevi.com.tr\/index.php\/urun\/disiplinli-guzel-gunler\/"},"modified":"2026-04-11T02:32:29","modified_gmt":"2026-04-10T23:32:29","slug":"disiplinli-guzel-gunler","status":"publish","type":"product","link":"https:\/\/roveyayinevi.com.tr\/index.php\/urun\/disiplinli-guzel-gunler\/","title":{"rendered":"Disiplinli G\u00fczel G\u00fcnler"},"content":{"rendered":"<p>Sava\u015f sonras\u0131n\u0131n \u0130svi\u00e7re\u2019sinde ge\u00e7en bu tekinsiz roman\u0131n ba\u015flang\u0131\u00e7 c\u00fcmlesi alabildi\u011fine basit ve saft\u0131r: \u201cOn d\u00f6rt ya\u015f\u0131ndayken Appenzell\u2019de bir okulda yat\u0131l\u0131 \u00f6\u011frenciydim.\u201d Gelgelelim s\u00f6z konusu ortam basitlik ve safl\u0131ktan olduk\u00e7a uzakt\u0131r. Kaba ve bilgi\u00e7 bir karaktere sahip olan anlat\u0131c\u0131 merhametsiz ve so\u011fuk bak\u0131\u015f a\u00e7\u0131s\u0131yla okuldaki tutsakl\u0131k hayat\u0131n\u0131 g\u00f6zler \u00f6n\u00fcne serer. \u00c7ok ge\u00e7meden, g\u00f6r\u00fcn\u00fc\u015fte m\u00fckemmel bir k\u0131z olan yeni \u00f6\u011frenci, Fr\u00e9d\u00e9rique\u2019e g\u00f6nl\u00fcn\u00fc kapt\u0131r\u0131r ve onu ba\u015ftan \u00e7\u0131karmak i\u00e7in elinden geleni yapar. Ancak daha sonralar\u0131, kendine ba\u011flad\u0131\u011f\u0131 bu k\u0131za kar\u015f\u0131 hi\u00e7 de c\u00f6mert davranmayacakt\u0131r. Anlat\u0131c\u0131n\u0131n kendi entrikalar\u0131n\u0131; g\u00fcnl\u00fck ili\u015fkilere s\u0131zan tahakk\u00fcm\u00fcn, kontrol ile delili\u011fin do\u011fas\u0131 konusunu uzun uzun irdelemesiyle romana \u00fcrk\u00fct\u00fcc\u00fc, ele gelmez bir atmosfer h\u00e2kim olur.\u201cJaeggy&#8217;nin ergenli\u011fin o mavi m\u00fcrekkebine bat\u0131r\u0131lm\u0131\u015f kalemi, delilik a\u011fac\u0131n\u0131n k\u00f6klerini, yapraklar\u0131n\u0131, dallar\u0131n\u0131 ince ince i\u015fleyen bir oymac\u0131 i\u011fnesi gibi; bu a\u011fa\u00e7 ki \u0130svi\u00e7re&#8217;de, d\u00fcnyadan soyutlanm\u0131\u015f k\u00fc\u00e7\u00fck bir bilgi bah\u00e7esinde dallan\u0131p budaklanarak b\u00fct\u00fcn bak\u0131\u015f a\u00e7\u0131lar\u0131n\u0131 \u00f6rtecektir. Ola\u011fan\u00fcst\u00fc bir nesir bu. Okumas\u0131 a\u015fa\u011f\u0131 yukar\u0131 d\u00f6rt saati bulur. Hat\u0131rlamas\u0131 ise, yazar\u0131 i\u00e7in oldu\u011fu gibi okurlar\u0131 i\u00e7in de bir \u00f6m\u00fcr boyu s\u00fcrecektir.\u201dJoseph Brodsky\u201cHarikulade, g\u00f6z kama\u015ft\u0131r\u0131c\u0131, yabani bir yazar.\u201dSusan Sontag<\/p>\n","protected":false},"excerpt":{"rendered":"<p>Sava\u015f sonras\u0131n\u0131n \u0130svi\u00e7re\u2019sinde ge\u00e7en bu tekinsiz roman\u0131n ba\u015flang\u0131\u00e7 c\u00fcmlesi alabildi\u011fine basit ve saft\u0131r: \u201cOn d\u00f6rt ya\u015f\u0131ndayken Appenzell\u2019de bir okulda yat\u0131l\u0131 \u00f6\u011frenciydim.\u201d Gelgelelim s\u00f6z konusu ortam basitlik<span class=\"excerpt-hellip\"> [\u2026]<\/span><\/p>\n","protected":false},"featured_media":0,"template":"","meta":{"_monsterinsights_skip_tracking":false,"_monsterinsights_sitenote_active":false,"_monsterinsights_sitenote_note":"","_monsterinsights_sitenote_category":0},"product_brand":[],"product_cat":[12291,12711],"product_tag":[],"class_list":{"0":"post-780498","1":"product","2":"type-product","3":"status-publish","5":"product_cat-edebiyat","6":"product_cat-roman-oyku","7":"pa_cilt-ciltsiz","8":"pa_tur-kitap","9":"pa_yayinevi-can-yayinlari","10":"pa_yazar-fleur-jaeggy","12":"first","13":"instock","14":"sale","15":"shipping-taxable","16":"purchasable","17":"product-type-simple"},"_links":{"self":[{"href":"https:\/\/roveyayinevi.com.tr\/index.php\/wp-json\/wp\/v2\/product\/780498","targetHints":{"allow":["GET"]}}],"collection":[{"href":"https:\/\/roveyayinevi.com.tr\/index.php\/wp-json\/wp\/v2\/product"}],"about":[{"href":"https:\/\/roveyayinevi.com.tr\/index.php\/wp-json\/wp\/v2\/types\/product"}],"wp:attachment":[{"href":"https:\/\/roveyayinevi.com.tr\/index.php\/wp-json\/wp\/v2\/media?parent=780498"}],"wp:term":[{"taxonomy":"product_brand","embeddable":true,"href":"https:\/\/roveyayinevi.com.tr\/index.php\/wp-json\/wp\/v2\/product_brand?post=780498"},{"taxonomy":"product_cat","embeddable":true,"href":"https:\/\/roveyayinevi.com.tr\/index.php\/wp-json\/wp\/v2\/product_cat?post=780498"},{"taxonomy":"product_tag","embeddable":true,"href":"https:\/\/roveyayinevi.com.tr\/index.php\/wp-json\/wp\/v2\/product_tag?post=780498"}],"curies":[{"name":"wp","href":"https:\/\/api.w.org\/{rel}","templated":true}]}}