{"id":780497,"date":"2026-01-20T02:47:03","date_gmt":"2026-01-19T23:47:03","guid":{"rendered":"https:\/\/roveyayinevi.com.tr\/index.php\/urun\/bir-saat-mimarlik\/"},"modified":"2026-04-16T02:25:50","modified_gmt":"2026-04-15T23:25:50","slug":"bir-saat-mimarlik","status":"publish","type":"product","link":"https:\/\/roveyayinevi.com.tr\/index.php\/urun\/bir-saat-mimarlik\/","title":{"rendered":"Bir Saat Mimarl\u0131k"},"content":{"rendered":"<p>\u201cMimarl\u0131\u011f\u0131n hedefi, ya\u015fama en kusursuz bi\u00e7imde uyum sa\u011flamakt\u0131r. \u00dcstesinden gelmek zorunda oldu\u011fu erkse cans\u0131z olan\u0131n, kat\u0131 olan\u0131n, \u00f6l\u00fc olan\u0131n erkidir.\u201d \u201cBir evin i\u00e7i dar ve karanl\u0131ksa, en g\u00f6steri\u015fli cephe bile kay\u0131ts\u0131zl\u0131ktan \u00f6lm\u00fc\u015f, ya\u015fam dolu bir \u00e7\u00f6z\u00fcme kavu\u015fturulmam\u0131\u015f bir mezar ta\u015f\u0131ndan ibarettir.\u201d \u201cBizim i\u00e7in \u00f6ncelik ta\u015f\u0131yan konu bi\u00e7imler de\u011fil, i\u015flevlerdir. S\u00fcs ve zevk, mobilyan\u0131n insanla hangi \u00f6l\u00e7\u00fcde fiilen ili\u015fki kurdu\u011funu, insana hangi \u00f6l\u00e7\u00fcde hizmet etti\u011fini g\u00f6stermez; bunu yaln\u0131zca kullan\u0131m de\u011ferinden anlayabiliriz.\u201d \u201cEski \u201cMimarl\u0131\u011f\u0131n hedefi, ya\u015fama en kusursuz bi\u00e7imde uyum sa\u011flamakt\u0131r. \u00dcstesinden gelmek zorunda oldu\u011fu erkse cans\u0131z olan\u0131n, kat\u0131 olan\u0131n, \u00f6l\u00fc olan\u0131n erkidir.\u201d \u201cBir evin i\u00e7i dar ve karanl\u0131ksa, en g\u00f6steri\u015fli cephe bile kay\u0131ts\u0131zl\u0131ktan \u00f6lm\u00fc\u015f, ya\u015fam dolu bir \u00e7\u00f6z\u00fcme kavu\u015fturulmam\u0131\u015f bir mezar ta\u015f\u0131ndan ibarettir.\u201d \u201cBizim i\u00e7in \u00f6ncelik ta\u015f\u0131yan konu bi\u00e7imler de\u011fil, i\u015flevlerdir. S\u00fcs ve zevk, mobilyan\u0131n insanla hangi \u00f6l\u00e7\u00fcde fiilen ili\u015fki kurdu\u011funu, insana hangi \u00f6l\u00e7\u00fcde hizmet etti\u011fini g\u00f6stermez; bunu yaln\u0131zca kullan\u0131m de\u011ferinden anlayabiliriz.\u201d \u201cEski tarz konusundaki tavr\u0131m\u0131z ne olursa olsun (ister tarihsel olarak de\u011ferlendirilsin, ister gelecek i\u00e7in m\u00fccadele verilsin), her durumda her gereci insanla birlikte g\u00f6rmemiz, her aleti m\u00fcze dolab\u0131ndan \u00e7\u0131karmam\u0131z gerekir.\u201dtarz konusundaki tavr\u0131m\u0131z ne olursa olsun (ister tarihsel olarak de\u011ferlendirilsin, ister gelecek i\u00e7in m\u00fccadele verilsin), her durumda her gereci insanla birlikte g\u00f6rmemiz, her aleti m\u00fcze dolab\u0131ndan \u00e7\u0131karmam\u0131z gerekir.\u201d<\/p>\n","protected":false},"excerpt":{"rendered":"<p>\u201cMimarl\u0131\u011f\u0131n hedefi, ya\u015fama en kusursuz bi\u00e7imde uyum sa\u011flamakt\u0131r. \u00dcstesinden gelmek zorunda oldu\u011fu erkse cans\u0131z olan\u0131n, kat\u0131 olan\u0131n, \u00f6l\u00fc olan\u0131n erkidir.\u201d \u201cBir evin i\u00e7i dar ve karanl\u0131ksa,<span class=\"excerpt-hellip\"> [\u2026]<\/span><\/p>\n","protected":false},"featured_media":0,"template":"","meta":{"_monsterinsights_skip_tracking":false,"_monsterinsights_sitenote_active":false,"_monsterinsights_sitenote_note":"","_monsterinsights_sitenote_category":0},"product_brand":[],"product_cat":[13512,12408],"product_tag":[],"class_list":{"0":"post-780497","1":"product","2":"type-product","3":"status-publish","5":"product_cat-mimarlik","6":"product_cat-sanat","7":"pa_cilt-ciltsiz","8":"pa_tur-kitap","9":"pa_yayinevi-janus","10":"pa_yazar-adolf-behne","12":"first","13":"instock","14":"sale","15":"shipping-taxable","16":"purchasable","17":"product-type-simple"},"_links":{"self":[{"href":"https:\/\/roveyayinevi.com.tr\/index.php\/wp-json\/wp\/v2\/product\/780497","targetHints":{"allow":["GET"]}}],"collection":[{"href":"https:\/\/roveyayinevi.com.tr\/index.php\/wp-json\/wp\/v2\/product"}],"about":[{"href":"https:\/\/roveyayinevi.com.tr\/index.php\/wp-json\/wp\/v2\/types\/product"}],"wp:attachment":[{"href":"https:\/\/roveyayinevi.com.tr\/index.php\/wp-json\/wp\/v2\/media?parent=780497"}],"wp:term":[{"taxonomy":"product_brand","embeddable":true,"href":"https:\/\/roveyayinevi.com.tr\/index.php\/wp-json\/wp\/v2\/product_brand?post=780497"},{"taxonomy":"product_cat","embeddable":true,"href":"https:\/\/roveyayinevi.com.tr\/index.php\/wp-json\/wp\/v2\/product_cat?post=780497"},{"taxonomy":"product_tag","embeddable":true,"href":"https:\/\/roveyayinevi.com.tr\/index.php\/wp-json\/wp\/v2\/product_tag?post=780497"}],"curies":[{"name":"wp","href":"https:\/\/api.w.org\/{rel}","templated":true}]}}