{"id":780494,"date":"2026-01-20T02:46:11","date_gmt":"2026-01-19T23:46:11","guid":{"rendered":"https:\/\/roveyayinevi.com.tr\/index.php\/urun\/turk-egitim-tarihi-2\/"},"modified":"2026-04-16T02:25:08","modified_gmt":"2026-04-15T23:25:08","slug":"turk-egitim-tarihi-2","status":"publish","type":"product","link":"https:\/\/roveyayinevi.com.tr\/index.php\/urun\/turk-egitim-tarihi-2\/","title":{"rendered":"T\u00fcrk E\u011fitim Tarihi"},"content":{"rendered":"<p>Bu \u00e7al\u0131\u015fma, \u201cE\u011fitimin Sosyal ve Tarihi Temelleri (ESTT) Anabilim Dal\u0131\u201dna vakfedilen uzun y\u0131llar\u0131n tecr\u00fcbe ve birikiminin bir \u00fcr\u00fcn\u00fcd\u00fcr. E\u011fitimi, Tarih, Felsefe ve Sosyoloji disiplinlerinin tecr\u00fcbe ve tahlil denemesine uygun h\u00e2le getiren bu alan, e\u011fitim bilimlerinin \u00f6zel bir alan\u0131 olarak bu yap\u0131 ve i\u015fleviyle disiplinler aras\u0131 \u00e7al\u0131\u015fman\u0131n da T\u00fcrk \u00fcniversitelerinde kadim bir \u00f6rne\u011fini te\u015fkil eder. B\u00f6yle bir akademik tecr\u00fcbe ile e\u011fitimi ve e\u011fitim olgusunu say\u0131sal d\u00fczlemde anlama ve a\u00e7\u0131klama gibi tek boyutlu, indirgemeci ve \u00f6yk\u00fcnmeci giri\u015fimler yerine sosyolojik ve k\u00fclt\u00fcrel ba\u011flam\u0131 esas alan eklektik ve yorumcu bir yakla\u015f\u0131m denenmektedir. T\u00fcrk E\u011fitim Tarihi, bu t\u00fcr bir akademik hareketlilik alan\u0131na \u00e7ok zengin bir malzeme sunmaktad\u0131r.Bu kitap, T\u00fcrk e\u011fitim hayat\u0131n\u0131n tarihsel ba\u011flamda ortaya \u00e7\u0131kan zengin tecr\u00fcbe ve birikiminde pay sahibi olan temel unsurlar\u0131n\u0131, kurum ve kurulu\u015flar\u0131; m\u00fctefekkir ve ayd\u0131nlar\u0131; T\u00fcrk e\u011fitim d\u00fc\u015f\u00fcnce ve gelene\u011fini ESTT ekseninde inceleyen ve takdim eden bir \u00e7al\u0131\u015fmad\u0131r. Tarihte ve T\u00fcrk E\u011fitim Tarihi\u2019nde Ara\u015ft\u0131rma Y\u00f6ntem ve Teknikleri, T\u00fcrk E\u011fitiminin Karakteristik D\u00f6nemleri ve Geli\u015fme E\u011filimleri, T\u00fcrk E\u011fitiminin \u00d6nc\u00fc ve Bilge \u015eahsiyetleri, Cumhuriyet \u00f6ncesinde \u00dcniversite (Dar\u00fclf\u00fcnun) Giri\u015fimleri, T\u00fcrk D\u00fcnyas\u0131 E\u011fitim Birli\u011fi, Bilimin Co\u011frafi Hareketlilik Kabiliyetinde T\u00fcrklerin Yeri, Kad\u0131n E\u011fitiminin Tarihsel Geli\u015fimi gibi konular bu kitab\u0131n \u00f6zg\u00fcn b\u00f6l\u00fcmleri olarak \u00f6ne \u00e7\u0131kmaktad\u0131r.<\/p>\n","protected":false},"excerpt":{"rendered":"<p>Bu \u00e7al\u0131\u015fma, \u201cE\u011fitimin Sosyal ve Tarihi Temelleri (ESTT) Anabilim Dal\u0131\u201dna vakfedilen uzun y\u0131llar\u0131n tecr\u00fcbe ve birikiminin bir \u00fcr\u00fcn\u00fcd\u00fcr. E\u011fitimi, Tarih, Felsefe ve Sosyoloji disiplinlerinin tecr\u00fcbe ve<span class=\"excerpt-hellip\"> [\u2026]<\/span><\/p>\n","protected":false},"featured_media":0,"template":"","meta":{"_monsterinsights_skip_tracking":false,"_monsterinsights_sitenote_active":false,"_monsterinsights_sitenote_note":"","_monsterinsights_sitenote_category":0},"product_brand":[],"product_cat":[12312,12304],"product_tag":[],"class_list":{"0":"post-780494","1":"product","2":"type-product","3":"status-publish","5":"product_cat-diger","6":"product_cat-tarih","7":"pa_cilt-ciltsiz","8":"pa_tur-kitap","9":"pa_yayinevi-nobel-akademik-yayincilik","10":"pa_yazar-ismail-dogan","12":"first","13":"instock","14":"sale","15":"shipping-taxable","16":"purchasable","17":"product-type-simple"},"_links":{"self":[{"href":"https:\/\/roveyayinevi.com.tr\/index.php\/wp-json\/wp\/v2\/product\/780494","targetHints":{"allow":["GET"]}}],"collection":[{"href":"https:\/\/roveyayinevi.com.tr\/index.php\/wp-json\/wp\/v2\/product"}],"about":[{"href":"https:\/\/roveyayinevi.com.tr\/index.php\/wp-json\/wp\/v2\/types\/product"}],"wp:attachment":[{"href":"https:\/\/roveyayinevi.com.tr\/index.php\/wp-json\/wp\/v2\/media?parent=780494"}],"wp:term":[{"taxonomy":"product_brand","embeddable":true,"href":"https:\/\/roveyayinevi.com.tr\/index.php\/wp-json\/wp\/v2\/product_brand?post=780494"},{"taxonomy":"product_cat","embeddable":true,"href":"https:\/\/roveyayinevi.com.tr\/index.php\/wp-json\/wp\/v2\/product_cat?post=780494"},{"taxonomy":"product_tag","embeddable":true,"href":"https:\/\/roveyayinevi.com.tr\/index.php\/wp-json\/wp\/v2\/product_tag?post=780494"}],"curies":[{"name":"wp","href":"https:\/\/api.w.org\/{rel}","templated":true}]}}