{"id":780493,"date":"2026-01-20T02:45:13","date_gmt":"2026-01-19T23:45:13","guid":{"rendered":"https:\/\/roveyayinevi.com.tr\/index.php\/urun\/duyu-ve-alginin-temelleri\/"},"modified":"2026-04-16T02:24:41","modified_gmt":"2026-04-15T23:24:41","slug":"duyu-ve-alginin-temelleri","status":"publish","type":"product","link":"https:\/\/roveyayinevi.com.tr\/index.php\/urun\/duyu-ve-alginin-temelleri\/","title":{"rendered":"Duyu ve Alg\u0131n\u0131n Temelleri"},"content":{"rendered":"<p>Duyu ve alg\u0131n\u0131n temelleri kitab\u0131n\u0131n 2. bask\u0131s\u0131 duyular\u0131n fizyolojisi ve psikolojisi konular\u0131nda \u00e7ok eri\u015filebilir ve ilgi \u00e7ekici bir \u015fekilde sa\u011flam bir temel sunar. Temel ve ileri d\u00fczey kurslar i\u00e7in m\u00fckemmel bir se\u00e7imdir ve herkes i\u00e7in bir referans kaynak olarak hizmet edecek geni\u015flik ve derinli\u011fe sahiptir.Patrick Cavanagh, Universite Paris Descartes, France, and Harvard University, USAMather, \u201cger\u00e7ek d\u00fcnya\u201dn\u0131n bir\u00e7ok \u00f6rne\u011fini kullanarak, hem yeni hem de klasik deneysel bulgulara kapsaml\u0131 bir genel bak\u0131\u015f a\u00e7\u0131s\u0131 sunarak duyu ve alg\u0131 konusunu hayata ge\u00e7irmenin m\u00fckemmel bir i\u015fini yap\u0131yor. Konuya yeni giren \u00f6\u011frenciler i\u00e7in kitap \u015fiddetle tavsiye edilir.Dr Jamie Ward, University of Sussex, UKBu, neyin sezildi\u011fini ve neyin neden oldu\u011funu a\u00e7\u0131k bir \u015fekilde tasvir eden be\u015f duyudan olu\u015fan eksiksiz bir kapsama sahip m\u00fckemmel bir kitapt\u0131r. Kitab\u0131n her b\u00f6l\u00fcm\u00fcn sonunda anahtar terimleri ve m\u00fckemmel \u00f6\u011freticileri tan\u0131mlayan kullan\u0131\u015fl\u0131 kutular vard\u0131r, b\u00f6ylece \u00f6\u011frenciler konuyla aktif olarak ilgilenebilirler.Professor Iain D. Gilchrist, University of Bristol, UKGeorge Mather yine yapt\u0131! Alg\u0131 \u00f6\u011frencileri bu ikinci bask\u0131 ile daha da mutlu olacaklar, \u00f6zellikle \u015fu anda son derece aktif olan iki ara\u015ft\u0131rma alan\u0131nda en geli\u015fmi\u015f b\u00f6l\u00fcmleri i\u00e7erdi\u011fi i\u00e7in: \u00e7ok sesli i\u015fleme ve sinestezi. Ayr\u0131ca, ger\u00e7ek ve yapay d\u00fcnyay\u0131 alg\u0131lamada duyular\u0131m\u0131z\u0131n temel rol\u00fcn\u00fc \u00f6\u011frenmek isteyen herkes i\u00e7in m\u00fckemmel bir kaynak oldu\u011funu kan\u0131tlayacakt\u0131r.Professor Frans Verstraten, Helmholtz Institute, Utrecht University, The NetherlandsDi\u011fer alg\u0131 ders kitaplar\u0131ndan farkl\u0131 olarak bu kitap; ya\u015f, cinsiyet, uzmanl\u0131k ve k\u00fclt\u00fcr gibi potansiyel farkl\u0131l\u0131k kaynaklar\u0131n\u0131 dikkate alan bireysel farkl\u0131l\u0131klar \u00fczerine bir b\u00fct\u00fcnl\u00fc\u011fe sahiptir. Bu tam renkli 2. bas\u0131m, a\u015fa\u011f\u0131dakileri i\u00e7erecek \u015fekilde g\u00f6zden ge\u00e7irildi ve g\u00fcncellendi:Tad\u0131 i\u015fleme ve alg\u0131lama, dokunma alg\u0131s\u0131, perde alg\u0131s\u0131 ve al\u0131c\u0131 alan modellemesinin g\u00f6zden ge\u00e7irilmi\u015f ve geni\u015fletilmi\u015f kapsam\u0131, s\u00f6zc\u00fck alg\u0131s\u0131, etki sonras\u0131 boyut, kalabal\u0131kla\u015fma, sahne alg\u0131s\u0131 ve optik ak\u0131\u015f ile ilgili yeni b\u00f6l\u00fcmler, alg\u0131daki dikkat \u00e7ekici etkiler \u00fczerine yeni bir \u00f6\u011fretici ile, \u00e7ok duyusal i\u015fleme ve sinestezi i\u00e7in ayr\u0131lm\u0131\u015f tamamen yeni bir b\u00f6l\u00fcm, sanat\u00e7\u0131larda g\u00f6rsel disfonksiyon \u00fczerine yeni bir \u00f6\u011fretici.Elinizdeki bu de\u011ferli eser; anahtar terimler, b\u00f6l\u00fcm \u00f6zetleri ve \u00f6\u011frenci ve e\u011fitmen yard\u0131mc\u0131 kaynaklar\u0131 gibi bir dizi faydal\u0131 ders kitab\u0131 \u00f6zelli\u011fini i\u00e7ermektedir. Ayr\u0131ca, her b\u00f6l\u00fcmde, \u00f6\u011frencilerin yeni veya tart\u0131\u015fmal\u0131 geli\u015fmeler hakk\u0131nda ek bilgileri ara\u015ft\u0131rarak \u00e7al\u0131\u015fmalar\u0131n\u0131 ilerletmeleri i\u00e7in bir f\u0131rsat sunan \u2019\u00f6\u011fretici\u2019 b\u00f6l\u00fcmleri de vard\u0131r. Ayr\u0131ca, orijinal kaynak materyaline 700\u2019den fazla referans, ilgili okuyucuyu uzman literat\u00fcre y\u00f6nlendirmektedir.Duyu ve Alg\u0131n\u0131n Temelleri, \u00f6\u011frencilere alg\u0131sal deneyimlerimizin, d\u00fcnyan\u0131n fiziksel \u00f6zellikleri ve beynin biyolojik \u00f6zellikleri ile nas\u0131l ba\u011flant\u0131l\u0131 oldu\u011fu ile ilgili ayr\u0131nt\u0131l\u0131 bir analiz sa\u011flar. Psikoloji, fizyoloji ve n\u00f6roloji alan\u0131nda \u00e7al\u0131\u015fanlar i\u00e7in paha bi\u00e7ilemez bir kaynak olacak ve okuyucunun d\u00fcnya alg\u0131m\u0131z\u0131 temel alan karma\u015f\u0131k s\u00fcre\u00e7lere dair g\u00fcncel bir kavray\u0131\u015f elde etmesini sa\u011flayacakt\u0131r.<\/p>\n","protected":false},"excerpt":{"rendered":"<p>Duyu ve alg\u0131n\u0131n temelleri kitab\u0131n\u0131n 2. bask\u0131s\u0131 duyular\u0131n fizyolojisi ve psikolojisi konular\u0131nda \u00e7ok eri\u015filebilir ve ilgi \u00e7ekici bir \u015fekilde sa\u011flam bir temel sunar. Temel ve ileri<span class=\"excerpt-hellip\"> [\u2026]<\/span><\/p>\n","protected":false},"featured_media":0,"template":"","meta":{"_monsterinsights_skip_tracking":false,"_monsterinsights_sitenote_active":false,"_monsterinsights_sitenote_note":"","_monsterinsights_sitenote_category":0},"product_brand":[],"product_cat":[12755,12357],"product_tag":[],"class_list":{"0":"post-780493","1":"product","2":"type-product","3":"status-publish","5":"product_cat-gelisim-psikolojisi","6":"product_cat-psikoloji","7":"pa_cilt-ciltsiz","8":"pa_tur-kitap","9":"pa_yayinevi-nobel-akademik-yayincilik","10":"pa_yazar-george-mather","12":"first","13":"instock","14":"sale","15":"shipping-taxable","16":"purchasable","17":"product-type-simple"},"_links":{"self":[{"href":"https:\/\/roveyayinevi.com.tr\/index.php\/wp-json\/wp\/v2\/product\/780493","targetHints":{"allow":["GET"]}}],"collection":[{"href":"https:\/\/roveyayinevi.com.tr\/index.php\/wp-json\/wp\/v2\/product"}],"about":[{"href":"https:\/\/roveyayinevi.com.tr\/index.php\/wp-json\/wp\/v2\/types\/product"}],"wp:attachment":[{"href":"https:\/\/roveyayinevi.com.tr\/index.php\/wp-json\/wp\/v2\/media?parent=780493"}],"wp:term":[{"taxonomy":"product_brand","embeddable":true,"href":"https:\/\/roveyayinevi.com.tr\/index.php\/wp-json\/wp\/v2\/product_brand?post=780493"},{"taxonomy":"product_cat","embeddable":true,"href":"https:\/\/roveyayinevi.com.tr\/index.php\/wp-json\/wp\/v2\/product_cat?post=780493"},{"taxonomy":"product_tag","embeddable":true,"href":"https:\/\/roveyayinevi.com.tr\/index.php\/wp-json\/wp\/v2\/product_tag?post=780493"}],"curies":[{"name":"wp","href":"https:\/\/api.w.org\/{rel}","templated":true}]}}