{"id":780485,"date":"2026-01-20T02:44:07","date_gmt":"2026-01-19T23:44:07","guid":{"rendered":"https:\/\/roveyayinevi.com.tr\/index.php\/urun\/caliskan-ciftlik-araclarim-tekerlekler-is-basinda\/"},"modified":"2026-04-16T02:24:28","modified_gmt":"2026-04-15T23:24:28","slug":"caliskan-ciftlik-araclarim-tekerlekler-is-basinda","status":"publish","type":"product","link":"https:\/\/roveyayinevi.com.tr\/index.php\/urun\/caliskan-ciftlik-araclarim-tekerlekler-is-basinda\/","title":{"rendered":"\u00c7al\u0131\u015fkan \u00c7iftlik Ara\u00e7lar\u0131m &#8211; Tekerlekler \u0130\u015f Ba\u015f\u0131nda"},"content":{"rendered":"<p>\u00c7iftlik ara\u00e7lar\u0131n\u0131n hareketli d\u00fcnyas\u0131nda bir yolculu\u011fa \u00e7\u0131kmaya ne dersin? Trakt\u00f6r, r\u00f6mork, bi\u00e7erd\u00f6ver, saman balyas\u0131 makinesi, s\u00fct kamyonu ve daha fazlas\u0131 bu kitaplarda. Haydi se\u00e7ti\u011fin arac\u0131 s\u00fcr, tekerlekleri \u00f6zg\u00fcrce d\u00f6nd\u00fcr!<\/p>\n","protected":false},"excerpt":{"rendered":"<p>\u00c7iftlik ara\u00e7lar\u0131n\u0131n hareketli d\u00fcnyas\u0131nda bir yolculu\u011fa \u00e7\u0131kmaya ne dersin? Trakt\u00f6r, r\u00f6mork, bi\u00e7erd\u00f6ver, saman balyas\u0131 makinesi, s\u00fct kamyonu ve daha fazlas\u0131 bu kitaplarda. Haydi se\u00e7ti\u011fin arac\u0131 s\u00fcr,<span class=\"excerpt-hellip\"> [\u2026]<\/span><\/p>\n","protected":false},"featured_media":0,"template":"","meta":{"_monsterinsights_skip_tracking":false,"_monsterinsights_sitenote_active":false,"_monsterinsights_sitenote_note":"","_monsterinsights_sitenote_category":0},"product_brand":[],"product_cat":[12274,24599],"product_tag":[],"class_list":{"0":"post-780485","1":"product","2":"type-product","3":"status-publish","5":"product_cat-cocuk-ve-genclik-kitaplari","6":"product_cat-zeka-gelisimi","7":"pa_cilt-ciltsiz","8":"pa_tur-kitap","9":"pa_yayinevi-sincap-kitap","10":"pa_yazar-kollektif","12":"first","13":"instock","14":"sale","15":"shipping-taxable","16":"purchasable","17":"product-type-simple"},"_links":{"self":[{"href":"https:\/\/roveyayinevi.com.tr\/index.php\/wp-json\/wp\/v2\/product\/780485","targetHints":{"allow":["GET"]}}],"collection":[{"href":"https:\/\/roveyayinevi.com.tr\/index.php\/wp-json\/wp\/v2\/product"}],"about":[{"href":"https:\/\/roveyayinevi.com.tr\/index.php\/wp-json\/wp\/v2\/types\/product"}],"wp:attachment":[{"href":"https:\/\/roveyayinevi.com.tr\/index.php\/wp-json\/wp\/v2\/media?parent=780485"}],"wp:term":[{"taxonomy":"product_brand","embeddable":true,"href":"https:\/\/roveyayinevi.com.tr\/index.php\/wp-json\/wp\/v2\/product_brand?post=780485"},{"taxonomy":"product_cat","embeddable":true,"href":"https:\/\/roveyayinevi.com.tr\/index.php\/wp-json\/wp\/v2\/product_cat?post=780485"},{"taxonomy":"product_tag","embeddable":true,"href":"https:\/\/roveyayinevi.com.tr\/index.php\/wp-json\/wp\/v2\/product_tag?post=780485"}],"curies":[{"name":"wp","href":"https:\/\/api.w.org\/{rel}","templated":true}]}}